{"id":3432,"date":"2024-01-10T13:58:54","date_gmt":"2024-01-10T12:58:54","guid":{"rendered":"https:\/\/econfloorpolska.com\/scarica\/"},"modified":"2026-04-13T19:08:47","modified_gmt":"2026-04-13T17:08:47","slug":"scarica","status":"publish","type":"page","link":"https:\/\/econfloorpolska.com\/it\/scarica\/","title":{"rendered":"Scarica"},"content":{"rendered":"<div class=\"wpb-content-wrapper\"><p>[vc_row][vc_column][vc_tta_accordion title_tag=&#8221;h4&#8243; style=&#8221;modern&#8221; color=&#8221;white&#8221; active_section=&#8221;&#8221; collapsible_all=&#8221;true&#8221; el_class=&#8221;c-download&#8221;][vc_tta_section title=&#8221;Pannelli in vinile&#8221; tab_id=&#8221;1738577931785-fea86920-cb04&#8243;][vc_column_text css=&#8221;&#8221; woodmart_inline=&#8221;no&#8221; text_larger=&#8221;no&#8221;]<strong>Schede prodotto<\/strong><\/p>\n<ul>\n<li><a href=\"https:\/\/econfloorpolska.com\/wp-content\/uploads\/2025\/09\/Karta-danych-produktu-Herringbone-55.pdf\">Scheda tecnica del prodotto Herringbone 55 IT<\/a><\/li>\n<li><a href=\"https:\/\/econfloorpolska.com\/wp-content\/uploads\/2025\/09\/Product-Data-Sheet-Herringbone-55.pdf\">Scheda prodotto Spina di pesce 55<\/a><\/li>\n<li><a href=\"https:\/\/econfloorpolska.com\/wp-content\/uploads\/2025\/09\/Produktdatenblatt-Herringbone-55.pdf\">Scheda tecnica a spina di pesce 55<\/a><\/li>\n<li><a href=\"https:\/\/econfloorpolska.com\/wp-content\/uploads\/2025\/09\/Karta-danych-produktu-La-Boheme-55.pdf\">Scheda prodotto La Boheme 55<\/a><\/li>\n<li><a href=\"https:\/\/econfloorpolska.com\/wp-content\/uploads\/2025\/09\/Product-Data-Sheet-La-Boheme-55.pdf\">Scheda prodotto La Boheme 55<\/a><\/li>\n<li><a href=\"https:\/\/econfloorpolska.com\/wp-content\/uploads\/2025\/09\/Produktdatenblatt-La-Boheme-55.pdf\">Scheda prodotto La Boheme 55<\/a><\/li>\n<li><a href=\"https:\/\/econfloorpolska.com\/wp-content\/uploads\/2025\/09\/Karta-danych-produktu-La-Villi-65.pdf\">Scheda prodotto La Villi 65<\/a><\/li>\n<li><a href=\"https:\/\/econfloorpolska.com\/wp-content\/uploads\/2025\/09\/Product-Data-Sheet-La-Villi-65.pdf\">Scheda prodotto La Villi 65<\/a><\/li>\n<li><a href=\"https:\/\/econfloorpolska.com\/wp-content\/uploads\/2025\/09\/Produktdatenblatt-La-Villi-65.pdf\">Scheda tecnica La Villi 65<\/a><\/li>\n<li><a href=\"https:\/\/econfloorpolska.com\/wp-content\/uploads\/2025\/09\/Product-Data-Sheet-Big-Size-70.pdf\">Scheda prodotto Grandezza 70<\/a><\/li>\n<li><a href=\"https:\/\/econfloorpolska.com\/wp-content\/uploads\/2025\/09\/Produktdatenblatt-Big-Size-70.pdf\">Scheda prodotto Taglia Grande 70<\/a><\/li>\n<li><a href=\"https:\/\/econfloorpolska.com\/wp-content\/uploads\/2025\/09\/Karta-danych-produktu-Big-Size-70.pdf\">Scheda tecnica del prodotto Big Size 70<\/a><\/li>\n<li><a href=\"https:\/\/econfloorpolska.com\/wp-content\/uploads\/2026\/01\/Technical-Data-Sheet-Middle-East-Africa.pdf\">Dati tecnici laminato Collezione Medio Oriente e Africa<\/a><\/li>\n<\/ul>\n<p><strong>Cataloghi<\/strong><\/p>\n<ul>\n<li class=\"li1\"><span class=\"s1\"><a href=\"https:\/\/econfloorpolska.com\/wp-content\/uploads\/2026\/02\/Katalog-PL-2026.pdf\"><span class=\"s2\">PL KATALOG + AKCESORIA<\/span><\/a><\/span><\/li>\n<li class=\"li1\"><span class=\"s1\"><a href=\"https:\/\/econfloorpolska.com\/wp-content\/uploads\/2026\/02\/Katalog-DE-2026-1.pdf\"><span class=\"s2\">DE KATALOG + ZUBEH\u00d6R<\/span><\/a><\/span><\/li>\n<li><a href=\"https:\/\/econfloorpolska.com\/wp-content\/uploads\/2026\/02\/Katalog-CZ-2026.pdf\">CZ KATALOG + P\u0158\u00cdSLU\u0160ENSTV\u00cd<\/a><\/li>\n<li><a href=\"https:\/\/econfloorpolska.com\/wp-content\/uploads\/2026\/02\/Katalog-SK-2026.pdf\">SK KATAL\u00d3G + PR\u00cdSLU\u0160ENSTVO<\/a><\/li>\n<li class=\"li1\"><span class=\"s1\"><a href=\"https:\/\/econfloorpolska.com\/wp-content\/uploads\/2026\/01\/Katalog-EN-2026-1.pdf\"><span class=\"s2\">ENG CATALOG + ACCESSORIES<\/span><\/a><\/span><\/li>\n<li class=\"li1\"><span class=\"s1\"><a href=\"https:\/\/econfloorpolska.com\/wp-content\/uploads\/2025\/09\/FR-CatalogueACCESSOIRES-1.pdf\"><span class=\"s2\">FR CATALOGUE + ACCESSOIRES<\/span><\/a><\/span><\/li>\n<li class=\"li1\"><span class=\"s1\"><a href=\"https:\/\/econfloorpolska.com\/wp-content\/uploads\/2025\/09\/Hu-KatalogACCESSORIES-2025.pdf\"><span class=\"s2\">HU KATAL\u00d3GUS + TARTOZ\u00c9KOK<\/span><\/a><\/span><\/li>\n<li class=\"li1\"><span class=\"s1\"><a href=\"https:\/\/econfloorpolska.com\/wp-content\/uploads\/2025\/09\/RO-KatalogACCESSORIES.pdf\"><span class=\"s2\">RO CATALOG + ACCESORII<\/span><\/a><\/span><\/li>\n<li class=\"li1\"><span class=\"s1\"><a href=\"https:\/\/econfloorpolska.com\/wp-content\/uploads\/2026\/01\/Katalog-IT-2026.pdf\"><span class=\"s2\">IT CATALOGO + ACCESSORI<\/span><\/a><\/span><\/li>\n<\/ul>\n<p><strong>Istruzioni<\/strong><\/p>\n<ul>\n<li><a href=\"https:\/\/econfloorpolska.com\/wp-content\/uploads\/2025\/09\/Instrukcje-ukladania-2GUnilin-Pushdown-SPC-PANELE-WINYLOWE.pdf\">Istruzioni per la posa dei pannelli in vinile 2GUnilin-Pushdown SPC<\/a><\/li>\n<li><a href=\"https:\/\/econfloorpolska.com\/wp-content\/uploads\/2025\/09\/Installation-Guide-Herringbone-SPC-Vinyl-Floors-ENG.pdf\">Guida all&#8217;installazione Pavimenti Vinilici SPC a spina di pesce ENG<\/a><\/li>\n<li><a href=\"https:\/\/econfloorpolska.com\/wp-content\/uploads\/2025\/09\/Installation-Guide-2G-Unilin-Pushdown-SPC-VINYL-FLOORS-ENG.pdf\">Guida all&#8217;installazione 2G-Unilin Pushdown SPC VINYL FLOORS ENG<\/a><\/li>\n<li><a href=\"https:\/\/econfloorpolska.com\/wp-content\/uploads\/2025\/09\/Verlegeanleitung-2G-Unilin-Pushdown-SPC-VINYL.pdf\">Verlegeanleitung 2G-Unilin Pushdown SPC VINYL<\/a><\/li>\n<li><a href=\"https:\/\/econfloorpolska.com\/wp-content\/uploads\/2025\/09\/HU-Szerelesi-utmutato-halszalka-Herringbone-SPC-Vinyl-HU.pdf\">HU&#8211;Szerel\u00e9si \u00fatmutat\u00f3 halsz\u00e1lka (spina di pesce) SPC Vinyl HU<\/a><\/li>\n<li><a href=\"https:\/\/econfloorpolska.com\/wp-content\/uploads\/2025\/09\/Verlegeanleitung-Fischgrat-Herringbone-2607-H-SPC-Vinyl-DE.pdf\">Verlegeanleitung Fischgr\u00e4t (Herringbone), 2607 H SPC Vinyl DE<\/a><\/li>\n<li><a href=\"https:\/\/econfloorpolska.com\/wp-content\/uploads\/2025\/10\/Guida-allinstallazione-SPC-Standard.pdf\">Guida all&#8217;installazione SPC Standard<\/a><\/li>\n<li><a href=\"https:\/\/econfloorpolska.com\/wp-content\/uploads\/2025\/10\/Guide-dinstallation-SPC-Standard-FR.pdf\">Guide d&#8217;installation SPC Standard &#8211; FR<\/a><\/li>\n<li><a href=\"https:\/\/econfloorpolska.com\/wp-content\/uploads\/2025\/10\/Instalacna-prirucka-SPC-Standard.pdf\">In\u0161tala\u010dn\u00e1 pr\u00edru\u010dka SPC Standard<\/a><\/li>\n<li><a href=\"https:\/\/econfloorpolska.com\/wp-content\/uploads\/2025\/10\/Instalacna-prirucka-Vinylove-podlahy-Herringbone-2G-SPC-SK.pdf\">In\u0161tala\u010dn\u00e1 pr\u00edru\u010dka Vinylov\u00e9 podlahy Herringbone 2G SPC SK<\/a><\/li>\n<li><a href=\"https:\/\/econfloorpolska.com\/wp-content\/uploads\/2025\/10\/Ghid-de-instalare-SPC-Standard-RO.pdf\">Ghid de instalare SPC Standard-RO<\/a><\/li>\n<li><a href=\"https:\/\/econfloorpolska.com\/wp-content\/uploads\/2025\/10\/Guida-allinstallazione-Herringbone-IT.pdf\">Guida all&#8217;installazione Herringbone &#8211; IT<\/a><\/li>\n<li><a href=\"https:\/\/econfloorpolska.com\/wp-content\/uploads\/2025\/10\/Guide-dinstallation-Herringbone-FR.pdf\">Guide d&#8217;installation Herringbone FR<\/a><\/li>\n<li><a href=\"https:\/\/econfloorpolska.com\/wp-content\/uploads\/2025\/10\/Instalacna-prirucka-Herringbone-SK.pdf\">In\u0161tala\u010dn\u00e1 pr\u00edru\u010dka Herringbone &#8211; SK<\/a><\/li>\n<li><a href=\"https:\/\/econfloorpolska.com\/wp-content\/uploads\/2025\/10\/Ghid-de-instalare-Herringbone-RO.pdf\">Ghid de instalare Herringbone &#8211; RO<\/a><\/li>\n<\/ul>\n<p><strong>Certificati<\/strong><\/p>\n<ul>\n<li><a href=\"https:\/\/econfloorpolska.com\/wp-content\/uploads\/2025\/02\/CE_Certificate_SPC08012020.pdf\">CE_Certificate_SPC08012020<\/a><\/li>\n<li><a href=\"https:\/\/econfloorpolska.com\/wp-content\/uploads\/2025\/02\/Warranty_Certificate_econfloor-polska-Sp.z.o.o.pdf\">Garanzia_Certificato_econfloor polska Sp.z.o.o<\/a><\/li>\n<\/ul>\n<p><strong>Schede di garanzia<\/strong><\/p>\n<ul>\n<li><a href=\"https:\/\/econfloorpolska.com\/wp-content\/uploads\/2025\/02\/econfloorPolska_guaranteeCard.pdf\">econfloorPoland_guaranteeCard<\/a><\/li>\n<\/ul>\n<p>[\/vc_column_text][\/vc_tta_section][vc_tta_section title=&#8221;Pannelli del pavimento&#8221; tab_id=&#8221;1738577931799-6209f281-075f&#8221;][vc_column_text css=&#8221;&#8221; woodmart_inline=&#8221;no&#8221; text_larger=&#8221;no&#8221;]<\/p>\n<ul>\n<li><a href=\"\/wp-content\/uploads\/2025\/04\/Laminatfusboden.pdf\">Laminatfu\u00dfb\u00f6den DE<\/a><\/li>\n<li><a href=\"\/wp-content\/uploads\/2025\/04\/Panele-laminowane.pdf\">Pannelli in laminato IT<\/a><\/li>\n<li><a href=\"\/wp-content\/uploads\/2025\/04\/Laminated-flooring.pdf\">Pavimento laminato ENG<\/a><\/li>\n<li><a href=\"https:\/\/econfloorpolska.com\/wp-content\/uploads\/2026\/01\/Catalog-Middle-East_Africa.pdf-1.pdf\">Middle East Laminate Collection ENG<\/a><\/li>\n<li><a href=\"\/wp-content\/uploads\/2025\/02\/Fold_Down_Verlegung_GB_Flooring_Collection_2023-ENG.pdf\">Pavimento pieghevole_Verlegung_GB_Flooring<\/a><\/li>\n<li><a href=\"\/wp-content\/uploads\/2025\/02\/Produktdatenblatt-econfloor-Laminate-flooring-Standard.pdf\">Scheda prodotto econfloor Pavimento in laminato Standard<\/a><\/li>\n<li><a href=\"\/wp-content\/uploads\/2025\/02\/Angle_Angle_Verlegung_DE_Flooring_Collection_2023-DE.pdf\">Angle_Angle_Verlegung_DE_Flooring_Collection_2023 DE<\/a><\/li>\n<li><a href=\"\/wp-content\/uploads\/2025\/02\/Angle_Angle_Verlegung_GB_Flooring_Collection_2023-ENG.pdf\">Angle_Angle_Verlegung_GB_Flooring_Collection_2023 ENG<\/a><\/li>\n<li><a href=\"\/wp-content\/uploads\/2025\/02\/Fold_Down_Verlegung_DE_Flooring_Collection_2023-DE.pdf\">Fold_Down_Verlegung_DE_Flooring_Collection_2023 DE<\/a><\/li>\n<li><a href=\"\/wp-content\/uploads\/2025\/02\/Product-Data-Sheet-econfloor-polska-Laminate-flooring-Standard-ENG.pdf\">Scheda tecnica del prodotto econfloor polska Pavimento in laminato Standard ENG<\/a><\/li>\n<li><a href=\"\/wp-content\/uploads\/2025\/02\/Fold_Down_Verlegung_GB_Flooring_Collection_2023-ENG.pdf\">Collezione_2023 ENG<\/a><\/li>\n<li><a href=\"\/wp-content\/uploads\/2025\/02\/Product-Data-Sheet-econfloor-polska-Laminate-flooring-7.0-STANDARD-ENG.pdf\">Scheda tecnica del prodotto econfloor polska Pavimento in laminato 7.0 STANDARD ENG<\/a><\/li>\n<li><a href=\"\/wp-content\/uploads\/2025\/02\/Product-Data-Sheet-econfloor-polska-Laminate-flooring-8.0-V-GROOVE-ENG.pdf\">Scheda prodotto econfloor polska Pavimento in laminato 8.0 V-GROOVE ENG<\/a><\/li>\n<li><a href=\"\/wp-content\/uploads\/2025\/02\/Product-Data-Sheet-econfloor-polska-Laminate-flooring-8.0-V-GROOVE-HERRINGEBONE-DE.pdf\">Scheda prodotto econfloor polska Pavimento in laminato 8.0 V-GROOVE HERRINGEBONE DE<\/a><\/li>\n<li><a href=\"\/wp-content\/uploads\/2025\/02\/Product-Data-Sheet-econfloor-polska-Laminate-flooring-8.0-V-GROOVE-HERRINGEBONE-ENG.pdf\">Scheda prodotto econfloor polska Pavimento in laminato 8.0 V-GROOVE HERRINGEBONE ENG<\/a><\/li>\n<li><a href=\"\/wp-content\/uploads\/2025\/02\/Product-Data-Sheet-econfloor-polska-Laminate-flooring-8.0-V-GROOVE-HERRINGEBONE-ENG.pdf\">Scheda prodotto econfloor polska Pavimento in laminato 10.0 V-GROOVE ENG<\/a><\/li>\n<li><a href=\"https:\/\/econfloorpolska.com\/wp-content\/uploads\/2026\/01\/Technical-Data-Sheet-Middle-East-Africa.pdf\">Product Data Sheet Laminate Middle East, Africa Collection<\/a><\/li>\n<\/ul>\n<p>[\/vc_column_text][\/vc_tta_section][vc_tta_section title=&#8221;Pannelli naturali&#8221; tab_id=&#8221;1738666873561-39856c96-a7e5&#8243;][vc_column_text css=&#8221;&#8221; woodmart_inline=&#8221;no&#8221; text_larger=&#8221;no&#8221;]<strong>Schede prodotto<\/strong><\/p>\n<ul>\n<li><a href=\"https:\/\/econfloorpolska.com\/wp-content\/uploads\/2026\/04\/ENGINEERED-FLOORING-Catalog-EN.pdf\">Engineered flooring catalog, EN<\/a><\/li>\n<li><a href=\"https:\/\/econfloorpolska.com\/wp-content\/uploads\/2026\/04\/Technical-data-sheets-parquet-flooring-EN.pdf\">Engineered flooring 1 Strip Parquet, Technical data sheets, EN<\/a><\/li>\n<\/ul>\n<ul>\n<li><a href=\"https:\/\/econfloorpolska.com\/wp-content\/uploads\/2025\/02\/Elena-DE.pdf\">Elena DE<\/a><\/li>\n<li><a href=\"https:\/\/econfloorpolska.com\/wp-content\/uploads\/2025\/02\/Elena-ENG.pdf\">Elena ENG<\/a><\/li>\n<li><a href=\"https:\/\/econfloorpolska.com\/wp-content\/uploads\/2026\/04\/ECON-OAK-3-STRIPS-ELISA.pdf\">Elisa ENG<\/a><\/li>\n<li><a href=\"https:\/\/econfloorpolska.com\/wp-content\/uploads\/2025\/02\/Flipper-DE.pdf\">Flipper DE<\/a><\/li>\n<li><a href=\"https:\/\/econfloorpolska.com\/wp-content\/uploads\/2025\/02\/Flipper-ENG.pdf\">Flipper ENG<\/a><\/li>\n<li><a href=\"https:\/\/econfloorpolska.com\/wp-content\/uploads\/2025\/02\/Iris-DE.pdf\">Iris DE<\/a><\/li>\n<li><a href=\"https:\/\/econfloorpolska.com\/wp-content\/uploads\/2025\/02\/Iris-ENG.pdf\">Iris ENG<\/a><\/li>\n<li><a href=\"https:\/\/econfloorpolska.com\/wp-content\/uploads\/2025\/02\/Marlene-DE.pdf\">Marlene DE<\/a><\/li>\n<li><a href=\"https:\/\/econfloorpolska.com\/wp-content\/uploads\/2025\/02\/Marlene-ENG.pdf\">Marlene ENG<\/a><\/li>\n<li><a href=\"https:\/\/econfloorpolska.com\/wp-content\/uploads\/2025\/02\/Meg-DE.pdf\">Meg DE<\/a><\/li>\n<li><a href=\"https:\/\/econfloorpolska.com\/wp-content\/uploads\/2025\/02\/Meg-ENG.pdf\">Meg ENG<\/a><\/li>\n<li><a href=\"https:\/\/econfloorpolska.com\/wp-content\/uploads\/2025\/02\/Mia-DE.pdf\">Mia DE<\/a><\/li>\n<li><a href=\"https:\/\/econfloorpolska.com\/wp-content\/uploads\/2025\/02\/Mia-ENG.pdf\">Mia ENG<\/a><\/li>\n<li><a href=\"https:\/\/econfloorpolska.com\/wp-content\/uploads\/2025\/02\/Nemo-DE.pdf\">Nemo DE<\/a><\/li>\n<li><a href=\"https:\/\/econfloorpolska.com\/wp-content\/uploads\/2025\/02\/Nemo-ENG.pdf\">Nemo ENG<\/a><\/li>\n<li><a href=\"https:\/\/econfloorpolska.com\/wp-content\/uploads\/2025\/02\/Stella-DE.pdf\">Stella DE<\/a><\/li>\n<li><a href=\"https:\/\/econfloorpolska.com\/wp-content\/uploads\/2025\/02\/Stella-ENG.pdf\">Stella ENG<\/a><\/li>\n<li><a href=\"https:\/\/econfloorpolska.com\/wp-content\/uploads\/2025\/02\/Wanda-DE.pdf\">Wanda DE<\/a><\/li>\n<li><a href=\"https:\/\/econfloorpolska.com\/wp-content\/uploads\/2025\/02\/Wanda-ENG.pdf\">Wanda ENG<\/a><\/li>\n<li><a href=\"https:\/\/econfloorpolska.com\/wp-content\/uploads\/2025\/02\/White-Shark-DE.pdf\">Squalo Bianco DE<\/a><\/li>\n<li><a href=\"https:\/\/econfloorpolska.com\/wp-content\/uploads\/2025\/02\/White-Shark-ENG.pdf\">Squalo bianco ENG<\/a><\/li>\n<li><a href=\"https:\/\/econfloorpolska.com\/wp-content\/uploads\/2025\/02\/Willy-DE.pdf\">Willy DE<\/a><\/li>\n<li><a href=\"https:\/\/econfloorpolska.com\/wp-content\/uploads\/2025\/02\/Willy-ENG.pdf\">Willy ENG<\/a><\/li>\n<\/ul>\n<p><strong>Istruzioni<\/strong><\/p>\n<ul>\n<li><a href=\"https:\/\/econfloorpolska.com\/wp-content\/uploads\/2025\/02\/DECLARATION-FSC-1-ENG-AND-PL-SIGNED.pdf\">DICHIARAZIONE FSC 1 ENG E EN FIRMATA<\/a><\/li>\n<li><a href=\"https:\/\/econfloorpolska.com\/wp-content\/uploads\/2025\/02\/DOP-Engineered-Florring-ENG-SIGNED.pdf\">DOP Engineered Florring ENG SIGNED<\/a><\/li>\n<li><a href=\"https:\/\/econfloorpolska.com\/wp-content\/uploads\/2025\/02\/DOP-FERTIGPARKETT-DEUTSCH-SIGNED.pdf\">DOP FERTIGPARKETT DEUTSCH FIRMATO<\/a><\/li>\n<li><a href=\"https:\/\/econfloorpolska.com\/wp-content\/uploads\/2025\/02\/Why-econfloor-polska-Sp.z.o.o-ENG.pdf\">Perch\u00e9 econfloor polska Sp.z.o.o ENG<\/a><\/li>\n<li><a href=\"https:\/\/econfloorpolska.com\/wp-content\/uploads\/2025\/02\/Installation-Guide-Engineered-Flooring-econfloor-Polska-Sp.z.o.o.pdf\">Guida all&#8217;installazione dei pavimenti ingegnerizzati econfloor Polska Sp.z.o.o<\/a><\/li>\n<li><a href=\"https:\/\/econfloorpolska.com\/wp-content\/uploads\/2025\/02\/Installation-Guide-Engineered-Flooring-econfloor-Polska-Sp.z.o.o-EconfloorPL.pdf\">Guida all&#8217;installazione del pavimento ingegnerizzato econfloor Polska Sp.z.o.o-EconfloorPL<\/a><\/li>\n<li><a href=\"https:\/\/econfloorpolska.com\/wp-content\/uploads\/2025\/02\/Landhausdiele-Sortierungsubersicht-Econfloor.pdf\">Landhausdiele Sortierungs\u00fcbersicht Econfloor<\/a><\/li>\n<li><a href=\"https:\/\/econfloorpolska.com\/wp-content\/uploads\/2025\/02\/Econfloor-1-Strip-Sortierungsubersicht.pdf\">Econfloor 1 Strip Sortierungs\u00fcbersicht<\/a><\/li>\n<li><a href=\"https:\/\/econfloorpolska.com\/wp-content\/uploads\/2025\/02\/Econfloor-3-Strip-Sortierungsubersicht.pdf\">Econfloor 3 Strip Sortierungs\u00fcbersicht<\/a><\/li>\n<\/ul>\n<p>[\/vc_column_text][\/vc_tta_section][\/vc_tta_accordion][\/vc_column][\/vc_row]<\/p>\n<\/div>","protected":false},"excerpt":{"rendered":"<p>[vc_row][vc_column][vc_tta_accordion title_tag=&#8221;h4&#8243; style=&#8221;modern&#8221; color=&#8221;white&#8221; active_section=&#8221;&#8221; collapsible_all=&#8221;true&#8221; el_class=&#8221;c-download&#8221;][vc_tta_section title=&#8221;Pannelli in vinile&#8221; tab_id=&#8221;1738577931785-fea86920-cb04&#8243;][vc_column_text css=&#8221;&#8221; woodmart_inline=&#8221;no&#8221; text_larger=&#8221;no&#8221;]Schede prodotto Scheda tecnica del prodotto Herringbone<\/p>\n","protected":false},"author":1,"featured_media":0,"parent":0,"menu_order":0,"comment_status":"closed","ping_status":"closed","template":"","meta":{"_acf_changed":false,"footnotes":""},"class_list":["post-3432","page","type-page","status-publish","hentry"],"acf":[],"yoast_head":"<!-- This site is optimized with the Yoast SEO plugin v27.4 - https:\/\/yoast.com\/product\/yoast-seo-wordpress\/ -->\n<title>Scarica - ECONFLOOR Polska Sp. z o. o.<\/title>\n<meta name=\"robots\" content=\"index, follow, max-snippet:-1, max-image-preview:large, max-video-preview:-1\" \/>\n<link rel=\"canonical\" href=\"https:\/\/econfloorpolska.com\/it\/scarica\/\" \/>\n<meta property=\"og:locale\" content=\"it_IT\" \/>\n<meta property=\"og:type\" content=\"article\" \/>\n<meta property=\"og:title\" content=\"Scarica - ECONFLOOR Polska Sp. z o. o.\" \/>\n<meta property=\"og:description\" content=\"[vc_row][vc_column][vc_tta_accordion title_tag=&#8221;h4&#8243; style=&#8221;modern&#8221; color=&#8221;white&#8221; active_section=&#8221;&#8221; collapsible_all=&#8221;true&#8221; el_class=&#8221;c-download&#8221;][vc_tta_section title=&#8221;Pannelli in vinile&#8221; tab_id=&#8221;1738577931785-fea86920-cb04&#8243;][vc_column_text css=&#8221;&#8221; woodmart_inline=&#8221;no&#8221; text_larger=&#8221;no&#8221;]Schede prodotto Scheda tecnica del prodotto Herringbone\" \/>\n<meta property=\"og:url\" content=\"https:\/\/econfloorpolska.com\/it\/scarica\/\" \/>\n<meta property=\"og:site_name\" content=\"ECONFLOOR Polska Sp. z o. o.\" \/>\n<meta property=\"article:modified_time\" content=\"2026-04-13T17:08:47+00:00\" \/>\n<meta name=\"twitter:card\" content=\"summary_large_image\" \/>\n<meta name=\"twitter:label1\" content=\"Tempo di lettura stimato\" \/>\n\t<meta name=\"twitter:data1\" content=\"3 minuti\" \/>\n<script type=\"application\/ld+json\" class=\"yoast-schema-graph\">{\"@context\":\"https:\\\/\\\/schema.org\",\"@graph\":[{\"@type\":\"WebPage\",\"@id\":\"https:\\\/\\\/econfloorpolska.com\\\/it\\\/scarica\\\/\",\"url\":\"https:\\\/\\\/econfloorpolska.com\\\/it\\\/scarica\\\/\",\"name\":\"Scarica - ECONFLOOR Polska Sp. z o. o.\",\"isPartOf\":{\"@id\":\"https:\\\/\\\/econfloorpolska.com\\\/it\\\/#website\"},\"datePublished\":\"2024-01-10T12:58:54+00:00\",\"dateModified\":\"2026-04-13T17:08:47+00:00\",\"breadcrumb\":{\"@id\":\"https:\\\/\\\/econfloorpolska.com\\\/it\\\/scarica\\\/#breadcrumb\"},\"inLanguage\":\"it-IT\",\"potentialAction\":[{\"@type\":\"ReadAction\",\"target\":[\"https:\\\/\\\/econfloorpolska.com\\\/it\\\/scarica\\\/\"]}]},{\"@type\":\"BreadcrumbList\",\"@id\":\"https:\\\/\\\/econfloorpolska.com\\\/it\\\/scarica\\\/#breadcrumb\",\"itemListElement\":[{\"@type\":\"ListItem\",\"position\":1,\"name\":\"EconFloor\",\"item\":\"https:\\\/\\\/econfloorpolska.com\\\/it\\\/\"},{\"@type\":\"ListItem\",\"position\":2,\"name\":\"Scarica\"}]},{\"@type\":\"WebSite\",\"@id\":\"https:\\\/\\\/econfloorpolska.com\\\/it\\\/#website\",\"url\":\"https:\\\/\\\/econfloorpolska.com\\\/it\\\/\",\"name\":\"EconFloor Polska\",\"description\":\"\",\"publisher\":{\"@id\":\"https:\\\/\\\/econfloorpolska.com\\\/it\\\/#organization\"},\"potentialAction\":[{\"@type\":\"SearchAction\",\"target\":{\"@type\":\"EntryPoint\",\"urlTemplate\":\"https:\\\/\\\/econfloorpolska.com\\\/it\\\/?s={search_term_string}\"},\"query-input\":{\"@type\":\"PropertyValueSpecification\",\"valueRequired\":true,\"valueName\":\"search_term_string\"}}],\"inLanguage\":\"it-IT\"},{\"@type\":\"Organization\",\"@id\":\"https:\\\/\\\/econfloorpolska.com\\\/it\\\/#organization\",\"name\":\"EconFloor Polska\",\"url\":\"https:\\\/\\\/econfloorpolska.com\\\/it\\\/\",\"logo\":{\"@type\":\"ImageObject\",\"inLanguage\":\"it-IT\",\"@id\":\"https:\\\/\\\/econfloorpolska.com\\\/it\\\/#\\\/schema\\\/logo\\\/image\\\/\",\"url\":\"https:\\\/\\\/econfloorpolska.com\\\/wp-content\\\/uploads\\\/2023\\\/11\\\/logo-color_03.png\",\"contentUrl\":\"https:\\\/\\\/econfloorpolska.com\\\/wp-content\\\/uploads\\\/2023\\\/11\\\/logo-color_03.png\",\"width\":254,\"height\":58,\"caption\":\"EconFloor Polska\"},\"image\":{\"@id\":\"https:\\\/\\\/econfloorpolska.com\\\/it\\\/#\\\/schema\\\/logo\\\/image\\\/\"}}]}<\/script>\n<!-- \/ Yoast SEO plugin. -->","yoast_head_json":{"title":"Scarica - ECONFLOOR Polska Sp. z o. o.","robots":{"index":"index","follow":"follow","max-snippet":"max-snippet:-1","max-image-preview":"max-image-preview:large","max-video-preview":"max-video-preview:-1"},"canonical":"https:\/\/econfloorpolska.com\/it\/scarica\/","og_locale":"it_IT","og_type":"article","og_title":"Scarica - ECONFLOOR Polska Sp. z o. o.","og_description":"[vc_row][vc_column][vc_tta_accordion title_tag=&#8221;h4&#8243; style=&#8221;modern&#8221; color=&#8221;white&#8221; active_section=&#8221;&#8221; collapsible_all=&#8221;true&#8221; el_class=&#8221;c-download&#8221;][vc_tta_section title=&#8221;Pannelli in vinile&#8221; tab_id=&#8221;1738577931785-fea86920-cb04&#8243;][vc_column_text css=&#8221;&#8221; woodmart_inline=&#8221;no&#8221; text_larger=&#8221;no&#8221;]Schede prodotto Scheda tecnica del prodotto Herringbone","og_url":"https:\/\/econfloorpolska.com\/it\/scarica\/","og_site_name":"ECONFLOOR Polska Sp. z o. o.","article_modified_time":"2026-04-13T17:08:47+00:00","twitter_card":"summary_large_image","twitter_misc":{"Tempo di lettura stimato":"3 minuti"},"schema":{"@context":"https:\/\/schema.org","@graph":[{"@type":"WebPage","@id":"https:\/\/econfloorpolska.com\/it\/scarica\/","url":"https:\/\/econfloorpolska.com\/it\/scarica\/","name":"Scarica - ECONFLOOR Polska Sp. z o. o.","isPartOf":{"@id":"https:\/\/econfloorpolska.com\/it\/#website"},"datePublished":"2024-01-10T12:58:54+00:00","dateModified":"2026-04-13T17:08:47+00:00","breadcrumb":{"@id":"https:\/\/econfloorpolska.com\/it\/scarica\/#breadcrumb"},"inLanguage":"it-IT","potentialAction":[{"@type":"ReadAction","target":["https:\/\/econfloorpolska.com\/it\/scarica\/"]}]},{"@type":"BreadcrumbList","@id":"https:\/\/econfloorpolska.com\/it\/scarica\/#breadcrumb","itemListElement":[{"@type":"ListItem","position":1,"name":"EconFloor","item":"https:\/\/econfloorpolska.com\/it\/"},{"@type":"ListItem","position":2,"name":"Scarica"}]},{"@type":"WebSite","@id":"https:\/\/econfloorpolska.com\/it\/#website","url":"https:\/\/econfloorpolska.com\/it\/","name":"EconFloor Polska","description":"","publisher":{"@id":"https:\/\/econfloorpolska.com\/it\/#organization"},"potentialAction":[{"@type":"SearchAction","target":{"@type":"EntryPoint","urlTemplate":"https:\/\/econfloorpolska.com\/it\/?s={search_term_string}"},"query-input":{"@type":"PropertyValueSpecification","valueRequired":true,"valueName":"search_term_string"}}],"inLanguage":"it-IT"},{"@type":"Organization","@id":"https:\/\/econfloorpolska.com\/it\/#organization","name":"EconFloor Polska","url":"https:\/\/econfloorpolska.com\/it\/","logo":{"@type":"ImageObject","inLanguage":"it-IT","@id":"https:\/\/econfloorpolska.com\/it\/#\/schema\/logo\/image\/","url":"https:\/\/econfloorpolska.com\/wp-content\/uploads\/2023\/11\/logo-color_03.png","contentUrl":"https:\/\/econfloorpolska.com\/wp-content\/uploads\/2023\/11\/logo-color_03.png","width":254,"height":58,"caption":"EconFloor Polska"},"image":{"@id":"https:\/\/econfloorpolska.com\/it\/#\/schema\/logo\/image\/"}}]}},"_links":{"self":[{"href":"https:\/\/econfloorpolska.com\/it\/wp-json\/wp\/v2\/pages\/3432","targetHints":{"allow":["GET"]}}],"collection":[{"href":"https:\/\/econfloorpolska.com\/it\/wp-json\/wp\/v2\/pages"}],"about":[{"href":"https:\/\/econfloorpolska.com\/it\/wp-json\/wp\/v2\/types\/page"}],"author":[{"embeddable":true,"href":"https:\/\/econfloorpolska.com\/it\/wp-json\/wp\/v2\/users\/1"}],"replies":[{"embeddable":true,"href":"https:\/\/econfloorpolska.com\/it\/wp-json\/wp\/v2\/comments?post=3432"}],"version-history":[{"count":22,"href":"https:\/\/econfloorpolska.com\/it\/wp-json\/wp\/v2\/pages\/3432\/revisions"}],"predecessor-version":[{"id":56795,"href":"https:\/\/econfloorpolska.com\/it\/wp-json\/wp\/v2\/pages\/3432\/revisions\/56795"}],"wp:attachment":[{"href":"https:\/\/econfloorpolska.com\/it\/wp-json\/wp\/v2\/media?parent=3432"}],"curies":[{"name":"wp","href":"https:\/\/api.w.org\/{rel}","templated":true}]}}