{"id":3410,"date":"2023-11-18T13:59:46","date_gmt":"2023-11-18T12:59:46","guid":{"rendered":"https:\/\/econfloorpolska.com\/chi-siamo\/"},"modified":"2025-08-20T12:26:25","modified_gmt":"2025-08-20T10:26:25","slug":"chi-siamo","status":"publish","type":"page","link":"https:\/\/econfloorpolska.com\/it\/chi-siamo\/","title":{"rendered":"Chi siamo"},"content":{"rendered":"<div class=\"wpb-content-wrapper\"><p>[vc_row el_class=&#8221;r-about p-about&#8221; woodmart_css_id=&#8221;6765505c546a8&#8243; responsive_spacing=&#8221;eyJwYXJhbV90eXBlIjoid29vZG1hcnRfcmVzcG9uc2l2ZV9zcGFjaW5nIiwic2VsZWN0b3JfaWQiOiI2NzY1NTA1YzU0NmE4Iiwic2hvcnRjb2RlIjoidmNfcm93IiwiZGF0YSI6eyJ0YWJsZXQiOnt9LCJtb2JpbGUiOnt9fX0=&#8221; mobile_bg_img_hidden=&#8221;no&#8221; tablet_bg_img_hidden=&#8221;no&#8221; woodmart_parallax=&#8221;0&#8243; woodmart_gradient_switch=&#8221;no&#8221; woodmart_box_shadow=&#8221;no&#8221; wd_z_index=&#8221;no&#8221; woodmart_disable_overflow=&#8221;0&#8243; row_reverse_mobile=&#8221;0&#8243; row_reverse_tablet=&#8221;0&#8243;][vc_column width=&#8221;1\/2&#8243;][vc_column_text css=&#8221;&#8221; el_class=&#8221;c-text&#8221; woodmart_inline=&#8221;no&#8221; text_larger=&#8221;no&#8221;]Siamo un&#8217;azienda austro-polacca fondata nel 1997 con il nome di Elpewi Group. Econfloor \u00e8 un produttore di pavimenti vinilici SPC e un grossista di pavimenti in laminato e legno con 27 anni di esperienza. <\/p>\n<p>Molti anni fa sembrava che i pavimenti fossero relegati in una posizione secondaria nella gerarchia delle pavimentazioni, ma la nostra esperienza dimostra che tutte le tendenze in materia sono cambiate. I produttori hanno fatto passi da gigante con una tecnologia in grado di soddisfare quasi tutte le richieste e di migliorare la resistenza all&#8217;usura. La conoscenza del settore, l&#8217;impegno per un servizio clienti eccezionale, la qualit\u00e0 dei prodotti e i prezzi competitivi hanno reso econfloor un leader nella distribuzione di pavimenti in vinile, laminato e legno SPC.[\/vc_column_text]\t\t\t<div id=\"\" class=\" wd-rs-67544b59e9038 wd-social-icons  wd-style-bordered wd-size-large social-follow wd-shape-circle c-social color-scheme-dark text-left\">\n\t\t\t\t\n\t\t\t\t\n\t\t\t\t\t\t\t\t\t<a rel=\"noopener noreferrer nofollow\" href=\"https:\/\/www.facebook.com\/econfloorpolska\" target=\"_blank\" class=\" wd-social-icon social-facebook\" aria-label=\"Facebook social link\">\n\t\t\t\t\t\t<span class=\"wd-icon\"><\/span>\n\t\t\t\t\t\t\t\t\t\t\t<\/a>\n\t\t\t\t\n\t\t\t\t\n\t\t\t\t\n\t\t\t\t\t\t\t\t\t<a rel=\"noopener noreferrer nofollow\" href=\"https:\/\/www.instagram.com\/econfloorpolska\/\" target=\"_blank\" class=\" wd-social-icon social-instagram\" aria-label=\"Instagram social link\">\n\t\t\t\t\t\t<span class=\"wd-icon\"><\/span>\n\t\t\t\t\t\t\t\t\t\t\t<\/a>\n\t\t\t\t\n\t\t\t\t\n\t\t\t\t\n\t\t\t\t\n\t\t\t\t\n\t\t\t\t\n\t\t\t\t\n\t\t\t\t\n\t\t\t\t\n\t\t\t\t\n\t\t\t\t\n\t\t\t\t\n\t\t\t\t\n\t\t\t\t\n\t\t\t\t\n\t\t\t\t\n\t\t\t\t\n\t\t\t\t\n\t\t\t\t\n\t\t\t\t\n\t\t\t\t\n\t\t\t\t\n\t\t\t<\/div>\n\n\t\t[\/vc_column][vc_column width=&#8221;1\/2&#8243;]\t\t<div class=\"wd-el-video wd-wpb wd-rs-67a075b60b27c wd-action-overlay wd-video-hosted wd-with-aspect-ratio\">\n\t\t\t\t\t\t\t<video data-lazy-load=\"https:\/\/econfloorpolska.com\/wp-content\/uploads\/2025\/02\/Video_30.01.25-1.mp4\" playsinline muted controls><\/video>\t\t\t\n\t\t\t\n\t\t\t\n\t\t\t\t\t\t\t<div class=\"wd-el-video-overlay wd-fill\">\n\t\t\t\t\t<img decoding=\"async\" width=\"582\" height=\"357\" src=\"https:\/\/econfloorpolska.com\/wp-content\/uploads\/2024\/12\/wideo-cover-1.jpg\" class=\"attachment- size-\" alt=\"\" srcset=\"https:\/\/econfloorpolska.com\/wp-content\/uploads\/2024\/12\/wideo-cover-1.jpg 582w, https:\/\/econfloorpolska.com\/wp-content\/uploads\/2024\/12\/wideo-cover-1-350x215.jpg 350w, https:\/\/econfloorpolska.com\/wp-content\/uploads\/2024\/12\/wideo-cover-1-300x184.jpg 300w\" sizes=\"(max-width: 582px) 100vw, 582px\" \/>\t\t\t\t<\/div>\n\t\t\t\t<div class=\"wd-el-video-control color-scheme-light wd-fill\">\n\t\t\t\t\t<span class=\"wd-el-video-play-btn\"><\/span>\n\t\t\t\t\t\t\t\t\t<\/div>\n\n\t\t\t\t<a class=\"wd-el-video-link wd-el-video-btn-overlay wd-fill wd-el-video-hosted\" href=\"#69e39825dfa23\"><\/a>\n\t\t\t\t\t<\/div>\n\t\t[vc_single_image image=&#8221;1661&#8243; img_size=&#8221;full&#8221; css=&#8221;&#8221; el_class=&#8221;c-image&#8221; parallax_scroll=&#8221;no&#8221; woodmart_inline=&#8221;no&#8221;][\/vc_column][\/vc_row][vc_row el_class=&#8221;p-default&#8221; woodmart_css_id=&#8221;676550637f60f&#8221; responsive_spacing=&#8221;eyJwYXJhbV90eXBlIjoid29vZG1hcnRfcmVzcG9uc2l2ZV9zcGFjaW5nIiwic2VsZWN0b3JfaWQiOiI2NzY1NTA2MzdmNjBmIiwic2hvcnRjb2RlIjoidmNfcm93IiwiZGF0YSI6eyJ0YWJsZXQiOnt9LCJtb2JpbGUiOnt9fX0=&#8221; mobile_bg_img_hidden=&#8221;no&#8221; tablet_bg_img_hidden=&#8221;no&#8221; woodmart_parallax=&#8221;0&#8243; woodmart_gradient_switch=&#8221;no&#8221; woodmart_box_shadow=&#8221;no&#8221; wd_z_index=&#8221;no&#8221; woodmart_disable_overflow=&#8221;0&#8243; row_reverse_mobile=&#8221;0&#8243; row_reverse_tablet=&#8221;0&#8243;][vc_column][vc_column_text el_class=&#8221;c-text&#8221; woodmart_inline=&#8221;no&#8221; text_larger=&#8221;no&#8221;]<\/p>\n<h2><strong><b>INIZIA DAL PAVIMENTO<\/b><\/strong><\/h2>\n<p>A nostro avviso, un pavimento buono e solido \u00e8 la base di qualsiasi progetto, che permette &#8211; passo dopo passo &#8211; di realizzare piani e sogni. Quello che c&#8217;\u00e8 sotto i piedi influenza le possibilit\u00e0 di creare gli interni di una casa, un ufficio o uno spazio di vendita. Ecco perch\u00e9 <strong><b>Econfloor<\/b><\/strong> <strong>Polonia<\/strong> \u00e8 il luogo ideale per trasformare la tua visione in realt\u00e0.  <\/p>\n<h2><strong><b><img decoding=\"async\" class=\"alignright wp-image-189 \" src=\"https:\/\/econfloorpolska.com\/wp-content\/uploads\/2023\/11\/2572R-1024x768.jpg\" alt=\"\" width=\"548\" height=\"411\" srcset=\"https:\/\/econfloorpolska.com\/wp-content\/uploads\/2023\/11\/2572R-1024x768.jpg 1024w, https:\/\/econfloorpolska.com\/wp-content\/uploads\/2023\/11\/2572R-scaled-350x263.jpg 350w, https:\/\/econfloorpolska.com\/wp-content\/uploads\/2023\/11\/2572R-scaled-1000x750.jpg 1000w, https:\/\/econfloorpolska.com\/wp-content\/uploads\/2023\/11\/2572R-300x225.jpg 300w, https:\/\/econfloorpolska.com\/wp-content\/uploads\/2023\/11\/2572R-768x576.jpg 768w, https:\/\/econfloorpolska.com\/wp-content\/uploads\/2023\/11\/2572R-1536x1152.jpg 1536w, https:\/\/econfloorpolska.com\/wp-content\/uploads\/2023\/11\/2572R-2048x1536.jpg 2048w, https:\/\/econfloorpolska.com\/wp-content\/uploads\/2023\/11\/2572R-600x450.jpg 600w, https:\/\/econfloorpolska.com\/wp-content\/uploads\/2023\/11\/2572R-150x113.jpg 150w\" sizes=\"(max-width: 548px) 100vw, 548px\" \/><\/b><\/strong><\/h2>\n<h3><strong><b>OFFERTA<\/b><\/strong><\/h3>\n<p>Ci sono pannelli che ti aspettano:<\/p>\n<ul>\n<li>naturale &#8211; un classico ispirato al legno,<\/li>\n<li>vinile &#8211; sinonimo di pavimentazione durevole e resistente,<\/li>\n<li>pavimentazione &#8211; versatile nell&#8217;uso.<\/li>\n<\/ul>\n<h3><strong><b>VALORI<\/b><\/strong><\/h3>\n<p>Sebbene altri seguano le mode in rapida evoluzione, noi insistiamo su valori senza tempo che saranno sempre importanti per te. Ci riferiamo soprattutto a: <\/p>\n<ul>\n<li>un&#8217;ampia selezione di prodotti,<\/li>\n<li>idee innovative,<\/li>\n<li>prodotti collaudati e duraturi,<\/li>\n<li>prestazioni professionali,<\/li>\n<li>la soddisfazione dei nostri clienti<\/li>\n<\/ul>\n<h3><strong><b>PROFESSIONALIT\u00c0<\/b><\/strong><\/h3>\n<p>Siamo sul mercato da oltre un quarto di secolo. Conoscendo i dettagli della creazione di pavimenti massicci, possiamo offrirti un prodotto che soddisfi tutte le tue aspettative. Grazie all&#8217;esperienza acquisita nel corso degli anni, sappiamo che ti aspetti materiali, scelta e assistenza di altissima qualit\u00e0. Con noi troverai tutto questo.   <\/p>\n<p><strong><b>Econfloor Polonia<\/b><\/strong> &#8211; realizziamo i sogni[\/vc_column_text][\/vc_column][\/vc_row]<\/p>\n<\/div>","protected":false},"excerpt":{"rendered":"<p>[vc_row el_class=&#8221;r-about p-about&#8221; woodmart_css_id=&#8221;6765505c546a8&#8243; responsive_spacing=&#8221;eyJwYXJhbV90eXBlIjoid29vZG1hcnRfcmVzcG9uc2l2ZV9zcGFjaW5nIiwic2VsZWN0b3JfaWQiOiI2NzY1NTA1YzU0NmE4Iiwic2hvcnRjb2RlIjoidmNfcm93IiwiZGF0YSI6eyJ0YWJsZXQiOnt9LCJtb2JpbGUiOnt9fX0=&#8221; mobile_bg_img_hidden=&#8221;no&#8221; tablet_bg_img_hidden=&#8221;no&#8221; woodmart_parallax=&#8221;0&#8243; woodmart_gradient_switch=&#8221;no&#8221; woodmart_box_shadow=&#8221;no&#8221; wd_z_index=&#8221;no&#8221; woodmart_disable_overflow=&#8221;0&#8243; row_reverse_mobile=&#8221;0&#8243; row_reverse_tablet=&#8221;0&#8243;][vc_column width=&#8221;1\/2&#8243;][vc_column_text css=&#8221;&#8221; el_class=&#8221;c-text&#8221; woodmart_inline=&#8221;no&#8221; text_larger=&#8221;no&#8221;]Siamo un&#8217;azienda<\/p>\n","protected":false},"author":1,"featured_media":0,"parent":0,"menu_order":0,"comment_status":"closed","ping_status":"closed","template":"","meta":{"_acf_changed":false,"footnotes":""},"class_list":["post-3410","page","type-page","status-publish","hentry"],"acf":[],"yoast_head":"<!-- This site is optimized with the Yoast SEO plugin v27.4 - https:\/\/yoast.com\/product\/yoast-seo-wordpress\/ -->\n<title>Chi siamo - ECONFLOOR Polska Sp. z o. o.<\/title>\n<meta name=\"robots\" content=\"index, follow, max-snippet:-1, max-image-preview:large, max-video-preview:-1\" \/>\n<link rel=\"canonical\" href=\"https:\/\/econfloorpolska.com\/it\/chi-siamo\/\" \/>\n<meta property=\"og:locale\" content=\"it_IT\" \/>\n<meta property=\"og:type\" content=\"article\" \/>\n<meta property=\"og:title\" content=\"Chi siamo - ECONFLOOR Polska Sp. z o. o.\" \/>\n<meta property=\"og:description\" content=\"[vc_row el_class=&#8221;r-about p-about&#8221; woodmart_css_id=&#8221;6765505c546a8&#8243; responsive_spacing=&#8221;eyJwYXJhbV90eXBlIjoid29vZG1hcnRfcmVzcG9uc2l2ZV9zcGFjaW5nIiwic2VsZWN0b3JfaWQiOiI2NzY1NTA1YzU0NmE4Iiwic2hvcnRjb2RlIjoidmNfcm93IiwiZGF0YSI6eyJ0YWJsZXQiOnt9LCJtb2JpbGUiOnt9fX0=&#8221; mobile_bg_img_hidden=&#8221;no&#8221; tablet_bg_img_hidden=&#8221;no&#8221; woodmart_parallax=&#8221;0&#8243; woodmart_gradient_switch=&#8221;no&#8221; woodmart_box_shadow=&#8221;no&#8221; wd_z_index=&#8221;no&#8221; woodmart_disable_overflow=&#8221;0&#8243; row_reverse_mobile=&#8221;0&#8243; row_reverse_tablet=&#8221;0&#8243;][vc_column width=&#8221;1\/2&#8243;][vc_column_text css=&#8221;&#8221; el_class=&#8221;c-text&#8221; woodmart_inline=&#8221;no&#8221; text_larger=&#8221;no&#8221;]Siamo un&#8217;azienda\" \/>\n<meta property=\"og:url\" content=\"https:\/\/econfloorpolska.com\/it\/chi-siamo\/\" \/>\n<meta property=\"og:site_name\" content=\"ECONFLOOR Polska Sp. z o. o.\" \/>\n<meta property=\"article:modified_time\" content=\"2025-08-20T10:26:25+00:00\" \/>\n<meta property=\"og:image\" content=\"https:\/\/econfloorpolska.com\/wp-content\/uploads\/2023\/11\/2572R-1024x768.jpg\" \/>\n<meta name=\"twitter:card\" content=\"summary_large_image\" \/>\n<meta name=\"twitter:label1\" content=\"Tempo di lettura stimato\" \/>\n\t<meta name=\"twitter:data1\" content=\"3 minuti\" \/>\n<script type=\"application\/ld+json\" class=\"yoast-schema-graph\">{\"@context\":\"https:\\\/\\\/schema.org\",\"@graph\":[{\"@type\":\"WebPage\",\"@id\":\"https:\\\/\\\/econfloorpolska.com\\\/it\\\/chi-siamo\\\/\",\"url\":\"https:\\\/\\\/econfloorpolska.com\\\/it\\\/chi-siamo\\\/\",\"name\":\"Chi siamo - ECONFLOOR Polska Sp. z o. o.\",\"isPartOf\":{\"@id\":\"https:\\\/\\\/econfloorpolska.com\\\/it\\\/#website\"},\"primaryImageOfPage\":{\"@id\":\"https:\\\/\\\/econfloorpolska.com\\\/it\\\/chi-siamo\\\/#primaryimage\"},\"image\":{\"@id\":\"https:\\\/\\\/econfloorpolska.com\\\/it\\\/chi-siamo\\\/#primaryimage\"},\"thumbnailUrl\":\"https:\\\/\\\/econfloorpolska.com\\\/wp-content\\\/uploads\\\/2023\\\/11\\\/2572R-1024x768.jpg\",\"datePublished\":\"2023-11-18T12:59:46+00:00\",\"dateModified\":\"2025-08-20T10:26:25+00:00\",\"breadcrumb\":{\"@id\":\"https:\\\/\\\/econfloorpolska.com\\\/it\\\/chi-siamo\\\/#breadcrumb\"},\"inLanguage\":\"it-IT\",\"potentialAction\":[{\"@type\":\"ReadAction\",\"target\":[\"https:\\\/\\\/econfloorpolska.com\\\/it\\\/chi-siamo\\\/\"]}]},{\"@type\":\"ImageObject\",\"inLanguage\":\"it-IT\",\"@id\":\"https:\\\/\\\/econfloorpolska.com\\\/it\\\/chi-siamo\\\/#primaryimage\",\"url\":\"https:\\\/\\\/econfloorpolska.com\\\/wp-content\\\/uploads\\\/2023\\\/11\\\/2572R-1024x768.jpg\",\"contentUrl\":\"https:\\\/\\\/econfloorpolska.com\\\/wp-content\\\/uploads\\\/2023\\\/11\\\/2572R-1024x768.jpg\"},{\"@type\":\"BreadcrumbList\",\"@id\":\"https:\\\/\\\/econfloorpolska.com\\\/it\\\/chi-siamo\\\/#breadcrumb\",\"itemListElement\":[{\"@type\":\"ListItem\",\"position\":1,\"name\":\"EconFloor\",\"item\":\"https:\\\/\\\/econfloorpolska.com\\\/it\\\/\"},{\"@type\":\"ListItem\",\"position\":2,\"name\":\"Chi siamo\"}]},{\"@type\":\"WebSite\",\"@id\":\"https:\\\/\\\/econfloorpolska.com\\\/it\\\/#website\",\"url\":\"https:\\\/\\\/econfloorpolska.com\\\/it\\\/\",\"name\":\"EconFloor Polska\",\"description\":\"\",\"publisher\":{\"@id\":\"https:\\\/\\\/econfloorpolska.com\\\/it\\\/#organization\"},\"potentialAction\":[{\"@type\":\"SearchAction\",\"target\":{\"@type\":\"EntryPoint\",\"urlTemplate\":\"https:\\\/\\\/econfloorpolska.com\\\/it\\\/?s={search_term_string}\"},\"query-input\":{\"@type\":\"PropertyValueSpecification\",\"valueRequired\":true,\"valueName\":\"search_term_string\"}}],\"inLanguage\":\"it-IT\"},{\"@type\":\"Organization\",\"@id\":\"https:\\\/\\\/econfloorpolska.com\\\/it\\\/#organization\",\"name\":\"EconFloor Polska\",\"url\":\"https:\\\/\\\/econfloorpolska.com\\\/it\\\/\",\"logo\":{\"@type\":\"ImageObject\",\"inLanguage\":\"it-IT\",\"@id\":\"https:\\\/\\\/econfloorpolska.com\\\/it\\\/#\\\/schema\\\/logo\\\/image\\\/\",\"url\":\"https:\\\/\\\/econfloorpolska.com\\\/wp-content\\\/uploads\\\/2023\\\/11\\\/logo-color_03.png\",\"contentUrl\":\"https:\\\/\\\/econfloorpolska.com\\\/wp-content\\\/uploads\\\/2023\\\/11\\\/logo-color_03.png\",\"width\":254,\"height\":58,\"caption\":\"EconFloor Polska\"},\"image\":{\"@id\":\"https:\\\/\\\/econfloorpolska.com\\\/it\\\/#\\\/schema\\\/logo\\\/image\\\/\"}}]}<\/script>\n<!-- \/ Yoast SEO plugin. -->","yoast_head_json":{"title":"Chi siamo - ECONFLOOR Polska Sp. z o. o.","robots":{"index":"index","follow":"follow","max-snippet":"max-snippet:-1","max-image-preview":"max-image-preview:large","max-video-preview":"max-video-preview:-1"},"canonical":"https:\/\/econfloorpolska.com\/it\/chi-siamo\/","og_locale":"it_IT","og_type":"article","og_title":"Chi siamo - ECONFLOOR Polska Sp. z o. o.","og_description":"[vc_row el_class=&#8221;r-about p-about&#8221; woodmart_css_id=&#8221;6765505c546a8&#8243; responsive_spacing=&#8221;eyJwYXJhbV90eXBlIjoid29vZG1hcnRfcmVzcG9uc2l2ZV9zcGFjaW5nIiwic2VsZWN0b3JfaWQiOiI2NzY1NTA1YzU0NmE4Iiwic2hvcnRjb2RlIjoidmNfcm93IiwiZGF0YSI6eyJ0YWJsZXQiOnt9LCJtb2JpbGUiOnt9fX0=&#8221; mobile_bg_img_hidden=&#8221;no&#8221; tablet_bg_img_hidden=&#8221;no&#8221; woodmart_parallax=&#8221;0&#8243; woodmart_gradient_switch=&#8221;no&#8221; woodmart_box_shadow=&#8221;no&#8221; wd_z_index=&#8221;no&#8221; woodmart_disable_overflow=&#8221;0&#8243; row_reverse_mobile=&#8221;0&#8243; row_reverse_tablet=&#8221;0&#8243;][vc_column width=&#8221;1\/2&#8243;][vc_column_text css=&#8221;&#8221; el_class=&#8221;c-text&#8221; woodmart_inline=&#8221;no&#8221; text_larger=&#8221;no&#8221;]Siamo un&#8217;azienda","og_url":"https:\/\/econfloorpolska.com\/it\/chi-siamo\/","og_site_name":"ECONFLOOR Polska Sp. z o. o.","article_modified_time":"2025-08-20T10:26:25+00:00","og_image":[{"url":"https:\/\/econfloorpolska.com\/wp-content\/uploads\/2023\/11\/2572R-1024x768.jpg","type":"","width":"","height":""}],"twitter_card":"summary_large_image","twitter_misc":{"Tempo di lettura stimato":"3 minuti"},"schema":{"@context":"https:\/\/schema.org","@graph":[{"@type":"WebPage","@id":"https:\/\/econfloorpolska.com\/it\/chi-siamo\/","url":"https:\/\/econfloorpolska.com\/it\/chi-siamo\/","name":"Chi siamo - ECONFLOOR Polska Sp. z o. o.","isPartOf":{"@id":"https:\/\/econfloorpolska.com\/it\/#website"},"primaryImageOfPage":{"@id":"https:\/\/econfloorpolska.com\/it\/chi-siamo\/#primaryimage"},"image":{"@id":"https:\/\/econfloorpolska.com\/it\/chi-siamo\/#primaryimage"},"thumbnailUrl":"https:\/\/econfloorpolska.com\/wp-content\/uploads\/2023\/11\/2572R-1024x768.jpg","datePublished":"2023-11-18T12:59:46+00:00","dateModified":"2025-08-20T10:26:25+00:00","breadcrumb":{"@id":"https:\/\/econfloorpolska.com\/it\/chi-siamo\/#breadcrumb"},"inLanguage":"it-IT","potentialAction":[{"@type":"ReadAction","target":["https:\/\/econfloorpolska.com\/it\/chi-siamo\/"]}]},{"@type":"ImageObject","inLanguage":"it-IT","@id":"https:\/\/econfloorpolska.com\/it\/chi-siamo\/#primaryimage","url":"https:\/\/econfloorpolska.com\/wp-content\/uploads\/2023\/11\/2572R-1024x768.jpg","contentUrl":"https:\/\/econfloorpolska.com\/wp-content\/uploads\/2023\/11\/2572R-1024x768.jpg"},{"@type":"BreadcrumbList","@id":"https:\/\/econfloorpolska.com\/it\/chi-siamo\/#breadcrumb","itemListElement":[{"@type":"ListItem","position":1,"name":"EconFloor","item":"https:\/\/econfloorpolska.com\/it\/"},{"@type":"ListItem","position":2,"name":"Chi siamo"}]},{"@type":"WebSite","@id":"https:\/\/econfloorpolska.com\/it\/#website","url":"https:\/\/econfloorpolska.com\/it\/","name":"EconFloor Polska","description":"","publisher":{"@id":"https:\/\/econfloorpolska.com\/it\/#organization"},"potentialAction":[{"@type":"SearchAction","target":{"@type":"EntryPoint","urlTemplate":"https:\/\/econfloorpolska.com\/it\/?s={search_term_string}"},"query-input":{"@type":"PropertyValueSpecification","valueRequired":true,"valueName":"search_term_string"}}],"inLanguage":"it-IT"},{"@type":"Organization","@id":"https:\/\/econfloorpolska.com\/it\/#organization","name":"EconFloor Polska","url":"https:\/\/econfloorpolska.com\/it\/","logo":{"@type":"ImageObject","inLanguage":"it-IT","@id":"https:\/\/econfloorpolska.com\/it\/#\/schema\/logo\/image\/","url":"https:\/\/econfloorpolska.com\/wp-content\/uploads\/2023\/11\/logo-color_03.png","contentUrl":"https:\/\/econfloorpolska.com\/wp-content\/uploads\/2023\/11\/logo-color_03.png","width":254,"height":58,"caption":"EconFloor Polska"},"image":{"@id":"https:\/\/econfloorpolska.com\/it\/#\/schema\/logo\/image\/"}}]}},"_links":{"self":[{"href":"https:\/\/econfloorpolska.com\/it\/wp-json\/wp\/v2\/pages\/3410","targetHints":{"allow":["GET"]}}],"collection":[{"href":"https:\/\/econfloorpolska.com\/it\/wp-json\/wp\/v2\/pages"}],"about":[{"href":"https:\/\/econfloorpolska.com\/it\/wp-json\/wp\/v2\/types\/page"}],"author":[{"embeddable":true,"href":"https:\/\/econfloorpolska.com\/it\/wp-json\/wp\/v2\/users\/1"}],"replies":[{"embeddable":true,"href":"https:\/\/econfloorpolska.com\/it\/wp-json\/wp\/v2\/comments?post=3410"}],"version-history":[{"count":2,"href":"https:\/\/econfloorpolska.com\/it\/wp-json\/wp\/v2\/pages\/3410\/revisions"}],"predecessor-version":[{"id":3425,"href":"https:\/\/econfloorpolska.com\/it\/wp-json\/wp\/v2\/pages\/3410\/revisions\/3425"}],"wp:attachment":[{"href":"https:\/\/econfloorpolska.com\/it\/wp-json\/wp\/v2\/media?parent=3410"}],"curies":[{"name":"wp","href":"https:\/\/api.w.org\/{rel}","templated":true}]}}