{"id":3359,"date":"2023-11-18T13:54:55","date_gmt":"2023-11-18T12:54:55","guid":{"rendered":"https:\/\/econfloorpolska.com\/informativa-sulla-privacy\/"},"modified":"2023-11-18T13:54:55","modified_gmt":"2023-11-18T12:54:55","slug":"informativa-sulla-privacy","status":"publish","type":"page","link":"https:\/\/econfloorpolska.com\/it\/informativa-sulla-privacy\/","title":{"rendered":"Informativa sulla privacy"},"content":{"rendered":"<h4 class=\"fusion-responsive-typography-calculated\" style=\"text-align: center;\" data-fontsize=\"24\" data-lineheight=\"28.8px\"><strong>Informazioni generali.<\/strong><\/h4>\n<ol>\n<li>Il gestore del sito web <strong>econfloorpolska.com<\/strong> \u00e8  <strong>Econfloor Polska Sp\u00f3\u0142ka Z Ograniczon\u0105 Odpowiedzialno\u015bci\u0105, ul. Krzywa 12A, 34-400 Nowy Targ, IT 7343403735 <\/strong><\/li>\n<li>Il Servizio svolge funzioni per ottenere informazioni sugli utenti e sul loro comportamento nei seguenti modi:\n<ol>\n<li>Inserendo volontariamente le informazioni nei moduli.<\/li>\n<li>Attraverso la memorizzazione di cookie (i cosiddetti &#8220;cookies&#8221;) sui dispositivi finali.<\/li>\n<li>Attraverso la raccolta dei log del server web da parte dell&#8217;operatore di hosting lh.pl, che opera sotto l&#8217;indirizzo lh.pl<\/li>\n<\/ol>\n<\/li>\n<\/ol>\n<h4 class=\"fusion-responsive-typography-calculated\" style=\"text-align: center;\" data-fontsize=\"24\" data-lineheight=\"28.8px\"><strong>Informazioni nei moduli.<\/strong><\/h4>\n<ol>\n<li>Il servizio raccoglie le informazioni fornite volontariamente dall&#8217;utente.<\/li>\n<li>Inoltre, il servizio pu\u00f2 salvare informazioni sui parametri della connessione (orario, indirizzo IP).<\/li>\n<li>I dati contenuti nel modulo non vengono resi disponibili a terzi se non con il consenso dell&#8217;utente.<\/li>\n<li>I dati forniti nel modulo possono costituire un insieme di potenziali clienti, registrati dall&#8217;Operatore del Sito Web nel registro tenuto dall&#8217;Ispettore Generale per la Protezione dei Dati Personali.<\/li>\n<li>I dati forniti nel modulo sono trattati per lo scopo derivante dalla funzione del modulo specifico, ad esempio per elaborare una richiesta di assistenza o per effettuare un contatto di vendita.<\/li>\n<li>I dati forniti nei moduli potranno essere inoltrati a soggetti che svolgono tecnicamente determinati servizi &#8211; in particolare, si tratta dell&#8217;inoltro di informazioni sull&#8217;intestatario del dominio registrato a soggetti che sono gestori di domini Internet (soprattutto, la Rete Informatica Scientifica e Accademica di j.b.r &#8211; NASK), a servizi che gestiscono i pagamenti o ad altri soggetti con i quali l&#8217;Operatore del Sito Web collabora in tal senso.<\/li>\n<li>Informazioni sui cookie.<\/li>\n<\/ol>\n<h4 class=\"fusion-responsive-typography-calculated\" style=\"text-align: center;\" data-fontsize=\"24\" data-lineheight=\"28.8px\"><strong>Il sito web utilizza i cookie.<\/strong><\/h4>\n<ol>\n<li>I cookies (i cosiddetti &#8220;cookies&#8221;) sono dati informatici, in particolare file di testo, che vengono memorizzati nell&#8217;apparecchiatura terminale dell&#8217;Utente del Servizio e sono destinati all&#8217;uso sul Sito web. I cookie contengono solitamente il nome del sito web da cui provengono, l&#8217;ora in cui vengono memorizzati sul terminale e un numero univoco. <\/li>\n<li>L&#8217;entit\u00e0 che inserisce i cookie nell&#8217;apparecchiatura terminale dell&#8217;Utente del Servizio e ne ottiene l&#8217;accesso \u00e8 l&#8217;Operatore del Servizio.<\/li>\n<li>I cookie vengono utilizzati per le seguenti finalit\u00e0:\n<ol>\n<li>la creazione di statistiche che ci aiutano a capire come i visitatori del Sito utilizzano i siti web, consentendoci di migliorarne la struttura e i contenuti;<\/li>\n<li>mantenere una sessione dell&#8217;Utente del Servizio (dopo il login), grazie alla quale l&#8217;Utente non deve reinserire il proprio login e la propria password in ogni sottopagina del Servizio;<\/li>\n<li>per definire il tuo profilo al fine di mostrarti materiale personalizzato sulle reti pubblicitarie, in particolare sulla rete di Google.<\/li>\n<\/ol>\n<\/li>\n<li>Il Sito utilizza due tipi principali di cookie: &#8220;di sessione&#8221; (session cookies) e &#8220;permanenti&#8221; (persistent cookies). I cookie &#8220;di sessione&#8221; sono file temporanei che vengono memorizzati sul terminale dell&#8217;Utente fino a quando l&#8217;Utente non si disconnette, abbandona il sito web o spegne il software (browser web). I cookie &#8220;persistenti&#8221; vengono memorizzati sul terminale dell&#8217;Utente per il tempo specificato nei parametri dei cookie o fino a quando non vengono cancellati dall&#8217;Utente.  <\/li>\n<li>Il software di navigazione web (browser web) di solito consente di memorizzare i cookie sul terminale dell&#8217;Utente per impostazione predefinita. Gli utenti del Sito web possono modificare le proprie impostazioni in merito. Il browser Internet consente di eliminare i cookie. \u00c8 inoltre possibile bloccare automaticamente i cookie. Per maggiori dettagli, consulta la guida o la documentazione del tuo browser Internet.   <\/li>\n<li>Le limitazioni all&#8217;uso dei cookie possono influire su alcune delle funzionalit\u00e0 disponibili sul Sito.<\/li>\n<li>I cookie vengono inseriti nel terminale dell&#8217;Utente del Servizio e possono essere utilizzati anche da inserzionisti e partner che collaborano con l&#8217;Operatore del Servizio.<\/li>\n<li>Si consiglia di leggere le informative sulla privacy di queste aziende per comprendere l&#8217;uso dei cookie utilizzati nelle statistiche: <u><a href=\"http:\/\/www.google.pl\/intl\/pl\/analytics\/privacyoverview.html\">Informativa sulla privacy di Google Analytics<\/a><\/u><\/li>\n<li>I cookie possono essere utilizzati dalle reti pubblicitarie, in particolare dalla rete Google, per visualizzare annunci pubblicitari personalizzati in base al modo in cui l&#8217;utente utilizza il Sito. A tal fine, possono conservare informazioni sul percorso di navigazione dell&#8217;utente o sul tempo trascorso su una determinata pagina. <\/li>\n<li>Per quanto riguarda le informazioni sulle preferenze dell&#8217;utente raccolte dalla rete pubblicitaria di Google, l&#8217;utente pu\u00f2 visualizzare e modificare le informazioni risultanti dai cookie utilizzando uno strumento: <u><a href=\"https:\/\/www.google.com\/ads\/preferences\/\">https:\/\/www.google.com\/ads\/preferences\/<\/a><\/u><\/li>\n<\/ol>\n<h4 class=\"fusion-responsive-typography-calculated\" style=\"text-align: center;\" data-fontsize=\"24\" data-lineheight=\"28.8px\"><strong>Registri del server.<\/strong><\/h4>\n<ol>\n<li>Le informazioni relative a determinati comportamenti degli utenti sono soggette a registrazione a livello di server. Questi dati vengono utilizzati esclusivamente per l&#8217;amministrazione del sito web e per garantire che i servizi di hosting forniti siano il pi\u00f9 efficienti possibile. <\/li>\n<li>Le risorse visualizzate sono identificate da URL. Inoltre, il record pu\u00f2 essere soggetto a:\n<ol>\n<li>la tempistica dell&#8217;indagine,<\/li>\n<li>al momento dell&#8217;invio della risposta,<\/li>\n<li>il nome della stazione client &#8211; l&#8217;identificazione tramite il protocollo HTTP,<\/li>\n<li>informazioni sugli errori verificatisi durante l&#8217;esecuzione della transazione HTTP,<\/li>\n<li>l&#8217;URL di una pagina precedentemente visitata dall&#8217;utente (referer link), nel caso di un link al Sito,<\/li>\n<li>informazioni sul browser dell&#8217;utente,<\/li>\n<li>Informazioni sull&#8217;indirizzo IP.<\/li>\n<\/ol>\n<\/li>\n<li>I dati di cui sopra non sono associati a visitatori specifici.<\/li>\n<li>I dati di cui sopra vengono utilizzati solo per l&#8217;amministrazione del server.<\/li>\n<\/ol>\n<h4 class=\"fusion-responsive-typography-calculated\" style=\"text-align: center;\" data-fontsize=\"24\" data-lineheight=\"28.8px\"><strong>Condivisione dei dati.<\/strong><\/h4>\n<ol>\n<li>I dati vengono condivisi con soggetti esterni solo nei limiti della legge.<\/li>\n<li>Le informazioni di identificazione personale di un individuo vengono condivise solo con il consenso di quest&#8217;ultimo.<\/li>\n<li>L&#8217;Operatore pu\u00f2 avere l&#8217;obbligo di fornire le informazioni raccolte dal Servizio alle autorit\u00e0 autorizzate sulla base di richieste legittime, nei limiti della richiesta.<\/li>\n<\/ol>\n<h4 class=\"fusion-responsive-typography-calculated\" style=\"text-align: center;\" data-fontsize=\"24\" data-lineheight=\"28.8px\"><strong>Gestione dei cookie: come dare e ritirare il consenso nella pratica?<\/strong><\/h4>\n<ol>\n<li>Se non desideri ricevere i cookie, puoi modificare le impostazioni del tuo browser. Precisiamo che la disabilitazione dei cookie essenziali per i processi di autenticazione, la sicurezza e il mantenimento delle preferenze dell&#8217;utente pu\u00f2 rendere difficile, e in casi estremi impossibile, l&#8217;utilizzo dei siti web. <\/li>\n<li>Per gestire le impostazioni dei cookie, seleziona il tuo browser\/sistema dall&#8217;elenco sottostante e segui le istruzioni:\n<ol>\n<li><a href=\"http:\/\/support.microsoft.com\/kb\/196955\">Internet Explorer<\/a><\/li>\n<li><a href=\"http:\/\/support.google.com\/chrome\/bin\/answer.py?hl=pl&amp;answer=95647\">Cromo<\/a><\/li>\n<li><a href=\"http:\/\/support.apple.com\/kb\/PH5042\">Safari<\/a><\/li>\n<li><a href=\"http:\/\/support.mozilla.org\/pl\/kb\/W%C5%82%C4%85czanie%20i%20wy%C5%82%C4%85czanie%20obs%C5%82ugi%20ciasteczek\">Firefox<\/a><\/li>\n<li><a href=\"http:\/\/help.opera.com\/Windows\/12.10\/pl\/cookies.html\">Opera<\/a><\/li>\n<li><a href=\"http:\/\/support.google.com\/chrome\/bin\/answer.py?hl=pl&amp;answer=95647\">Android<\/a><\/li>\n<li><a href=\"http:\/\/support.apple.com\/kb\/HT1677?viewlocale=pl_PL\">Safari (iOS)<\/a><\/li>\n<li><a href=\"http:\/\/www.windowsphone.com\/pl-pl\/how-to\/wp7\/web\/changing-privacy-and-other-browser-settings\">Windows Phone<\/a><\/li>\n<li><a href=\"http:\/\/docs.blackberry.com\/en\/smartphone_users\/deliverables\/32004\/Turn_off_cookies_in_the_browser_60_1072866_11.jsp\">Blackberry<\/a><\/li>\n<\/ol>\n<\/li>\n<\/ol>\n","protected":false},"excerpt":{"rendered":"<p>Informazioni generali. Il gestore del sito web econfloorpolska.com \u00e8 Econfloor Polska Sp\u00f3\u0142ka Z Ograniczon\u0105 Odpowiedzialno\u015bci\u0105, ul. Krzywa 12A, 34-400 Nowy<\/p>\n","protected":false},"author":1,"featured_media":0,"parent":0,"menu_order":0,"comment_status":"closed","ping_status":"open","template":"","meta":{"_acf_changed":false,"footnotes":""},"class_list":["post-3359","page","type-page","status-publish","hentry"],"acf":[],"yoast_head":"<!-- This site is optimized with the Yoast SEO plugin v27.4 - https:\/\/yoast.com\/product\/yoast-seo-wordpress\/ -->\n<title>Informativa sulla privacy - ECONFLOOR Polska Sp. z o. o.<\/title>\n<meta name=\"robots\" content=\"index, follow, max-snippet:-1, max-image-preview:large, max-video-preview:-1\" \/>\n<link rel=\"canonical\" href=\"https:\/\/econfloorpolska.com\/it\/informativa-sulla-privacy\/\" \/>\n<meta property=\"og:locale\" content=\"it_IT\" \/>\n<meta property=\"og:type\" content=\"article\" \/>\n<meta property=\"og:title\" content=\"Informativa sulla privacy - ECONFLOOR Polska Sp. z o. o.\" \/>\n<meta property=\"og:description\" content=\"Informazioni generali. Il gestore del sito web econfloorpolska.com \u00e8 Econfloor Polska Sp\u00f3\u0142ka Z Ograniczon\u0105 Odpowiedzialno\u015bci\u0105, ul. Krzywa 12A, 34-400 Nowy\" \/>\n<meta property=\"og:url\" content=\"https:\/\/econfloorpolska.com\/it\/informativa-sulla-privacy\/\" \/>\n<meta property=\"og:site_name\" content=\"ECONFLOOR Polska Sp. z o. o.\" \/>\n<meta name=\"twitter:card\" content=\"summary_large_image\" \/>\n<meta name=\"twitter:label1\" content=\"Tempo di lettura stimato\" \/>\n\t<meta name=\"twitter:data1\" content=\"5 minuti\" \/>\n<script type=\"application\/ld+json\" class=\"yoast-schema-graph\">{\"@context\":\"https:\\\/\\\/schema.org\",\"@graph\":[{\"@type\":\"WebPage\",\"@id\":\"https:\\\/\\\/econfloorpolska.com\\\/it\\\/informativa-sulla-privacy\\\/\",\"url\":\"https:\\\/\\\/econfloorpolska.com\\\/it\\\/informativa-sulla-privacy\\\/\",\"name\":\"Informativa sulla privacy - ECONFLOOR Polska Sp. z o. o.\",\"isPartOf\":{\"@id\":\"https:\\\/\\\/econfloorpolska.com\\\/it\\\/#website\"},\"datePublished\":\"2023-11-18T12:54:55+00:00\",\"breadcrumb\":{\"@id\":\"https:\\\/\\\/econfloorpolska.com\\\/it\\\/informativa-sulla-privacy\\\/#breadcrumb\"},\"inLanguage\":\"it-IT\",\"potentialAction\":[{\"@type\":\"ReadAction\",\"target\":[\"https:\\\/\\\/econfloorpolska.com\\\/it\\\/informativa-sulla-privacy\\\/\"]}]},{\"@type\":\"BreadcrumbList\",\"@id\":\"https:\\\/\\\/econfloorpolska.com\\\/it\\\/informativa-sulla-privacy\\\/#breadcrumb\",\"itemListElement\":[{\"@type\":\"ListItem\",\"position\":1,\"name\":\"EconFloor\",\"item\":\"https:\\\/\\\/econfloorpolska.com\\\/it\\\/\"},{\"@type\":\"ListItem\",\"position\":2,\"name\":\"Informativa sulla privacy\"}]},{\"@type\":\"WebSite\",\"@id\":\"https:\\\/\\\/econfloorpolska.com\\\/it\\\/#website\",\"url\":\"https:\\\/\\\/econfloorpolska.com\\\/it\\\/\",\"name\":\"EconFloor Polska\",\"description\":\"\",\"publisher\":{\"@id\":\"https:\\\/\\\/econfloorpolska.com\\\/it\\\/#organization\"},\"potentialAction\":[{\"@type\":\"SearchAction\",\"target\":{\"@type\":\"EntryPoint\",\"urlTemplate\":\"https:\\\/\\\/econfloorpolska.com\\\/it\\\/?s={search_term_string}\"},\"query-input\":{\"@type\":\"PropertyValueSpecification\",\"valueRequired\":true,\"valueName\":\"search_term_string\"}}],\"inLanguage\":\"it-IT\"},{\"@type\":\"Organization\",\"@id\":\"https:\\\/\\\/econfloorpolska.com\\\/it\\\/#organization\",\"name\":\"EconFloor Polska\",\"url\":\"https:\\\/\\\/econfloorpolska.com\\\/it\\\/\",\"logo\":{\"@type\":\"ImageObject\",\"inLanguage\":\"it-IT\",\"@id\":\"https:\\\/\\\/econfloorpolska.com\\\/it\\\/#\\\/schema\\\/logo\\\/image\\\/\",\"url\":\"https:\\\/\\\/econfloorpolska.com\\\/wp-content\\\/uploads\\\/2023\\\/11\\\/logo-color_03.png\",\"contentUrl\":\"https:\\\/\\\/econfloorpolska.com\\\/wp-content\\\/uploads\\\/2023\\\/11\\\/logo-color_03.png\",\"width\":254,\"height\":58,\"caption\":\"EconFloor Polska\"},\"image\":{\"@id\":\"https:\\\/\\\/econfloorpolska.com\\\/it\\\/#\\\/schema\\\/logo\\\/image\\\/\"}}]}<\/script>\n<!-- \/ Yoast SEO plugin. -->","yoast_head_json":{"title":"Informativa sulla privacy - ECONFLOOR Polska Sp. z o. o.","robots":{"index":"index","follow":"follow","max-snippet":"max-snippet:-1","max-image-preview":"max-image-preview:large","max-video-preview":"max-video-preview:-1"},"canonical":"https:\/\/econfloorpolska.com\/it\/informativa-sulla-privacy\/","og_locale":"it_IT","og_type":"article","og_title":"Informativa sulla privacy - ECONFLOOR Polska Sp. z o. o.","og_description":"Informazioni generali. Il gestore del sito web econfloorpolska.com \u00e8 Econfloor Polska Sp\u00f3\u0142ka Z Ograniczon\u0105 Odpowiedzialno\u015bci\u0105, ul. Krzywa 12A, 34-400 Nowy","og_url":"https:\/\/econfloorpolska.com\/it\/informativa-sulla-privacy\/","og_site_name":"ECONFLOOR Polska Sp. z o. o.","twitter_card":"summary_large_image","twitter_misc":{"Tempo di lettura stimato":"5 minuti"},"schema":{"@context":"https:\/\/schema.org","@graph":[{"@type":"WebPage","@id":"https:\/\/econfloorpolska.com\/it\/informativa-sulla-privacy\/","url":"https:\/\/econfloorpolska.com\/it\/informativa-sulla-privacy\/","name":"Informativa sulla privacy - ECONFLOOR Polska Sp. z o. o.","isPartOf":{"@id":"https:\/\/econfloorpolska.com\/it\/#website"},"datePublished":"2023-11-18T12:54:55+00:00","breadcrumb":{"@id":"https:\/\/econfloorpolska.com\/it\/informativa-sulla-privacy\/#breadcrumb"},"inLanguage":"it-IT","potentialAction":[{"@type":"ReadAction","target":["https:\/\/econfloorpolska.com\/it\/informativa-sulla-privacy\/"]}]},{"@type":"BreadcrumbList","@id":"https:\/\/econfloorpolska.com\/it\/informativa-sulla-privacy\/#breadcrumb","itemListElement":[{"@type":"ListItem","position":1,"name":"EconFloor","item":"https:\/\/econfloorpolska.com\/it\/"},{"@type":"ListItem","position":2,"name":"Informativa sulla privacy"}]},{"@type":"WebSite","@id":"https:\/\/econfloorpolska.com\/it\/#website","url":"https:\/\/econfloorpolska.com\/it\/","name":"EconFloor Polska","description":"","publisher":{"@id":"https:\/\/econfloorpolska.com\/it\/#organization"},"potentialAction":[{"@type":"SearchAction","target":{"@type":"EntryPoint","urlTemplate":"https:\/\/econfloorpolska.com\/it\/?s={search_term_string}"},"query-input":{"@type":"PropertyValueSpecification","valueRequired":true,"valueName":"search_term_string"}}],"inLanguage":"it-IT"},{"@type":"Organization","@id":"https:\/\/econfloorpolska.com\/it\/#organization","name":"EconFloor Polska","url":"https:\/\/econfloorpolska.com\/it\/","logo":{"@type":"ImageObject","inLanguage":"it-IT","@id":"https:\/\/econfloorpolska.com\/it\/#\/schema\/logo\/image\/","url":"https:\/\/econfloorpolska.com\/wp-content\/uploads\/2023\/11\/logo-color_03.png","contentUrl":"https:\/\/econfloorpolska.com\/wp-content\/uploads\/2023\/11\/logo-color_03.png","width":254,"height":58,"caption":"EconFloor Polska"},"image":{"@id":"https:\/\/econfloorpolska.com\/it\/#\/schema\/logo\/image\/"}}]}},"_links":{"self":[{"href":"https:\/\/econfloorpolska.com\/it\/wp-json\/wp\/v2\/pages\/3359","targetHints":{"allow":["GET"]}}],"collection":[{"href":"https:\/\/econfloorpolska.com\/it\/wp-json\/wp\/v2\/pages"}],"about":[{"href":"https:\/\/econfloorpolska.com\/it\/wp-json\/wp\/v2\/types\/page"}],"author":[{"embeddable":true,"href":"https:\/\/econfloorpolska.com\/it\/wp-json\/wp\/v2\/users\/1"}],"replies":[{"embeddable":true,"href":"https:\/\/econfloorpolska.com\/it\/wp-json\/wp\/v2\/comments?post=3359"}],"version-history":[{"count":0,"href":"https:\/\/econfloorpolska.com\/it\/wp-json\/wp\/v2\/pages\/3359\/revisions"}],"wp:attachment":[{"href":"https:\/\/econfloorpolska.com\/it\/wp-json\/wp\/v2\/media?parent=3359"}],"curies":[{"name":"wp","href":"https:\/\/api.w.org\/{rel}","templated":true}]}}