{"id":56553,"date":"2026-03-29T19:09:11","date_gmt":"2026-03-29T17:09:11","guid":{"rendered":"https:\/\/econfloorpolska.com\/?post_type=product&#038;p=56553"},"modified":"2026-03-29T20:17:14","modified_gmt":"2026-03-29T18:17:14","slug":"kasia","status":"publish","type":"product","link":"https:\/\/econfloorpolska.com\/de\/p\/fertigparkett\/fertigparkett-1-stab\/kasia\/","title":{"rendered":"Kasia"},"content":{"rendered":"","protected":false},"excerpt":{"rendered":"<p><strong>Rustikale Eiche<\/strong><\/p>\n<table>\n<tbody>\n<tr>\n<td><strong><b>Abmessungen<\/b><\/strong><\/td>\n<td><span class=\"a_GcMg font-feature-liga-off font-feature-clig-off font-feature-calt-off text-decoration-none text-strikethrough-none\">1900<\/span> x <span class=\"a_GcMg font-feature-liga-off font-feature-clig-off font-feature-calt-off text-decoration-none text-strikethrough-none\">190<\/span> x <span class=\"a_GcMg font-feature-liga-off font-feature-clig-off font-feature-calt-off text-decoration-none text-strikethrough-none\">15<\/span> mm<\/td>\n<\/tr>\n<tr>\n<td><strong><b>Nutzbare Schicht<\/b><\/strong><\/td>\n<td><span class=\"a_GcMg font-feature-liga-off font-feature-clig-off font-feature-calt-off text-decoration-none text-strikethrough-none\">4<\/span> mm<\/td>\n<\/tr>\n<tr>\n<td><strong><b>Oberfl\u00e4che<\/b><\/strong><\/td>\n<td>ge\u00f6lt, geb\u00fcrstet, 4-seitig gefast<\/td>\n<\/tr>\n<tr>\n<td><strong><b>Verbindungssystem<\/b><\/strong><\/td>\n<td>2G\/5Gc<\/td>\n<\/tr>\n<tr>\n<td><strong><b>Erscheinungsbild<\/b><\/strong><\/td>\n<td>&#8220;Famous&#8220; Klassifizierung<\/td>\n<\/tr>\n<\/tbody>\n<\/table>\n<p>&nbsp;<\/p>\n","protected":false},"featured_media":56557,"template":"","meta":{"_acf_changed":false},"product_brand":[],"product_cat":[468],"product_tag":[],"class_list":{"0":"post-56553","1":"product","2":"type-product","3":"status-publish","4":"has-post-thumbnail","6":"product_cat-fertigparkett-1-stab","8":"first","9":"instock","10":"shipping-taxable","11":"product-type-simple"},"acf":[],"yoast_head":"<!-- This site is optimized with the Yoast SEO plugin v27.4 - https:\/\/yoast.com\/product\/yoast-seo-wordpress\/ -->\n<title>Kasia - ECONFLOOR Polska Sp. z o. o.<\/title>\n<meta name=\"robots\" content=\"index, follow, max-snippet:-1, max-image-preview:large, max-video-preview:-1\" \/>\n<link rel=\"canonical\" href=\"https:\/\/econfloorpolska.com\/de\/p\/fertigparkett\/fertigparkett-1-stab\/kasia\/\" \/>\n<meta property=\"og:locale\" content=\"de_DE\" \/>\n<meta property=\"og:type\" content=\"article\" \/>\n<meta property=\"og:title\" content=\"Kasia - ECONFLOOR Polska Sp. z o. o.\" \/>\n<meta property=\"og:description\" content=\"Rustikale Eiche    Abmessungen 1900 x 190 x 15 mm   Nutzbare Schicht 4 mm   Oberfl\u00e4che ge\u00f6lt, geb\u00fcrstet, 4-seitig gefast   Verbindungssystem 2G\/5Gc   Erscheinungsbild &#039;&#039;Famous&#039;&#039; Klassifizierung    &nbsp;\" \/>\n<meta property=\"og:url\" content=\"https:\/\/econfloorpolska.com\/de\/p\/fertigparkett\/fertigparkett-1-stab\/kasia\/\" \/>\n<meta property=\"og:site_name\" content=\"ECONFLOOR Polska Sp. z o. o.\" \/>\n<meta property=\"article:modified_time\" content=\"2026-03-29T18:17:14+00:00\" \/>\n<meta property=\"og:image\" content=\"https:\/\/econfloorpolska.com\/wp-content\/uploads\/2026\/03\/9220P-KASIA-SOTIERBILD-724x1024.jpg\" \/>\n\t<meta property=\"og:image:width\" content=\"724\" \/>\n\t<meta property=\"og:image:height\" content=\"1024\" \/>\n\t<meta property=\"og:image:type\" content=\"image\/jpeg\" \/>\n<meta name=\"twitter:card\" content=\"summary_large_image\" \/>\n<script type=\"application\/ld+json\" class=\"yoast-schema-graph\">{\"@context\":\"https:\\\/\\\/schema.org\",\"@graph\":[{\"@type\":\"WebPage\",\"@id\":\"https:\\\/\\\/econfloorpolska.com\\\/de\\\/p\\\/fertigparkett\\\/fertigparkett-1-stab\\\/kasia\\\/\",\"url\":\"https:\\\/\\\/econfloorpolska.com\\\/de\\\/p\\\/fertigparkett\\\/fertigparkett-1-stab\\\/kasia\\\/\",\"name\":\"Kasia - ECONFLOOR Polska Sp. z o. o.\",\"isPartOf\":{\"@id\":\"https:\\\/\\\/econfloorpolska.com\\\/de\\\/#website\"},\"primaryImageOfPage\":{\"@id\":\"https:\\\/\\\/econfloorpolska.com\\\/de\\\/p\\\/fertigparkett\\\/fertigparkett-1-stab\\\/kasia\\\/#primaryimage\"},\"image\":{\"@id\":\"https:\\\/\\\/econfloorpolska.com\\\/de\\\/p\\\/fertigparkett\\\/fertigparkett-1-stab\\\/kasia\\\/#primaryimage\"},\"thumbnailUrl\":\"https:\\\/\\\/econfloorpolska.com\\\/wp-content\\\/uploads\\\/2026\\\/03\\\/9220P-KASIA-SOTIERBILD-scaled.jpg\",\"datePublished\":\"2026-03-29T17:09:11+00:00\",\"dateModified\":\"2026-03-29T18:17:14+00:00\",\"breadcrumb\":{\"@id\":\"https:\\\/\\\/econfloorpolska.com\\\/de\\\/p\\\/fertigparkett\\\/fertigparkett-1-stab\\\/kasia\\\/#breadcrumb\"},\"inLanguage\":\"de\",\"potentialAction\":[{\"@type\":\"ReadAction\",\"target\":[\"https:\\\/\\\/econfloorpolska.com\\\/de\\\/p\\\/fertigparkett\\\/fertigparkett-1-stab\\\/kasia\\\/\"]}]},{\"@type\":\"ImageObject\",\"inLanguage\":\"de\",\"@id\":\"https:\\\/\\\/econfloorpolska.com\\\/de\\\/p\\\/fertigparkett\\\/fertigparkett-1-stab\\\/kasia\\\/#primaryimage\",\"url\":\"https:\\\/\\\/econfloorpolska.com\\\/wp-content\\\/uploads\\\/2026\\\/03\\\/9220P-KASIA-SOTIERBILD-scaled.jpg\",\"contentUrl\":\"https:\\\/\\\/econfloorpolska.com\\\/wp-content\\\/uploads\\\/2026\\\/03\\\/9220P-KASIA-SOTIERBILD-scaled.jpg\",\"width\":1810,\"height\":2560},{\"@type\":\"BreadcrumbList\",\"@id\":\"https:\\\/\\\/econfloorpolska.com\\\/de\\\/p\\\/fertigparkett\\\/fertigparkett-1-stab\\\/kasia\\\/#breadcrumb\",\"itemListElement\":[{\"@type\":\"ListItem\",\"position\":1,\"name\":\"EconFloor\",\"item\":\"https:\\\/\\\/econfloorpolska.com\\\/de\\\/\"},{\"@type\":\"ListItem\",\"position\":2,\"name\":\"Produkte\",\"item\":\"https:\\\/\\\/econfloorpolska.com\\\/de\\\/produkte\\\/\"},{\"@type\":\"ListItem\",\"position\":3,\"name\":\"Fertigparkett\",\"item\":\"https:\\\/\\\/econfloorpolska.com\\\/de\\\/k\\\/fertigparkett\\\/\"},{\"@type\":\"ListItem\",\"position\":4,\"name\":\"Fertigparkett 1-Stab\",\"item\":\"https:\\\/\\\/econfloorpolska.com\\\/de\\\/k\\\/fertigparkett\\\/fertigparkett-1-stab\\\/\"},{\"@type\":\"ListItem\",\"position\":5,\"name\":\"Kasia\"}]},{\"@type\":\"WebSite\",\"@id\":\"https:\\\/\\\/econfloorpolska.com\\\/de\\\/#website\",\"url\":\"https:\\\/\\\/econfloorpolska.com\\\/de\\\/\",\"name\":\"EconFloor Polska\",\"description\":\"\",\"publisher\":{\"@id\":\"https:\\\/\\\/econfloorpolska.com\\\/de\\\/#organization\"},\"potentialAction\":[{\"@type\":\"SearchAction\",\"target\":{\"@type\":\"EntryPoint\",\"urlTemplate\":\"https:\\\/\\\/econfloorpolska.com\\\/de\\\/?s={search_term_string}\"},\"query-input\":{\"@type\":\"PropertyValueSpecification\",\"valueRequired\":true,\"valueName\":\"search_term_string\"}}],\"inLanguage\":\"de\"},{\"@type\":\"Organization\",\"@id\":\"https:\\\/\\\/econfloorpolska.com\\\/de\\\/#organization\",\"name\":\"EconFloor Polska\",\"url\":\"https:\\\/\\\/econfloorpolska.com\\\/de\\\/\",\"logo\":{\"@type\":\"ImageObject\",\"inLanguage\":\"de\",\"@id\":\"https:\\\/\\\/econfloorpolska.com\\\/de\\\/#\\\/schema\\\/logo\\\/image\\\/\",\"url\":\"https:\\\/\\\/econfloorpolska.com\\\/wp-content\\\/uploads\\\/2023\\\/11\\\/logo-color_03.png\",\"contentUrl\":\"https:\\\/\\\/econfloorpolska.com\\\/wp-content\\\/uploads\\\/2023\\\/11\\\/logo-color_03.png\",\"width\":254,\"height\":58,\"caption\":\"EconFloor Polska\"},\"image\":{\"@id\":\"https:\\\/\\\/econfloorpolska.com\\\/de\\\/#\\\/schema\\\/logo\\\/image\\\/\"}}]}<\/script>\n<!-- \/ Yoast SEO plugin. -->","yoast_head_json":{"title":"Kasia - ECONFLOOR Polska Sp. z o. o.","robots":{"index":"index","follow":"follow","max-snippet":"max-snippet:-1","max-image-preview":"max-image-preview:large","max-video-preview":"max-video-preview:-1"},"canonical":"https:\/\/econfloorpolska.com\/de\/p\/fertigparkett\/fertigparkett-1-stab\/kasia\/","og_locale":"de_DE","og_type":"article","og_title":"Kasia - ECONFLOOR Polska Sp. z o. o.","og_description":"Rustikale Eiche    Abmessungen 1900 x 190 x 15 mm   Nutzbare Schicht 4 mm   Oberfl\u00e4che ge\u00f6lt, geb\u00fcrstet, 4-seitig gefast   Verbindungssystem 2G\/5Gc   Erscheinungsbild ''Famous'' Klassifizierung    &nbsp;","og_url":"https:\/\/econfloorpolska.com\/de\/p\/fertigparkett\/fertigparkett-1-stab\/kasia\/","og_site_name":"ECONFLOOR Polska Sp. z o. o.","article_modified_time":"2026-03-29T18:17:14+00:00","og_image":[{"width":724,"height":1024,"url":"https:\/\/econfloorpolska.com\/wp-content\/uploads\/2026\/03\/9220P-KASIA-SOTIERBILD-724x1024.jpg","type":"image\/jpeg"}],"twitter_card":"summary_large_image","schema":{"@context":"https:\/\/schema.org","@graph":[{"@type":"WebPage","@id":"https:\/\/econfloorpolska.com\/de\/p\/fertigparkett\/fertigparkett-1-stab\/kasia\/","url":"https:\/\/econfloorpolska.com\/de\/p\/fertigparkett\/fertigparkett-1-stab\/kasia\/","name":"Kasia - ECONFLOOR Polska Sp. z o. o.","isPartOf":{"@id":"https:\/\/econfloorpolska.com\/de\/#website"},"primaryImageOfPage":{"@id":"https:\/\/econfloorpolska.com\/de\/p\/fertigparkett\/fertigparkett-1-stab\/kasia\/#primaryimage"},"image":{"@id":"https:\/\/econfloorpolska.com\/de\/p\/fertigparkett\/fertigparkett-1-stab\/kasia\/#primaryimage"},"thumbnailUrl":"https:\/\/econfloorpolska.com\/wp-content\/uploads\/2026\/03\/9220P-KASIA-SOTIERBILD-scaled.jpg","datePublished":"2026-03-29T17:09:11+00:00","dateModified":"2026-03-29T18:17:14+00:00","breadcrumb":{"@id":"https:\/\/econfloorpolska.com\/de\/p\/fertigparkett\/fertigparkett-1-stab\/kasia\/#breadcrumb"},"inLanguage":"de","potentialAction":[{"@type":"ReadAction","target":["https:\/\/econfloorpolska.com\/de\/p\/fertigparkett\/fertigparkett-1-stab\/kasia\/"]}]},{"@type":"ImageObject","inLanguage":"de","@id":"https:\/\/econfloorpolska.com\/de\/p\/fertigparkett\/fertigparkett-1-stab\/kasia\/#primaryimage","url":"https:\/\/econfloorpolska.com\/wp-content\/uploads\/2026\/03\/9220P-KASIA-SOTIERBILD-scaled.jpg","contentUrl":"https:\/\/econfloorpolska.com\/wp-content\/uploads\/2026\/03\/9220P-KASIA-SOTIERBILD-scaled.jpg","width":1810,"height":2560},{"@type":"BreadcrumbList","@id":"https:\/\/econfloorpolska.com\/de\/p\/fertigparkett\/fertigparkett-1-stab\/kasia\/#breadcrumb","itemListElement":[{"@type":"ListItem","position":1,"name":"EconFloor","item":"https:\/\/econfloorpolska.com\/de\/"},{"@type":"ListItem","position":2,"name":"Produkte","item":"https:\/\/econfloorpolska.com\/de\/produkte\/"},{"@type":"ListItem","position":3,"name":"Fertigparkett","item":"https:\/\/econfloorpolska.com\/de\/k\/fertigparkett\/"},{"@type":"ListItem","position":4,"name":"Fertigparkett 1-Stab","item":"https:\/\/econfloorpolska.com\/de\/k\/fertigparkett\/fertigparkett-1-stab\/"},{"@type":"ListItem","position":5,"name":"Kasia"}]},{"@type":"WebSite","@id":"https:\/\/econfloorpolska.com\/de\/#website","url":"https:\/\/econfloorpolska.com\/de\/","name":"EconFloor Polska","description":"","publisher":{"@id":"https:\/\/econfloorpolska.com\/de\/#organization"},"potentialAction":[{"@type":"SearchAction","target":{"@type":"EntryPoint","urlTemplate":"https:\/\/econfloorpolska.com\/de\/?s={search_term_string}"},"query-input":{"@type":"PropertyValueSpecification","valueRequired":true,"valueName":"search_term_string"}}],"inLanguage":"de"},{"@type":"Organization","@id":"https:\/\/econfloorpolska.com\/de\/#organization","name":"EconFloor Polska","url":"https:\/\/econfloorpolska.com\/de\/","logo":{"@type":"ImageObject","inLanguage":"de","@id":"https:\/\/econfloorpolska.com\/de\/#\/schema\/logo\/image\/","url":"https:\/\/econfloorpolska.com\/wp-content\/uploads\/2023\/11\/logo-color_03.png","contentUrl":"https:\/\/econfloorpolska.com\/wp-content\/uploads\/2023\/11\/logo-color_03.png","width":254,"height":58,"caption":"EconFloor Polska"},"image":{"@id":"https:\/\/econfloorpolska.com\/de\/#\/schema\/logo\/image\/"}}]}},"_links":{"self":[{"href":"https:\/\/econfloorpolska.com\/de\/wp-json\/wp\/v2\/product\/56553","targetHints":{"allow":["GET"]}}],"collection":[{"href":"https:\/\/econfloorpolska.com\/de\/wp-json\/wp\/v2\/product"}],"about":[{"href":"https:\/\/econfloorpolska.com\/de\/wp-json\/wp\/v2\/types\/product"}],"wp:featuredmedia":[{"embeddable":true,"href":"https:\/\/econfloorpolska.com\/de\/wp-json\/wp\/v2\/media\/56557"}],"wp:attachment":[{"href":"https:\/\/econfloorpolska.com\/de\/wp-json\/wp\/v2\/media?parent=56553"}],"wp:term":[{"taxonomy":"product_brand","embeddable":true,"href":"https:\/\/econfloorpolska.com\/de\/wp-json\/wp\/v2\/product_brand?post=56553"},{"taxonomy":"product_cat","embeddable":true,"href":"https:\/\/econfloorpolska.com\/de\/wp-json\/wp\/v2\/product_cat?post=56553"},{"taxonomy":"product_tag","embeddable":true,"href":"https:\/\/econfloorpolska.com\/de\/wp-json\/wp\/v2\/product_tag?post=56553"}],"curies":[{"name":"wp","href":"https:\/\/api.w.org\/{rel}","templated":true}]}}