{"id":4509,"date":"2024-10-10T09:49:20","date_gmt":"2024-10-10T07:49:20","guid":{"rendered":"https:\/\/econfloorpolska.com\/p\/unkategorisiert\/weisser-hdf-streifen\/"},"modified":"2024-10-10T09:49:20","modified_gmt":"2024-10-10T07:49:20","slug":"weisser-hdf-streifen","status":"publish","type":"product","link":"https:\/\/econfloorpolska.com\/de\/p\/zubehor\/weisse-leisten\/weisser-hdf-streifen\/","title":{"rendered":"Wei\u00dfer HDF-Streifen"},"content":{"rendered":"<p><strong>Allgemeine Informationen<\/strong><\/p>\n<ul>\n<li>HDF-Sockelleiste<\/li>\n<li>Material der Basis: HDF<\/li>\n<\/ul>\n<p><strong>Artikel<\/strong><\/p>\n<ul>\n<li>Sockelleiste 1 St\u00fcck (wei\u00df)<\/li>\n<li>L\u00e4nge: 2400 mm<\/li>\n<li>H\u00f6he: 70 mm<\/li>\n<li>Tiefe: 16 mm<\/li>\n<li>Farbe: Wei\u00df<\/li>\n<\/ul>\n<p><strong>Technische Daten<\/strong><\/p>\n<ul>\n<li>Toleranz in der L\u00e4nge: +\/- 15 mm<\/li>\n<\/ul>\n<p><strong>Die Sockelleiste SLW 070<\/strong> ist in Innenr\u00e4umen vielseitig einsetzbar und bietet<br \/>\nden perfekten technischen und optischen Abschluss f\u00fcr die Verlegung von Vinylboden als Kantenakzent.<br \/>\nDie Sockelleiste ist in Wei\u00df erh\u00e4ltlich.<\/p>\n","protected":false},"excerpt":{"rendered":"<table>\n<tbody>\n<tr>\n<td>Produkt:<\/td>\n<td>MDF-Streifen mit Papierfolie<\/td>\n<\/tr>\n<tr>\n<td>Feuchtigkeitsgehalt der Lieferung:<\/td>\n<td>4-12% (Referenzfeuchtigkeitsgehalt: 6%)<\/td>\n<\/tr>\n<tr>\n<td>Toleranz in der L\u00e4nge<\/td>\n<td>+\/- 15mm<\/td>\n<\/tr>\n<tr>\n<td>Abmessungstoleranz D\/B &lt; 15 mm<\/td>\n<td>+\/-0.8mm<\/td>\n<\/tr>\n<tr>\n<td>Abmessungstoleranz D\/B \u2265 15 mm<\/td>\n<td>+\/- 5,4% des jeweiligen Profilquerschnitts<\/td>\n<\/tr>\n<tr>\n<td>Kr\u00fcmmung in L\u00e4ngsrichtung<\/td>\n<td>  max. 10 mm\/Laufmeter <\/td>\n<\/tr>\n<tr>\n<td>L\u00e4nge:<\/td>\n<td>2400 mm<\/td>\n<\/tr>\n<tr>\n<td>H\u00f6he:<\/td>\n<td>70 mm<\/td>\n<\/tr>\n<tr>\n<td>Tiefe:<\/td>\n<td>16 mm<\/td>\n<\/tr>\n<tr>\n<td>Verdrehung:<\/td>\n<td>h \u2264 10 mm\/Laufmeter<\/td>\n<\/tr>\n<tr>\n<td>Dichte von Roh-MDF<\/td>\n<td>600 &#8211; 740 kg\/m\u00b3, je nach Profilgeometrie<\/td>\n<\/tr>\n<tr>\n<td>Zugfestigkeit in Querrichtung<\/td>\n<td>\u2265 0,45 N\/mm\u00b2 (nach EN 319)<\/td>\n<\/tr>\n<tr>\n<td>Biegesteifigkeit<\/td>\n<td>\u2265 18 N\/mm\u00b2 (gem\u00e4\u00df EN 310)<\/td>\n<\/tr>\n<tr>\n<td>Biegeelastizit\u00e4tsmodul<\/td>\n<td>\u2265 2200 N\/mm\u00b2 (gem\u00e4\u00df EN 310)<\/td>\n<\/tr>\n<tr>\n<td>24h-Quellwert<\/td>\n<td>&lt; 15% (gem\u00e4\u00df EN 317)<\/td>\n<\/tr>\n<tr>\n<td>Papierfolie<\/td>\n<td>Melamin-Harnstoff-Harz impr\u00e4gniertes d\u00fcnnes Zellulose-Dekorpapier mit einer Deckschicht<\/td>\n<\/tr>\n<tr>\n<td>Lichtechtheit<\/td>\n<td>7 auf der Skala f\u00fcr blaue Wolle<\/td>\n<\/tr>\n<tr>\n<td>Grad des Glanzes<\/td>\n<td>8 &#8211; 20 Einheiten bei einem Messwinkel von 60\u00b0<\/td>\n<\/tr>\n<tr>\n<td>Abriebfestigkeit<\/td>\n<td>\u2265 250 U nach EN13329 mit CS10\/500g-Schleifscheiben<\/td>\n<\/tr>\n<tr>\n<td>Hitzebest\u00e4ndigkeit<\/td>\n<td>\u2265 70\u00b0C \/ 1 Std.<\/td>\n<\/tr>\n<tr>\n<td>Maskierung der Formation<\/td>\n<td>Zum Abkleben der Sockelleiste w\u00e4hrend der Malerarbeiten darf nur handels\u00fcbliches Abdeckband verwendet werden. Es muss sp\u00e4testens nach 24 Stunden wieder entfernt werden. <\/td>\n<\/tr>\n<tr>\n<td>Hobelfl\u00e4che<\/td>\n<td>Sichtbare Seite: Br\u00fcche oder Besch\u00e4digungen des Profils sind nicht erlaubt.<\/td>\n<\/tr>\n<tr>\n<td>Lagerung<\/td>\n<td>Stehend oder liegend,<br \/>\nVor direkter Sonneneinstrahlung und Feuchtigkeit sch\u00fctzen,<br \/>\nIdeales Klima: 18\u00b0C\/55-70% relative Luftfeuchtigkeit<\/td>\n<\/tr>\n<\/tbody>\n<\/table>\n","protected":false},"featured_media":4513,"template":"","meta":{"_acf_changed":false},"product_brand":[],"product_cat":[477],"product_tag":[],"class_list":{"0":"post-4509","1":"product","2":"type-product","3":"status-publish","4":"has-post-thumbnail","6":"product_cat-weisse-leisten","8":"first","9":"instock","10":"shipping-taxable","11":"product-type-simple"},"acf":[],"yoast_head":"<!-- This site is optimized with the Yoast SEO plugin v27.4 - https:\/\/yoast.com\/product\/yoast-seo-wordpress\/ -->\n<title>Wei\u00dfer HDF-Streifen - ECONFLOOR Polska Sp. z o. o.<\/title>\n<meta name=\"robots\" content=\"index, follow, max-snippet:-1, max-image-preview:large, max-video-preview:-1\" \/>\n<link rel=\"canonical\" href=\"https:\/\/econfloorpolska.com\/de\/p\/zubehor\/weisse-leisten\/weisser-hdf-streifen\/\" \/>\n<meta property=\"og:locale\" content=\"de_DE\" \/>\n<meta property=\"og:type\" content=\"article\" \/>\n<meta property=\"og:title\" content=\"Wei\u00dfer HDF-Streifen - ECONFLOOR Polska Sp. z o. o.\" \/>\n<meta property=\"og:description\" content=\"Produkt: MDF-Streifen mit Papierfolie  Feuchtigkeitsgehalt der Lieferung: 4-12% (Referenzfeuchtigkeitsgehalt: 6%)  Toleranz in der L\u00e4nge +\/- 15mm  Abmessungstoleranz D\/B &lt; 15 mm +\/-0.8mm  Abmessungstoleranz D\/B \u2265 15 mm +\/- 5,4% des jeweiligen Profilquerschnitts  Kr\u00fcmmung in L\u00e4ngsrichtung  max. 10 mm\/Laufmeter  L\u00e4nge: 2400 mm  H\u00f6he: 70 mm  Tiefe: 16 mm  Verdrehung: h \u2264 10 mm\/Laufmeter  Dichte von Roh-MDF 600 - 740 kg\/m\u00b3, je nach Profilgeometrie  Zugfestigkeit in Querrichtung \u2265 0,45 N\/mm\u00b2 (nach EN 319)  Biegesteifigkeit \u2265 18 N\/mm\u00b2 (gem\u00e4\u00df EN 310)  Biegeelastizit\u00e4tsmodul \u2265 2200 N\/mm\u00b2 (gem\u00e4\u00df EN 310)  24h-Quellwert &lt; 15% (gem\u00e4\u00df EN 317)  Papierfolie Melamin-Harnstoff-Harz impr\u00e4gniertes d\u00fcnnes Zellulose-Dekorpapier mit einer Deckschicht  Lichtechtheit 7 auf der Skala f\u00fcr blaue Wolle  Grad des Glanzes 8 - 20 Einheiten bei einem Messwinkel von 60\u00b0  Abriebfestigkeit \u2265 250 U nach EN13329 mit CS10\/500g-Schleifscheiben  Hitzebest\u00e4ndigkeit \u2265 70\u00b0C \/ 1 Std.  Maskierung der Formation Zum Abkleben der Sockelleiste w\u00e4hrend der Malerarbeiten darf nur handels\u00fcbliches Abdeckband verwendet werden. Es muss sp\u00e4testens nach 24 Stunden wieder entfernt werden.  Hobelfl\u00e4che Sichtbare Seite: Br\u00fcche oder Besch\u00e4digungen des Profils sind nicht erlaubt.  Lagerung Stehend oder liegend, Vor direkter Sonneneinstrahlung und Feuchtigkeit sch\u00fctzen, Ideales Klima: 18\u00b0C\/55-70% relative Luftfeuchtigkeit\" \/>\n<meta property=\"og:url\" content=\"https:\/\/econfloorpolska.com\/de\/p\/zubehor\/weisse-leisten\/weisser-hdf-streifen\/\" \/>\n<meta property=\"og:site_name\" content=\"ECONFLOOR Polska Sp. z o. o.\" \/>\n<meta property=\"og:image\" content=\"https:\/\/econfloorpolska.com\/wp-content\/uploads\/2024\/10\/SLW-070-BEZ-LOGO-scaled.jpg\" \/>\n\t<meta property=\"og:image:width\" content=\"2560\" \/>\n\t<meta property=\"og:image:height\" content=\"1771\" \/>\n\t<meta property=\"og:image:type\" content=\"image\/jpeg\" \/>\n<meta name=\"twitter:card\" content=\"summary_large_image\" \/>\n<script type=\"application\/ld+json\" class=\"yoast-schema-graph\">{\"@context\":\"https:\\\/\\\/schema.org\",\"@graph\":[{\"@type\":\"WebPage\",\"@id\":\"https:\\\/\\\/econfloorpolska.com\\\/de\\\/p\\\/zubehor\\\/weisse-leisten\\\/weisser-hdf-streifen\\\/\",\"url\":\"https:\\\/\\\/econfloorpolska.com\\\/de\\\/p\\\/zubehor\\\/weisse-leisten\\\/weisser-hdf-streifen\\\/\",\"name\":\"Wei\u00dfer HDF-Streifen - ECONFLOOR Polska Sp. z o. o.\",\"isPartOf\":{\"@id\":\"https:\\\/\\\/econfloorpolska.com\\\/de\\\/#website\"},\"primaryImageOfPage\":{\"@id\":\"https:\\\/\\\/econfloorpolska.com\\\/de\\\/p\\\/zubehor\\\/weisse-leisten\\\/weisser-hdf-streifen\\\/#primaryimage\"},\"image\":{\"@id\":\"https:\\\/\\\/econfloorpolska.com\\\/de\\\/p\\\/zubehor\\\/weisse-leisten\\\/weisser-hdf-streifen\\\/#primaryimage\"},\"thumbnailUrl\":\"https:\\\/\\\/econfloorpolska.com\\\/wp-content\\\/uploads\\\/2024\\\/10\\\/SLW-070-BEZ-LOGO-scaled.jpg\",\"datePublished\":\"2024-10-10T07:49:20+00:00\",\"breadcrumb\":{\"@id\":\"https:\\\/\\\/econfloorpolska.com\\\/de\\\/p\\\/zubehor\\\/weisse-leisten\\\/weisser-hdf-streifen\\\/#breadcrumb\"},\"inLanguage\":\"de\",\"potentialAction\":[{\"@type\":\"ReadAction\",\"target\":[\"https:\\\/\\\/econfloorpolska.com\\\/de\\\/p\\\/zubehor\\\/weisse-leisten\\\/weisser-hdf-streifen\\\/\"]}]},{\"@type\":\"ImageObject\",\"inLanguage\":\"de\",\"@id\":\"https:\\\/\\\/econfloorpolska.com\\\/de\\\/p\\\/zubehor\\\/weisse-leisten\\\/weisser-hdf-streifen\\\/#primaryimage\",\"url\":\"https:\\\/\\\/econfloorpolska.com\\\/wp-content\\\/uploads\\\/2024\\\/10\\\/SLW-070-BEZ-LOGO-scaled.jpg\",\"contentUrl\":\"https:\\\/\\\/econfloorpolska.com\\\/wp-content\\\/uploads\\\/2024\\\/10\\\/SLW-070-BEZ-LOGO-scaled.jpg\",\"width\":2560,\"height\":1771},{\"@type\":\"BreadcrumbList\",\"@id\":\"https:\\\/\\\/econfloorpolska.com\\\/de\\\/p\\\/zubehor\\\/weisse-leisten\\\/weisser-hdf-streifen\\\/#breadcrumb\",\"itemListElement\":[{\"@type\":\"ListItem\",\"position\":1,\"name\":\"EconFloor\",\"item\":\"https:\\\/\\\/econfloorpolska.com\\\/de\\\/\"},{\"@type\":\"ListItem\",\"position\":2,\"name\":\"Produkte\",\"item\":\"https:\\\/\\\/econfloorpolska.com\\\/de\\\/produkte\\\/\"},{\"@type\":\"ListItem\",\"position\":3,\"name\":\"Zubeh\u00f6r\",\"item\":\"https:\\\/\\\/econfloorpolska.com\\\/de\\\/k\\\/zubehor\\\/\"},{\"@type\":\"ListItem\",\"position\":4,\"name\":\"Wei\u00dfe Leisten\",\"item\":\"https:\\\/\\\/econfloorpolska.com\\\/de\\\/k\\\/zubehor\\\/weisse-leisten\\\/\"},{\"@type\":\"ListItem\",\"position\":5,\"name\":\"Wei\u00dfer HDF-Streifen\"}]},{\"@type\":\"WebSite\",\"@id\":\"https:\\\/\\\/econfloorpolska.com\\\/de\\\/#website\",\"url\":\"https:\\\/\\\/econfloorpolska.com\\\/de\\\/\",\"name\":\"EconFloor Polska\",\"description\":\"\",\"publisher\":{\"@id\":\"https:\\\/\\\/econfloorpolska.com\\\/de\\\/#organization\"},\"potentialAction\":[{\"@type\":\"SearchAction\",\"target\":{\"@type\":\"EntryPoint\",\"urlTemplate\":\"https:\\\/\\\/econfloorpolska.com\\\/de\\\/?s={search_term_string}\"},\"query-input\":{\"@type\":\"PropertyValueSpecification\",\"valueRequired\":true,\"valueName\":\"search_term_string\"}}],\"inLanguage\":\"de\"},{\"@type\":\"Organization\",\"@id\":\"https:\\\/\\\/econfloorpolska.com\\\/de\\\/#organization\",\"name\":\"EconFloor Polska\",\"url\":\"https:\\\/\\\/econfloorpolska.com\\\/de\\\/\",\"logo\":{\"@type\":\"ImageObject\",\"inLanguage\":\"de\",\"@id\":\"https:\\\/\\\/econfloorpolska.com\\\/de\\\/#\\\/schema\\\/logo\\\/image\\\/\",\"url\":\"https:\\\/\\\/econfloorpolska.com\\\/wp-content\\\/uploads\\\/2023\\\/11\\\/logo-color_03.png\",\"contentUrl\":\"https:\\\/\\\/econfloorpolska.com\\\/wp-content\\\/uploads\\\/2023\\\/11\\\/logo-color_03.png\",\"width\":254,\"height\":58,\"caption\":\"EconFloor Polska\"},\"image\":{\"@id\":\"https:\\\/\\\/econfloorpolska.com\\\/de\\\/#\\\/schema\\\/logo\\\/image\\\/\"}}]}<\/script>\n<!-- \/ Yoast SEO plugin. -->","yoast_head_json":{"title":"Wei\u00dfer HDF-Streifen - ECONFLOOR Polska Sp. z o. o.","robots":{"index":"index","follow":"follow","max-snippet":"max-snippet:-1","max-image-preview":"max-image-preview:large","max-video-preview":"max-video-preview:-1"},"canonical":"https:\/\/econfloorpolska.com\/de\/p\/zubehor\/weisse-leisten\/weisser-hdf-streifen\/","og_locale":"de_DE","og_type":"article","og_title":"Wei\u00dfer HDF-Streifen - ECONFLOOR Polska Sp. z o. o.","og_description":"Produkt: MDF-Streifen mit Papierfolie  Feuchtigkeitsgehalt der Lieferung: 4-12% (Referenzfeuchtigkeitsgehalt: 6%)  Toleranz in der L\u00e4nge +\/- 15mm  Abmessungstoleranz D\/B &lt; 15 mm +\/-0.8mm  Abmessungstoleranz D\/B \u2265 15 mm +\/- 5,4% des jeweiligen Profilquerschnitts  Kr\u00fcmmung in L\u00e4ngsrichtung  max. 10 mm\/Laufmeter  L\u00e4nge: 2400 mm  H\u00f6he: 70 mm  Tiefe: 16 mm  Verdrehung: h \u2264 10 mm\/Laufmeter  Dichte von Roh-MDF 600 - 740 kg\/m\u00b3, je nach Profilgeometrie  Zugfestigkeit in Querrichtung \u2265 0,45 N\/mm\u00b2 (nach EN 319)  Biegesteifigkeit \u2265 18 N\/mm\u00b2 (gem\u00e4\u00df EN 310)  Biegeelastizit\u00e4tsmodul \u2265 2200 N\/mm\u00b2 (gem\u00e4\u00df EN 310)  24h-Quellwert &lt; 15% (gem\u00e4\u00df EN 317)  Papierfolie Melamin-Harnstoff-Harz impr\u00e4gniertes d\u00fcnnes Zellulose-Dekorpapier mit einer Deckschicht  Lichtechtheit 7 auf der Skala f\u00fcr blaue Wolle  Grad des Glanzes 8 - 20 Einheiten bei einem Messwinkel von 60\u00b0  Abriebfestigkeit \u2265 250 U nach EN13329 mit CS10\/500g-Schleifscheiben  Hitzebest\u00e4ndigkeit \u2265 70\u00b0C \/ 1 Std.  Maskierung der Formation Zum Abkleben der Sockelleiste w\u00e4hrend der Malerarbeiten darf nur handels\u00fcbliches Abdeckband verwendet werden. Es muss sp\u00e4testens nach 24 Stunden wieder entfernt werden.  Hobelfl\u00e4che Sichtbare Seite: Br\u00fcche oder Besch\u00e4digungen des Profils sind nicht erlaubt.  Lagerung Stehend oder liegend, Vor direkter Sonneneinstrahlung und Feuchtigkeit sch\u00fctzen, Ideales Klima: 18\u00b0C\/55-70% relative Luftfeuchtigkeit","og_url":"https:\/\/econfloorpolska.com\/de\/p\/zubehor\/weisse-leisten\/weisser-hdf-streifen\/","og_site_name":"ECONFLOOR Polska Sp. z o. o.","og_image":[{"width":2560,"height":1771,"url":"https:\/\/econfloorpolska.com\/wp-content\/uploads\/2024\/10\/SLW-070-BEZ-LOGO-scaled.jpg","type":"image\/jpeg"}],"twitter_card":"summary_large_image","schema":{"@context":"https:\/\/schema.org","@graph":[{"@type":"WebPage","@id":"https:\/\/econfloorpolska.com\/de\/p\/zubehor\/weisse-leisten\/weisser-hdf-streifen\/","url":"https:\/\/econfloorpolska.com\/de\/p\/zubehor\/weisse-leisten\/weisser-hdf-streifen\/","name":"Wei\u00dfer HDF-Streifen - ECONFLOOR Polska Sp. z o. o.","isPartOf":{"@id":"https:\/\/econfloorpolska.com\/de\/#website"},"primaryImageOfPage":{"@id":"https:\/\/econfloorpolska.com\/de\/p\/zubehor\/weisse-leisten\/weisser-hdf-streifen\/#primaryimage"},"image":{"@id":"https:\/\/econfloorpolska.com\/de\/p\/zubehor\/weisse-leisten\/weisser-hdf-streifen\/#primaryimage"},"thumbnailUrl":"https:\/\/econfloorpolska.com\/wp-content\/uploads\/2024\/10\/SLW-070-BEZ-LOGO-scaled.jpg","datePublished":"2024-10-10T07:49:20+00:00","breadcrumb":{"@id":"https:\/\/econfloorpolska.com\/de\/p\/zubehor\/weisse-leisten\/weisser-hdf-streifen\/#breadcrumb"},"inLanguage":"de","potentialAction":[{"@type":"ReadAction","target":["https:\/\/econfloorpolska.com\/de\/p\/zubehor\/weisse-leisten\/weisser-hdf-streifen\/"]}]},{"@type":"ImageObject","inLanguage":"de","@id":"https:\/\/econfloorpolska.com\/de\/p\/zubehor\/weisse-leisten\/weisser-hdf-streifen\/#primaryimage","url":"https:\/\/econfloorpolska.com\/wp-content\/uploads\/2024\/10\/SLW-070-BEZ-LOGO-scaled.jpg","contentUrl":"https:\/\/econfloorpolska.com\/wp-content\/uploads\/2024\/10\/SLW-070-BEZ-LOGO-scaled.jpg","width":2560,"height":1771},{"@type":"BreadcrumbList","@id":"https:\/\/econfloorpolska.com\/de\/p\/zubehor\/weisse-leisten\/weisser-hdf-streifen\/#breadcrumb","itemListElement":[{"@type":"ListItem","position":1,"name":"EconFloor","item":"https:\/\/econfloorpolska.com\/de\/"},{"@type":"ListItem","position":2,"name":"Produkte","item":"https:\/\/econfloorpolska.com\/de\/produkte\/"},{"@type":"ListItem","position":3,"name":"Zubeh\u00f6r","item":"https:\/\/econfloorpolska.com\/de\/k\/zubehor\/"},{"@type":"ListItem","position":4,"name":"Wei\u00dfe Leisten","item":"https:\/\/econfloorpolska.com\/de\/k\/zubehor\/weisse-leisten\/"},{"@type":"ListItem","position":5,"name":"Wei\u00dfer HDF-Streifen"}]},{"@type":"WebSite","@id":"https:\/\/econfloorpolska.com\/de\/#website","url":"https:\/\/econfloorpolska.com\/de\/","name":"EconFloor Polska","description":"","publisher":{"@id":"https:\/\/econfloorpolska.com\/de\/#organization"},"potentialAction":[{"@type":"SearchAction","target":{"@type":"EntryPoint","urlTemplate":"https:\/\/econfloorpolska.com\/de\/?s={search_term_string}"},"query-input":{"@type":"PropertyValueSpecification","valueRequired":true,"valueName":"search_term_string"}}],"inLanguage":"de"},{"@type":"Organization","@id":"https:\/\/econfloorpolska.com\/de\/#organization","name":"EconFloor Polska","url":"https:\/\/econfloorpolska.com\/de\/","logo":{"@type":"ImageObject","inLanguage":"de","@id":"https:\/\/econfloorpolska.com\/de\/#\/schema\/logo\/image\/","url":"https:\/\/econfloorpolska.com\/wp-content\/uploads\/2023\/11\/logo-color_03.png","contentUrl":"https:\/\/econfloorpolska.com\/wp-content\/uploads\/2023\/11\/logo-color_03.png","width":254,"height":58,"caption":"EconFloor Polska"},"image":{"@id":"https:\/\/econfloorpolska.com\/de\/#\/schema\/logo\/image\/"}}]}},"_links":{"self":[{"href":"https:\/\/econfloorpolska.com\/de\/wp-json\/wp\/v2\/product\/4509","targetHints":{"allow":["GET"]}}],"collection":[{"href":"https:\/\/econfloorpolska.com\/de\/wp-json\/wp\/v2\/product"}],"about":[{"href":"https:\/\/econfloorpolska.com\/de\/wp-json\/wp\/v2\/types\/product"}],"wp:featuredmedia":[{"embeddable":true,"href":"https:\/\/econfloorpolska.com\/de\/wp-json\/wp\/v2\/media\/4513"}],"wp:attachment":[{"href":"https:\/\/econfloorpolska.com\/de\/wp-json\/wp\/v2\/media?parent=4509"}],"wp:term":[{"taxonomy":"product_brand","embeddable":true,"href":"https:\/\/econfloorpolska.com\/de\/wp-json\/wp\/v2\/product_brand?post=4509"},{"taxonomy":"product_cat","embeddable":true,"href":"https:\/\/econfloorpolska.com\/de\/wp-json\/wp\/v2\/product_cat?post=4509"},{"taxonomy":"product_tag","embeddable":true,"href":"https:\/\/econfloorpolska.com\/de\/wp-json\/wp\/v2\/product_tag?post=4509"}],"curies":[{"name":"wp","href":"https:\/\/api.w.org\/{rel}","templated":true}]}}