{"id":3932,"date":"2025-01-24T11:23:17","date_gmt":"2025-01-24T10:23:17","guid":{"rendered":"https:\/\/econfloorpolska.com\/p\/unkategorisiert\/sl60\/"},"modified":"2025-01-24T11:23:17","modified_gmt":"2025-01-24T10:23:17","slug":"sl60","status":"publish","type":"product","link":"https:\/\/econfloorpolska.com\/de\/p\/zubehor\/holz-leisten\/sl60\/","title":{"rendered":"SL60"},"content":{"rendered":"","protected":false},"excerpt":{"rendered":"<p>Anwendungsbereich: Furniertes Fichtenholz, lackiert<\/p>\n<table>\n<thead>\n<tr>\n<td><strong>Spezifikation &#8211; Parameter<\/strong><\/td>\n<td><strong>Standard \/ Kontrollanforderung<\/strong><\/td>\n<td><strong>Referenzwert<\/strong><\/td>\n<\/tr>\n<\/thead>\n<tbody>\n<tr>\n<td>Abriebfestigkeit<\/td>\n<td>DIN 53109 \/500g\/CS10<\/td>\n<td>\u2265 150 U<\/td>\n<\/tr>\n<tr>\n<td>Glanz<\/td>\n<td>Reflektometer 60<\/td>\n<td>Spezifisches Dekor +\/- 5<\/td>\n<\/tr>\n<tr>\n<td>Biegen<\/td>\n<td>Visuell, Schieblehre<\/td>\n<td>Max. 1,0 cm innerhalb eines Radius von 2,5 m. Gepr\u00fcfte Platzierung auf einer ebenen Fl\u00e4che  <\/td>\n<\/tr>\n<tr>\n<td>Verdrehen<\/td>\n<td>Visuell, Schieblehre<\/td>\n<td>Max. 0,5 cm innerhalb von 2,5 m. Gepr\u00fcfte Verlegung auf ebenem Untergrund  <\/td>\n<\/tr>\n<tr>\n<td>Formaldehyd<\/td>\n<td>EN717-2<\/td>\n<td>&lt;\/= 3,5 mg\/m\u00b2\/h<\/td>\n<\/tr>\n<tr>\n<td>Gewicht<\/td>\n<td>Gravimetrisch g\/lfm<\/td>\n<td>je nach Profil (g\/lfm +\/- 7<br \/>\n%)<\/td>\n<\/tr>\n<tr>\n<td>Widerstand gegen Verformung<br \/>\nWiderstand gegen thermische Verformung<\/td>\n<td>1h\/70\u00b0C<\/td>\n<td>Keine Delaminierung<\/td>\n<\/tr>\n<tr>\n<td>Stratifizierung<\/td>\n<td>Visuell<\/td>\n<td>Keine Delamination<\/td>\n<\/tr>\n<tr>\n<td>Toleranz<\/td>\n<td>wie gezeigt<\/td>\n<td>+\/- 0,5 mm<\/td>\n<\/tr>\n<tr>\n<td>L\u00e4nge des Profils<\/td>\n<td><\/td>\n<td>+\/- 10 mm<\/td>\n<\/tr>\n<\/tbody>\n<\/table>\n","protected":false},"featured_media":3937,"template":"","meta":{"_acf_changed":false},"product_brand":[],"product_cat":[453],"product_tag":[],"class_list":{"0":"post-3932","1":"product","2":"type-product","3":"status-publish","4":"has-post-thumbnail","6":"product_cat-holz-leisten","8":"first","9":"instock","10":"shipping-taxable","11":"product-type-simple"},"acf":[],"yoast_head":"<!-- This site is optimized with the Yoast SEO plugin v27.4 - https:\/\/yoast.com\/product\/yoast-seo-wordpress\/ -->\n<title>SL60 - ECONFLOOR Polska Sp. z o. o.<\/title>\n<meta name=\"robots\" content=\"index, follow, max-snippet:-1, max-image-preview:large, max-video-preview:-1\" \/>\n<link rel=\"canonical\" href=\"https:\/\/econfloorpolska.com\/de\/p\/zubehor\/holz-leisten\/sl60\/\" \/>\n<meta property=\"og:locale\" content=\"de_DE\" \/>\n<meta property=\"og:type\" content=\"article\" \/>\n<meta property=\"og:title\" content=\"SL60 - ECONFLOOR Polska Sp. z o. o.\" \/>\n<meta property=\"og:description\" content=\"Anwendungsbereich: Furniertes Fichtenholz, lackiert  Spezifikation - Parameter Standard \/ Kontrollanforderung Referenzwert   Abriebfestigkeit DIN 53109 \/500g\/CS10 \u2265 150 U  Glanz Reflektometer 60 Spezifisches Dekor +\/- 5  Biegen Visuell, Schieblehre Max. 1,0 cm innerhalb eines Radius von 2,5 m. Gepr\u00fcfte Platzierung auf einer ebenen Fl\u00e4che   Verdrehen Visuell, Schieblehre Max. 0,5 cm innerhalb von 2,5 m. Gepr\u00fcfte Verlegung auf ebenem Untergrund   Formaldehyd EN717-2 &lt;\/= 3,5 mg\/m\u00b2\/h  Gewicht Gravimetrisch g\/lfm je nach Profil (g\/lfm +\/- 7 %)  Widerstand gegen Verformung Widerstand gegen thermische Verformung 1h\/70\u00b0C Keine Delaminierung  Stratifizierung Visuell Keine Delamination  Toleranz wie gezeigt +\/- 0,5 mm  L\u00e4nge des Profils +\/- 10 mm\" \/>\n<meta property=\"og:url\" content=\"https:\/\/econfloorpolska.com\/de\/p\/zubehor\/holz-leisten\/sl60\/\" \/>\n<meta property=\"og:site_name\" content=\"ECONFLOOR Polska Sp. z o. o.\" \/>\n<meta property=\"og:image\" content=\"https:\/\/econfloorpolska.com\/wp-content\/uploads\/2025\/01\/Sockelleiste-Eiche-60-1.jpg\" \/>\n\t<meta property=\"og:image:width\" content=\"500\" \/>\n\t<meta property=\"og:image:height\" content=\"500\" \/>\n\t<meta property=\"og:image:type\" content=\"image\/jpeg\" \/>\n<meta name=\"twitter:card\" content=\"summary_large_image\" \/>\n<script type=\"application\/ld+json\" class=\"yoast-schema-graph\">{\"@context\":\"https:\\\/\\\/schema.org\",\"@graph\":[{\"@type\":\"WebPage\",\"@id\":\"https:\\\/\\\/econfloorpolska.com\\\/de\\\/p\\\/zubehor\\\/holz-leisten\\\/sl60\\\/\",\"url\":\"https:\\\/\\\/econfloorpolska.com\\\/de\\\/p\\\/zubehor\\\/holz-leisten\\\/sl60\\\/\",\"name\":\"SL60 - ECONFLOOR Polska Sp. z o. o.\",\"isPartOf\":{\"@id\":\"https:\\\/\\\/econfloorpolska.com\\\/de\\\/#website\"},\"primaryImageOfPage\":{\"@id\":\"https:\\\/\\\/econfloorpolska.com\\\/de\\\/p\\\/zubehor\\\/holz-leisten\\\/sl60\\\/#primaryimage\"},\"image\":{\"@id\":\"https:\\\/\\\/econfloorpolska.com\\\/de\\\/p\\\/zubehor\\\/holz-leisten\\\/sl60\\\/#primaryimage\"},\"thumbnailUrl\":\"https:\\\/\\\/econfloorpolska.com\\\/wp-content\\\/uploads\\\/2025\\\/01\\\/Sockelleiste-Eiche-60-1.jpg\",\"datePublished\":\"2025-01-24T10:23:17+00:00\",\"breadcrumb\":{\"@id\":\"https:\\\/\\\/econfloorpolska.com\\\/de\\\/p\\\/zubehor\\\/holz-leisten\\\/sl60\\\/#breadcrumb\"},\"inLanguage\":\"de\",\"potentialAction\":[{\"@type\":\"ReadAction\",\"target\":[\"https:\\\/\\\/econfloorpolska.com\\\/de\\\/p\\\/zubehor\\\/holz-leisten\\\/sl60\\\/\"]}]},{\"@type\":\"ImageObject\",\"inLanguage\":\"de\",\"@id\":\"https:\\\/\\\/econfloorpolska.com\\\/de\\\/p\\\/zubehor\\\/holz-leisten\\\/sl60\\\/#primaryimage\",\"url\":\"https:\\\/\\\/econfloorpolska.com\\\/wp-content\\\/uploads\\\/2025\\\/01\\\/Sockelleiste-Eiche-60-1.jpg\",\"contentUrl\":\"https:\\\/\\\/econfloorpolska.com\\\/wp-content\\\/uploads\\\/2025\\\/01\\\/Sockelleiste-Eiche-60-1.jpg\",\"width\":500,\"height\":500},{\"@type\":\"BreadcrumbList\",\"@id\":\"https:\\\/\\\/econfloorpolska.com\\\/de\\\/p\\\/zubehor\\\/holz-leisten\\\/sl60\\\/#breadcrumb\",\"itemListElement\":[{\"@type\":\"ListItem\",\"position\":1,\"name\":\"EconFloor\",\"item\":\"https:\\\/\\\/econfloorpolska.com\\\/de\\\/\"},{\"@type\":\"ListItem\",\"position\":2,\"name\":\"Produkte\",\"item\":\"https:\\\/\\\/econfloorpolska.com\\\/de\\\/produkte\\\/\"},{\"@type\":\"ListItem\",\"position\":3,\"name\":\"Zubeh\u00f6r\",\"item\":\"https:\\\/\\\/econfloorpolska.com\\\/de\\\/k\\\/zubehor\\\/\"},{\"@type\":\"ListItem\",\"position\":4,\"name\":\"Holz Leisten\",\"item\":\"https:\\\/\\\/econfloorpolska.com\\\/de\\\/k\\\/zubehor\\\/holz-leisten\\\/\"},{\"@type\":\"ListItem\",\"position\":5,\"name\":\"SL60\"}]},{\"@type\":\"WebSite\",\"@id\":\"https:\\\/\\\/econfloorpolska.com\\\/de\\\/#website\",\"url\":\"https:\\\/\\\/econfloorpolska.com\\\/de\\\/\",\"name\":\"EconFloor Polska\",\"description\":\"\",\"publisher\":{\"@id\":\"https:\\\/\\\/econfloorpolska.com\\\/de\\\/#organization\"},\"potentialAction\":[{\"@type\":\"SearchAction\",\"target\":{\"@type\":\"EntryPoint\",\"urlTemplate\":\"https:\\\/\\\/econfloorpolska.com\\\/de\\\/?s={search_term_string}\"},\"query-input\":{\"@type\":\"PropertyValueSpecification\",\"valueRequired\":true,\"valueName\":\"search_term_string\"}}],\"inLanguage\":\"de\"},{\"@type\":\"Organization\",\"@id\":\"https:\\\/\\\/econfloorpolska.com\\\/de\\\/#organization\",\"name\":\"EconFloor Polska\",\"url\":\"https:\\\/\\\/econfloorpolska.com\\\/de\\\/\",\"logo\":{\"@type\":\"ImageObject\",\"inLanguage\":\"de\",\"@id\":\"https:\\\/\\\/econfloorpolska.com\\\/de\\\/#\\\/schema\\\/logo\\\/image\\\/\",\"url\":\"https:\\\/\\\/econfloorpolska.com\\\/wp-content\\\/uploads\\\/2023\\\/11\\\/logo-color_03.png\",\"contentUrl\":\"https:\\\/\\\/econfloorpolska.com\\\/wp-content\\\/uploads\\\/2023\\\/11\\\/logo-color_03.png\",\"width\":254,\"height\":58,\"caption\":\"EconFloor Polska\"},\"image\":{\"@id\":\"https:\\\/\\\/econfloorpolska.com\\\/de\\\/#\\\/schema\\\/logo\\\/image\\\/\"}}]}<\/script>\n<!-- \/ Yoast SEO plugin. -->","yoast_head_json":{"title":"SL60 - ECONFLOOR Polska Sp. z o. o.","robots":{"index":"index","follow":"follow","max-snippet":"max-snippet:-1","max-image-preview":"max-image-preview:large","max-video-preview":"max-video-preview:-1"},"canonical":"https:\/\/econfloorpolska.com\/de\/p\/zubehor\/holz-leisten\/sl60\/","og_locale":"de_DE","og_type":"article","og_title":"SL60 - ECONFLOOR Polska Sp. z o. o.","og_description":"Anwendungsbereich: Furniertes Fichtenholz, lackiert  Spezifikation - Parameter Standard \/ Kontrollanforderung Referenzwert   Abriebfestigkeit DIN 53109 \/500g\/CS10 \u2265 150 U  Glanz Reflektometer 60 Spezifisches Dekor +\/- 5  Biegen Visuell, Schieblehre Max. 1,0 cm innerhalb eines Radius von 2,5 m. Gepr\u00fcfte Platzierung auf einer ebenen Fl\u00e4che   Verdrehen Visuell, Schieblehre Max. 0,5 cm innerhalb von 2,5 m. Gepr\u00fcfte Verlegung auf ebenem Untergrund   Formaldehyd EN717-2 &lt;\/= 3,5 mg\/m\u00b2\/h  Gewicht Gravimetrisch g\/lfm je nach Profil (g\/lfm +\/- 7 %)  Widerstand gegen Verformung Widerstand gegen thermische Verformung 1h\/70\u00b0C Keine Delaminierung  Stratifizierung Visuell Keine Delamination  Toleranz wie gezeigt +\/- 0,5 mm  L\u00e4nge des Profils +\/- 10 mm","og_url":"https:\/\/econfloorpolska.com\/de\/p\/zubehor\/holz-leisten\/sl60\/","og_site_name":"ECONFLOOR Polska Sp. z o. o.","og_image":[{"width":500,"height":500,"url":"https:\/\/econfloorpolska.com\/wp-content\/uploads\/2025\/01\/Sockelleiste-Eiche-60-1.jpg","type":"image\/jpeg"}],"twitter_card":"summary_large_image","schema":{"@context":"https:\/\/schema.org","@graph":[{"@type":"WebPage","@id":"https:\/\/econfloorpolska.com\/de\/p\/zubehor\/holz-leisten\/sl60\/","url":"https:\/\/econfloorpolska.com\/de\/p\/zubehor\/holz-leisten\/sl60\/","name":"SL60 - ECONFLOOR Polska Sp. z o. o.","isPartOf":{"@id":"https:\/\/econfloorpolska.com\/de\/#website"},"primaryImageOfPage":{"@id":"https:\/\/econfloorpolska.com\/de\/p\/zubehor\/holz-leisten\/sl60\/#primaryimage"},"image":{"@id":"https:\/\/econfloorpolska.com\/de\/p\/zubehor\/holz-leisten\/sl60\/#primaryimage"},"thumbnailUrl":"https:\/\/econfloorpolska.com\/wp-content\/uploads\/2025\/01\/Sockelleiste-Eiche-60-1.jpg","datePublished":"2025-01-24T10:23:17+00:00","breadcrumb":{"@id":"https:\/\/econfloorpolska.com\/de\/p\/zubehor\/holz-leisten\/sl60\/#breadcrumb"},"inLanguage":"de","potentialAction":[{"@type":"ReadAction","target":["https:\/\/econfloorpolska.com\/de\/p\/zubehor\/holz-leisten\/sl60\/"]}]},{"@type":"ImageObject","inLanguage":"de","@id":"https:\/\/econfloorpolska.com\/de\/p\/zubehor\/holz-leisten\/sl60\/#primaryimage","url":"https:\/\/econfloorpolska.com\/wp-content\/uploads\/2025\/01\/Sockelleiste-Eiche-60-1.jpg","contentUrl":"https:\/\/econfloorpolska.com\/wp-content\/uploads\/2025\/01\/Sockelleiste-Eiche-60-1.jpg","width":500,"height":500},{"@type":"BreadcrumbList","@id":"https:\/\/econfloorpolska.com\/de\/p\/zubehor\/holz-leisten\/sl60\/#breadcrumb","itemListElement":[{"@type":"ListItem","position":1,"name":"EconFloor","item":"https:\/\/econfloorpolska.com\/de\/"},{"@type":"ListItem","position":2,"name":"Produkte","item":"https:\/\/econfloorpolska.com\/de\/produkte\/"},{"@type":"ListItem","position":3,"name":"Zubeh\u00f6r","item":"https:\/\/econfloorpolska.com\/de\/k\/zubehor\/"},{"@type":"ListItem","position":4,"name":"Holz Leisten","item":"https:\/\/econfloorpolska.com\/de\/k\/zubehor\/holz-leisten\/"},{"@type":"ListItem","position":5,"name":"SL60"}]},{"@type":"WebSite","@id":"https:\/\/econfloorpolska.com\/de\/#website","url":"https:\/\/econfloorpolska.com\/de\/","name":"EconFloor Polska","description":"","publisher":{"@id":"https:\/\/econfloorpolska.com\/de\/#organization"},"potentialAction":[{"@type":"SearchAction","target":{"@type":"EntryPoint","urlTemplate":"https:\/\/econfloorpolska.com\/de\/?s={search_term_string}"},"query-input":{"@type":"PropertyValueSpecification","valueRequired":true,"valueName":"search_term_string"}}],"inLanguage":"de"},{"@type":"Organization","@id":"https:\/\/econfloorpolska.com\/de\/#organization","name":"EconFloor Polska","url":"https:\/\/econfloorpolska.com\/de\/","logo":{"@type":"ImageObject","inLanguage":"de","@id":"https:\/\/econfloorpolska.com\/de\/#\/schema\/logo\/image\/","url":"https:\/\/econfloorpolska.com\/wp-content\/uploads\/2023\/11\/logo-color_03.png","contentUrl":"https:\/\/econfloorpolska.com\/wp-content\/uploads\/2023\/11\/logo-color_03.png","width":254,"height":58,"caption":"EconFloor Polska"},"image":{"@id":"https:\/\/econfloorpolska.com\/de\/#\/schema\/logo\/image\/"}}]}},"_links":{"self":[{"href":"https:\/\/econfloorpolska.com\/de\/wp-json\/wp\/v2\/product\/3932","targetHints":{"allow":["GET"]}}],"collection":[{"href":"https:\/\/econfloorpolska.com\/de\/wp-json\/wp\/v2\/product"}],"about":[{"href":"https:\/\/econfloorpolska.com\/de\/wp-json\/wp\/v2\/types\/product"}],"wp:featuredmedia":[{"embeddable":true,"href":"https:\/\/econfloorpolska.com\/de\/wp-json\/wp\/v2\/media\/3937"}],"wp:attachment":[{"href":"https:\/\/econfloorpolska.com\/de\/wp-json\/wp\/v2\/media?parent=3932"}],"wp:term":[{"taxonomy":"product_brand","embeddable":true,"href":"https:\/\/econfloorpolska.com\/de\/wp-json\/wp\/v2\/product_brand?post=3932"},{"taxonomy":"product_cat","embeddable":true,"href":"https:\/\/econfloorpolska.com\/de\/wp-json\/wp\/v2\/product_cat?post=3932"},{"taxonomy":"product_tag","embeddable":true,"href":"https:\/\/econfloorpolska.com\/de\/wp-json\/wp\/v2\/product_tag?post=3932"}],"curies":[{"name":"wp","href":"https:\/\/api.w.org\/{rel}","templated":true}]}}