{"id":3729,"date":"2025-01-29T11:09:55","date_gmt":"2025-01-29T10:09:55","guid":{"rendered":"https:\/\/econfloorpolska.com\/p\/unkategorisiert\/eurocol-153-klebstoff\/"},"modified":"2025-01-29T11:09:55","modified_gmt":"2025-01-29T10:09:55","slug":"eurocol-153-klebstoff","status":"publish","type":"product","link":"https:\/\/econfloorpolska.com\/de\/p\/zubehor\/klebstoffe-zubehor\/eurocol-153-klebstoff\/","title":{"rendered":"eurocol 153 Klebstoff"},"content":{"rendered":"<p>Nach ISO 17178 schrumpffreier, elastischer, aush\u00e4rtender Klebstoff auf Polymer-Silan-Basis, wasser- und l\u00f6sungsmittelfrei f\u00fcr die Verklebung von allen handels\u00fcblichen Massivparketten, Lamellenparketten (Dicken-\/Breitenverh\u00e4ltnis von weniger als 5:1), Mehrschichtparketten, Industrieparketten (ab 16 mm), Bambus, Parkettplatten, R\u00e4uchereiche, Dielen &gt;=15 mm dick (Dicken-\/Breitenverh\u00e4ltnis max. 1:7). Die Verklebung kann auf normativen Zementestrichen, Anhydritestrichen, vollsandgestrahlten Quarzasphaltgie\u00dfestrichen und auf normativen verschraubten, holz\u00e4hnlichen Montageplatten und Gipsfaserplatten erfolgen. <\/p>\n<p>Kann auf D\u00e4mm- und Schallschutzmatten verwendet werden (z.B. Forbo 823 Eurofloor Reno, 821\/820 Eurofloor Comfort, 804 Eurofloor Reno Fleece). Verbessert die Schalld\u00e4mmung (Schallabsorption). Kann ohne Grundierung auf Zement- oder Anhydritestrichen verwendet werden. L\u00e4sst sich leicht von der Oberfl\u00e4che von lackierten Parkettb\u00f6den entfernen. Auch geeignet f\u00fcr gereinigte, nicht saugf\u00e4hige Untergr\u00fcnde (stabile Terrakotta, Naturstein, Betonwerkstein, Metalle) und empfohlene, nicht quarzgeschliffene Reaktionsgrundierungen von Forbo Eurocol**.    <\/p>\n<p>Weitere Arbeiten k\u00f6nnen durchgef\u00fchrt werden (Schleifen und Lackieren nach 48 Stunden).<\/p>\n<p>Lange Einwirkzeit von ca. 60 Minuten. Geeignet f\u00fcr Fu\u00dfbodenheizungen.  <\/p>\n<p>F\u00fcr die Verwendung in Innenr\u00e4umen. Zertifiziert durch EMICODE EC1Plus, GISCODE RS 15, Blauer Engel UZ113. <\/p>\n<p>Das Produkt wurde nach den Regeln des Deutschen Instituts f\u00fcr Bautechnik auf seinen Emissionsgrad getestet.<\/p>\n<h4>EIGENSCHAFTEN<\/h4>\n<ul>\n<li>gut f\u00fcllend, h\u00e4rtet elastisch aus<\/li>\n<li>leicht von lackierten Parkettoberfl\u00e4chen zu entfernen<\/li>\n<li>verbessert die Schallabsorption<\/li>\n<li>Geeignet f\u00fcr Fu\u00dfbodenheizung<\/li>\n<li>lange Anwendungszeit &#8211; bis zu 60 Minuten<\/li>\n<li>l\u00f6sungsmittelfrei und wasserfrei, dadurch schrumpffrei aush\u00e4rtend<\/li>\n<li>schnelle Endverklebung<\/li>\n<li>Keine Nebenwirkungen mit den empfohlenen Lacken und \u00d6len von Forbo Eurocol*.<\/li>\n<li>hohe Anfangsklebkraft, um Bewegungen der verklebten Parkettelemente zu verhindern<\/li>\n<\/ul>\n<h4>Entwickelt zum Kleben:<\/h4>\n<ul>\n<li>Standard-Massivparkett, Industrieparkett<\/li>\n<li>Dielen&gt;= 15 mm (Verh\u00e4ltnis Dicke zu Breite 1:7), Mehrschichtparkett, Parketttafeln, einschlie\u00dflich bereits lackiertem Bambusparkett<\/li>\n<li>ger\u00e4ucherte Eiche (geruchsneutral)<\/li>\n<li>Auf Standarduntergr\u00fcnden wie<strong>: <\/strong>Zement- und Anhydritestrichen gereinigten nicht saugenden Untergr\u00fcnden (Terrakotta, Naturstein, Metalle)<\/li>\n<li>zugelassene Asphaltestriche, Montageplatten auf Holzbasis f\u00fcr die Parkettverlegung<\/li>\n<li>Isoliermatten mit Forbo-Eurocol-Zulassung<\/li>\n<li>f\u00fcr den Innenbereich, geeignet f\u00fcr Fu\u00dfbodenheizung<\/li>\n<\/ul>\n<h4>Technische Daten:<\/h4>\n<ul>\n<li><strong>Basis<\/strong><strong> <\/strong><strong>Rohstoff<\/strong><strong>: <\/strong>Polymer-Silan.<\/li>\n<li><strong>Farbe<\/strong><strong>: <\/strong>Hellbraun.<\/li>\n<li><strong>Spezifische Masse: <\/strong>1,6 g\/cm\u00b3<\/li>\n<li><strong>Konsistenz<\/strong><strong>: <\/strong>past\u00f6s, leicht aufzutragen, stabile Fugen.<\/li>\n<li><strong>Reinigung von frischem <\/strong><strong>Schmutz: <\/strong>T\u00fccher f\u00fcr frischen Schmutz 815 Euroclean Handclean, Werkzeugreiniger 358.<\/li>\n<li><strong> Anwendungsbedingungen<\/strong><strong>: <\/strong>min. 15 \u00b0C Untergrundtemperatur, min. 18\u00b0 Material- und Raumtemperatur, 35-75% relative Luftfeuchtigkeit &#8211; empfohlen &lt;65%.  <\/li>\n<li><strong>Auftragsverfahren: <\/strong>Zahnspachtel, je nach Untergrund und Parkettart, z.B. B3\/B11\/B15 (TKB). <\/li>\n<li><strong>Verbrauch<\/strong><strong>: <\/strong>ca. 800 &#8211; 1000 g\/m\u00b2 (TKB\/B3). 1000 &#8211; 1200 g\/m\u00b2 (TKB\/TKB11).  <\/li>\n<li><strong>Anwendungszeit:<\/strong><strong> <\/strong>ca. 60 Minuten unter normalen klimatischen Bedingungen (Temp. ca. 20\u00b0 C, relative Luftfeuchtigkeit &lt;65%.   <\/li>\n<li><strong>Abbindezeit<\/strong><strong>: <\/strong>ca. 24-48 Stunden, je nach Untergrund und aufgetragener Klebstoffmenge. <\/li>\n<li><strong>Verfallsdatum<\/strong><strong>: <\/strong>ca. 12 Monate in der Originalverpackung. <\/li>\n<li><strong>Lagerung: <\/strong>in einer trockenen, k\u00fchlen und fest verschlossenen Verpackung bei 5-30 \u00b0C. <\/li>\n<li><strong>Resistenz<\/strong><strong> <\/strong><strong>gegen<\/strong><strong> <\/strong><strong>Feuchtigkeit: <\/strong>nicht resistent.<\/li>\n<li><strong>Widerstandsf\u00e4higkeit<\/strong><strong> <\/strong><strong>bis<\/strong><strong> <\/strong><strong>Gefrieren: <\/strong>widerstandsf\u00e4hig.<\/li>\n<li><strong>GHS(Arbeitsschutz)-Bezeichnung<\/strong><strong>: <\/strong>entspricht den Arbeitsschutzbestimmungen und den neuesten technischen und Sicherheitsdatenbl\u00e4ttern, Forbo Eurocol Sicherheits- und Sicherheitsdatenblatt gem\u00e4\u00df EU-Richtlinie 91\/155.<\/li>\n<\/ul>\n<h4>Das Substrat:<\/h4>\n<ul>\n<li>Der Untergrund muss stabil, druck- und rissfest, trocken, ohne Risse oder Kratzer, nicht fettig und nicht staubig sein. Schichten, die die Haftung des Klebstoffs auf dem Untergrund und dem Parkett schw\u00e4chen, sollten gem\u00e4\u00df DIN 18356 mechanisch entfernt werden. <\/li>\n<li>Wenn M\u00e4ngel festgestellt werden, m\u00fcssen diese in Form von<\/li>\n<li>Unter dem Klebstoff d\u00fcrfen nur die empfohlenen Dispersions- oder Reaktionsgrundierungen verwendet werden.**<\/li>\n<li>Spachteln Sie Risse und Kratzer im Untergrund mit der geeigneten Forbo Eurocol 913 Europlan Silicat Reparaturmasse aus. Verwenden Sie zum Spachteln des Untergrunds die empfohlenen Forbo Eurocol Spachtelmassen und Grundierungen. Verwenden Sie die f\u00fcr den jeweiligen Untergrund empfohlenen Verlegeprodukte, um den beabsichtigten Zweck zu erreichen.  <\/li>\n<li>Fest angebrachte Keramikfliesen, Natursteinplatten und Betonplatten sollten mit dem empfohlenen Eurocol-Reiniger 891 Euroclean Basic gereinigt und die Oberfl\u00e4chen anschlie\u00dfend mattiert und abgesaugt werden.<\/li>\n<\/ul>\n<h4>Methode der Anwendung:<\/h4>\n<ul>\n<li>Entfernen Sie nach dem \u00d6ffnen des Eimers die &#8218;Kr\u00e4tze&#8216;, die sich auf der Oberfl\u00e4che des Klebers gebildet hat, und versuchen Sie nicht, sie mit dem Rest des Klebers zu vermischen.<\/li>\n<li>Der Klebstoffauftrag mit dem TKB\/B3-B11-B15 Spachtel h\u00e4ngt von der Gr\u00f6\u00dfe und Art des Parketts und der Ebenheit des Untergrunds ab. Erh\u00f6hen Sie beim Verkleben von langen St\u00fccken die Zahnung des Spachtels entsprechend, um eine gute Klebstoffabdeckung der Unterseite der zu verlegenden St\u00fccke zu gew\u00e4hrleisten. Halten Sie einen Abstand von 10 mm zur Wand des zu verklebenden Parketts ein.  <\/li>\n<li>Verlegen Sie das Parkett in den frisch aufgetragenen Klebstoff und achten Sie darauf, die Unterseite ordnungsgem\u00e4\u00df mit Klebstoff zu bedecken. Das Ph\u00e4nomen des sogenannten &#8222;schwimmenden Bodens&#8220; im frisch verlegten Klebstoff ist produktspezifisch und muss bei der Verlegung ber\u00fccksichtigt werden. <\/li>\n<li>Es wird empfohlen, die verleimten Parkettelemente w\u00e4hrend der Verlegung und der Aush\u00e4rtung des Klebstoffs zu belasten, insbesondere bei langen Elementen. Der Klebstoff haftet auf den meisten Holzarten sehr gut. Aufgrund der Vielzahl von Holzarten, insbesondere von exotischen H\u00f6lzern, empfehlen wir Ihnen jedoch, selbst Tests durchzuf\u00fchren. Um Haftungsprobleme auf harzreaktiven B\u00f6den zu vermeiden, empfehlen wir, diese gro\u00dfz\u00fcgig mit Quarzsand abzustreuen.  <\/li>\n<li>Unter normalen Bedingungen ist das Schleifen und Lackieren der verleimten Teile in der Regel nach ca. 24 &#8211; 48<\/li>\n<li>Bei nicht saugf\u00e4higen Untergr\u00fcnden und\/oder niedrigen Temperaturen und\/oder niedriger Luftfeuchtigkeit kann sich die Trocknungszeit um bis zu zwei Tage verl\u00e4ngern.<\/li>\n<li>Bei der Verklebung von kritischen Holzarten, insbesondere von exotischen H\u00f6lzern, sollten Haftfestigkeitstests im eigenen Haus durchgef\u00fchrt werden.<\/li>\n<li>Verwenden Sie bei der Verklebung kritischer Holzformate auf einer Fu\u00dfbodenheizung (Dielen, Bambus, 16 mm Industrieparkett) die empfohlenen Reaktionsgrundierungen von Forbo Eurocol.**.<\/li>\n<li>Verwenden Sie beim Verkleben von Nut- und Federparkett nur die empfohlenen Lacke und Pflegemittel von Forbo<\/li>\n<\/ul>\n<h4>Anmerkungen:<\/h4>\n<ul>\n<li>Beachten Sie die technischen und Sicherheitsdatenbl\u00e4tter der Hersteller aller verwendeten Materialien!<\/li>\n<li>Wir empfehlen die Verwendung von Arbeitskleidung<\/li>\n<li>Entfernen Sie Verschmutzungen auf der Parkettoberfl\u00e4che sofort oder lassen Sie sie trocknen und entfernen Sie sie dann mit 815 Euroclean T\u00fcchern. Behandeln Sie die gereinigten Stellen gegebenenfalls mit einem geeigneten Pflegemittel. Testen Sie die Wirkung des Reinigers auf dem werkseitig lackierten Parkett in einem schlecht einsehbaren Bereich oder auf einer Schablone. <\/li>\n<li>F\u00fcr die Verlegung von nicht standardisierten Parkettsorten wenden Sie sich bitte an unsere Abteilung.<\/li>\n<li>Der Kleber ist nicht geeignet f\u00fcr RE Holzpflaster und<\/li>\n<li>EMICODE, weitere Informationen unter <a href=\"http:\/\/www.emicode.com\/\">emicode.com<\/a><\/li>\n<li>Ge\u00f6lte Oberfl\u00e4chen lassen sich nur schwer von R\u00fcckst\u00e4nden frischer<\/li>\n<\/ul>\n<h4>Zus\u00e4tzliche Informationen:<\/h4>\n<p>Eine andere als die in diesem Datenblatt angegebene Verwendung bedarf in jedem Fall unserer Zustimmung. Ansonsten \u00fcbernehmen wir keine Haftung f\u00fcr unsachgem\u00e4\u00dfen Gebrauch. Die Regeln und Vorschriften des Handwerks m\u00fcssen beachtet werden. Wir gehen davon aus, dass Auftragnehmer die im jeweiligen Land geltenden Vorschriften und Normen kennen und anwenden. Unsere Angaben beruhen auf Labor- und Praxiserfahrungen. Der Hersteller garantiert die Qualit\u00e4t des Produkts. Aufgrund der Vielfalt der Materialien, Verwendungsmethoden und Umweltbedingungen, auf die wir keinen Einfluss haben, k\u00f6nnen wir jedoch keine Haftung \u00fcbernehmen, wenn das Produkt nicht gem\u00e4\u00df dieser Anleitung verwendet oder gelagert wird. Wir empfehlen, dass Sie selbst Tests durchf\u00fchren. Sie sollten im Besitz von aktuellen technischen Datenbl\u00e4ttern und Datenbl\u00e4ttern zur Produktsicherheit sein. Bitte beachten Sie unsere Allgemeinen Gesch\u00e4ftsbedingungen. Au\u00dferhalb der Reichweite von Kindern aufbewahren         <\/p>\n<p>! Sorgen Sie f\u00fcr ausreichende Bel\u00fcftung und vermeiden Sie Zugluft w\u00e4hrend der Arbeit und des Trocknens. Vermeiden Sie w\u00e4hrend der Arbeit Essen, Trinken und Rauchen. Bei Kontakt mit den Augen oder der Haut sp\u00fclen Sie diese sofort und gr\u00fcndlich mit klarem Wasser aus.  <\/p>\n<p>Vermeiden Sie das Eindringen in Abfl\u00fcsse, Grundwasser oder Gew\u00e4sser. Reinigen Sie Werkzeuge sofort nach Gebrauch mit Wasser und Seife. Entsorgen Sie nur vollst\u00e4ndig entleerte Beh\u00e4lter. Ausgeh\u00e4rtete (getrocknete) Produktreste k\u00f6nnen als Hausm\u00fcll behandelt werden. Die angegebenen Werte sind als Daten zu betrachten, die unter Laborbedingungen gewonnen wurden und sollten daher als Richtwerte angesehen werden, da die Bedingungen vor Ort variieren k\u00f6nnen. Wir empfehlen die Verwendung von geeigneter Arbeitsschutzkleidung.     <\/p>\n<p>Mit der Ver\u00f6ffentlichung dieses technischen Handbuchs werden alle zuvor ver\u00f6ffentlichten ung\u00fcltig. Beachten Sie die aktuellen technischen und Sicherheitsdatenbl\u00e4tter der verwendeten Produkte! <\/p>\n","protected":false},"excerpt":{"rendered":"<p>Einkomponentiger Polymer-Silan-Klebstoff f\u00fcr Parkettb\u00f6den.<\/p>\n","protected":false},"featured_media":3735,"template":"","meta":{"_acf_changed":false},"product_brand":[],"product_cat":[451,450],"product_tag":[],"class_list":{"0":"post-3729","1":"product","2":"type-product","3":"status-publish","4":"has-post-thumbnail","6":"product_cat-klebstoffe-zubehor","7":"product_cat-zubehor","9":"first","10":"instock","11":"shipping-taxable","12":"product-type-simple"},"acf":[],"yoast_head":"<!-- This site is optimized with the Yoast SEO plugin v27.4 - https:\/\/yoast.com\/product\/yoast-seo-wordpress\/ -->\n<title>eurocol 153 Klebstoff - ECONFLOOR Polska Sp. z o. o.<\/title>\n<meta name=\"robots\" content=\"index, follow, max-snippet:-1, max-image-preview:large, max-video-preview:-1\" \/>\n<link rel=\"canonical\" href=\"https:\/\/econfloorpolska.com\/de\/p\/zubehor\/klebstoffe-zubehor\/eurocol-153-klebstoff\/\" \/>\n<meta property=\"og:locale\" content=\"de_DE\" \/>\n<meta property=\"og:type\" content=\"article\" \/>\n<meta property=\"og:title\" content=\"eurocol 153 Klebstoff - ECONFLOOR Polska Sp. z o. o.\" \/>\n<meta property=\"og:description\" content=\"Einkomponentiger Polymer-Silan-Klebstoff f\u00fcr Parkettb\u00f6den.\" \/>\n<meta property=\"og:url\" content=\"https:\/\/econfloorpolska.com\/de\/p\/zubehor\/klebstoffe-zubehor\/eurocol-153-klebstoff\/\" \/>\n<meta property=\"og:site_name\" content=\"ECONFLOOR Polska Sp. z o. o.\" \/>\n<meta property=\"og:image\" content=\"https:\/\/econfloorpolska.com\/wp-content\/uploads\/2025\/01\/153-1.jpg\" \/>\n\t<meta property=\"og:image:width\" content=\"800\" \/>\n\t<meta property=\"og:image:height\" content=\"600\" \/>\n\t<meta property=\"og:image:type\" content=\"image\/jpeg\" \/>\n<meta name=\"twitter:card\" content=\"summary_large_image\" \/>\n<meta name=\"twitter:label1\" content=\"Gesch\u00e4tzte Lesezeit\" \/>\n\t<meta name=\"twitter:data1\" content=\"6\u00a0Minuten\" \/>\n<script type=\"application\/ld+json\" class=\"yoast-schema-graph\">{\"@context\":\"https:\\\/\\\/schema.org\",\"@graph\":[{\"@type\":\"WebPage\",\"@id\":\"https:\\\/\\\/econfloorpolska.com\\\/de\\\/p\\\/zubehor\\\/klebstoffe-zubehor\\\/eurocol-153-klebstoff\\\/\",\"url\":\"https:\\\/\\\/econfloorpolska.com\\\/de\\\/p\\\/zubehor\\\/klebstoffe-zubehor\\\/eurocol-153-klebstoff\\\/\",\"name\":\"eurocol 153 Klebstoff - ECONFLOOR Polska Sp. z o. o.\",\"isPartOf\":{\"@id\":\"https:\\\/\\\/econfloorpolska.com\\\/de\\\/#website\"},\"primaryImageOfPage\":{\"@id\":\"https:\\\/\\\/econfloorpolska.com\\\/de\\\/p\\\/zubehor\\\/klebstoffe-zubehor\\\/eurocol-153-klebstoff\\\/#primaryimage\"},\"image\":{\"@id\":\"https:\\\/\\\/econfloorpolska.com\\\/de\\\/p\\\/zubehor\\\/klebstoffe-zubehor\\\/eurocol-153-klebstoff\\\/#primaryimage\"},\"thumbnailUrl\":\"https:\\\/\\\/econfloorpolska.com\\\/wp-content\\\/uploads\\\/2025\\\/01\\\/153-1.jpg\",\"datePublished\":\"2025-01-29T10:09:55+00:00\",\"breadcrumb\":{\"@id\":\"https:\\\/\\\/econfloorpolska.com\\\/de\\\/p\\\/zubehor\\\/klebstoffe-zubehor\\\/eurocol-153-klebstoff\\\/#breadcrumb\"},\"inLanguage\":\"de\",\"potentialAction\":[{\"@type\":\"ReadAction\",\"target\":[\"https:\\\/\\\/econfloorpolska.com\\\/de\\\/p\\\/zubehor\\\/klebstoffe-zubehor\\\/eurocol-153-klebstoff\\\/\"]}]},{\"@type\":\"ImageObject\",\"inLanguage\":\"de\",\"@id\":\"https:\\\/\\\/econfloorpolska.com\\\/de\\\/p\\\/zubehor\\\/klebstoffe-zubehor\\\/eurocol-153-klebstoff\\\/#primaryimage\",\"url\":\"https:\\\/\\\/econfloorpolska.com\\\/wp-content\\\/uploads\\\/2025\\\/01\\\/153-1.jpg\",\"contentUrl\":\"https:\\\/\\\/econfloorpolska.com\\\/wp-content\\\/uploads\\\/2025\\\/01\\\/153-1.jpg\",\"width\":800,\"height\":600,\"caption\":\"KLEJ eurocol 153\"},{\"@type\":\"BreadcrumbList\",\"@id\":\"https:\\\/\\\/econfloorpolska.com\\\/de\\\/p\\\/zubehor\\\/klebstoffe-zubehor\\\/eurocol-153-klebstoff\\\/#breadcrumb\",\"itemListElement\":[{\"@type\":\"ListItem\",\"position\":1,\"name\":\"EconFloor\",\"item\":\"https:\\\/\\\/econfloorpolska.com\\\/de\\\/\"},{\"@type\":\"ListItem\",\"position\":2,\"name\":\"Produkte\",\"item\":\"https:\\\/\\\/econfloorpolska.com\\\/de\\\/produkte\\\/\"},{\"@type\":\"ListItem\",\"position\":3,\"name\":\"Zubeh\u00f6r\",\"item\":\"https:\\\/\\\/econfloorpolska.com\\\/de\\\/k\\\/zubehor\\\/\"},{\"@type\":\"ListItem\",\"position\":4,\"name\":\"Klebstoffe\",\"item\":\"https:\\\/\\\/econfloorpolska.com\\\/de\\\/k\\\/zubehor\\\/klebstoffe-zubehor\\\/\"},{\"@type\":\"ListItem\",\"position\":5,\"name\":\"eurocol 153 Klebstoff\"}]},{\"@type\":\"WebSite\",\"@id\":\"https:\\\/\\\/econfloorpolska.com\\\/de\\\/#website\",\"url\":\"https:\\\/\\\/econfloorpolska.com\\\/de\\\/\",\"name\":\"EconFloor Polska\",\"description\":\"\",\"publisher\":{\"@id\":\"https:\\\/\\\/econfloorpolska.com\\\/de\\\/#organization\"},\"potentialAction\":[{\"@type\":\"SearchAction\",\"target\":{\"@type\":\"EntryPoint\",\"urlTemplate\":\"https:\\\/\\\/econfloorpolska.com\\\/de\\\/?s={search_term_string}\"},\"query-input\":{\"@type\":\"PropertyValueSpecification\",\"valueRequired\":true,\"valueName\":\"search_term_string\"}}],\"inLanguage\":\"de\"},{\"@type\":\"Organization\",\"@id\":\"https:\\\/\\\/econfloorpolska.com\\\/de\\\/#organization\",\"name\":\"EconFloor Polska\",\"url\":\"https:\\\/\\\/econfloorpolska.com\\\/de\\\/\",\"logo\":{\"@type\":\"ImageObject\",\"inLanguage\":\"de\",\"@id\":\"https:\\\/\\\/econfloorpolska.com\\\/de\\\/#\\\/schema\\\/logo\\\/image\\\/\",\"url\":\"https:\\\/\\\/econfloorpolska.com\\\/wp-content\\\/uploads\\\/2023\\\/11\\\/logo-color_03.png\",\"contentUrl\":\"https:\\\/\\\/econfloorpolska.com\\\/wp-content\\\/uploads\\\/2023\\\/11\\\/logo-color_03.png\",\"width\":254,\"height\":58,\"caption\":\"EconFloor Polska\"},\"image\":{\"@id\":\"https:\\\/\\\/econfloorpolska.com\\\/de\\\/#\\\/schema\\\/logo\\\/image\\\/\"}}]}<\/script>\n<!-- \/ Yoast SEO plugin. -->","yoast_head_json":{"title":"eurocol 153 Klebstoff - ECONFLOOR Polska Sp. z o. o.","robots":{"index":"index","follow":"follow","max-snippet":"max-snippet:-1","max-image-preview":"max-image-preview:large","max-video-preview":"max-video-preview:-1"},"canonical":"https:\/\/econfloorpolska.com\/de\/p\/zubehor\/klebstoffe-zubehor\/eurocol-153-klebstoff\/","og_locale":"de_DE","og_type":"article","og_title":"eurocol 153 Klebstoff - ECONFLOOR Polska Sp. z o. o.","og_description":"Einkomponentiger Polymer-Silan-Klebstoff f\u00fcr Parkettb\u00f6den.","og_url":"https:\/\/econfloorpolska.com\/de\/p\/zubehor\/klebstoffe-zubehor\/eurocol-153-klebstoff\/","og_site_name":"ECONFLOOR Polska Sp. z o. o.","og_image":[{"width":800,"height":600,"url":"https:\/\/econfloorpolska.com\/wp-content\/uploads\/2025\/01\/153-1.jpg","type":"image\/jpeg"}],"twitter_card":"summary_large_image","twitter_misc":{"Gesch\u00e4tzte Lesezeit":"6\u00a0Minuten"},"schema":{"@context":"https:\/\/schema.org","@graph":[{"@type":"WebPage","@id":"https:\/\/econfloorpolska.com\/de\/p\/zubehor\/klebstoffe-zubehor\/eurocol-153-klebstoff\/","url":"https:\/\/econfloorpolska.com\/de\/p\/zubehor\/klebstoffe-zubehor\/eurocol-153-klebstoff\/","name":"eurocol 153 Klebstoff - ECONFLOOR Polska Sp. z o. o.","isPartOf":{"@id":"https:\/\/econfloorpolska.com\/de\/#website"},"primaryImageOfPage":{"@id":"https:\/\/econfloorpolska.com\/de\/p\/zubehor\/klebstoffe-zubehor\/eurocol-153-klebstoff\/#primaryimage"},"image":{"@id":"https:\/\/econfloorpolska.com\/de\/p\/zubehor\/klebstoffe-zubehor\/eurocol-153-klebstoff\/#primaryimage"},"thumbnailUrl":"https:\/\/econfloorpolska.com\/wp-content\/uploads\/2025\/01\/153-1.jpg","datePublished":"2025-01-29T10:09:55+00:00","breadcrumb":{"@id":"https:\/\/econfloorpolska.com\/de\/p\/zubehor\/klebstoffe-zubehor\/eurocol-153-klebstoff\/#breadcrumb"},"inLanguage":"de","potentialAction":[{"@type":"ReadAction","target":["https:\/\/econfloorpolska.com\/de\/p\/zubehor\/klebstoffe-zubehor\/eurocol-153-klebstoff\/"]}]},{"@type":"ImageObject","inLanguage":"de","@id":"https:\/\/econfloorpolska.com\/de\/p\/zubehor\/klebstoffe-zubehor\/eurocol-153-klebstoff\/#primaryimage","url":"https:\/\/econfloorpolska.com\/wp-content\/uploads\/2025\/01\/153-1.jpg","contentUrl":"https:\/\/econfloorpolska.com\/wp-content\/uploads\/2025\/01\/153-1.jpg","width":800,"height":600,"caption":"KLEJ eurocol 153"},{"@type":"BreadcrumbList","@id":"https:\/\/econfloorpolska.com\/de\/p\/zubehor\/klebstoffe-zubehor\/eurocol-153-klebstoff\/#breadcrumb","itemListElement":[{"@type":"ListItem","position":1,"name":"EconFloor","item":"https:\/\/econfloorpolska.com\/de\/"},{"@type":"ListItem","position":2,"name":"Produkte","item":"https:\/\/econfloorpolska.com\/de\/produkte\/"},{"@type":"ListItem","position":3,"name":"Zubeh\u00f6r","item":"https:\/\/econfloorpolska.com\/de\/k\/zubehor\/"},{"@type":"ListItem","position":4,"name":"Klebstoffe","item":"https:\/\/econfloorpolska.com\/de\/k\/zubehor\/klebstoffe-zubehor\/"},{"@type":"ListItem","position":5,"name":"eurocol 153 Klebstoff"}]},{"@type":"WebSite","@id":"https:\/\/econfloorpolska.com\/de\/#website","url":"https:\/\/econfloorpolska.com\/de\/","name":"EconFloor Polska","description":"","publisher":{"@id":"https:\/\/econfloorpolska.com\/de\/#organization"},"potentialAction":[{"@type":"SearchAction","target":{"@type":"EntryPoint","urlTemplate":"https:\/\/econfloorpolska.com\/de\/?s={search_term_string}"},"query-input":{"@type":"PropertyValueSpecification","valueRequired":true,"valueName":"search_term_string"}}],"inLanguage":"de"},{"@type":"Organization","@id":"https:\/\/econfloorpolska.com\/de\/#organization","name":"EconFloor Polska","url":"https:\/\/econfloorpolska.com\/de\/","logo":{"@type":"ImageObject","inLanguage":"de","@id":"https:\/\/econfloorpolska.com\/de\/#\/schema\/logo\/image\/","url":"https:\/\/econfloorpolska.com\/wp-content\/uploads\/2023\/11\/logo-color_03.png","contentUrl":"https:\/\/econfloorpolska.com\/wp-content\/uploads\/2023\/11\/logo-color_03.png","width":254,"height":58,"caption":"EconFloor Polska"},"image":{"@id":"https:\/\/econfloorpolska.com\/de\/#\/schema\/logo\/image\/"}}]}},"_links":{"self":[{"href":"https:\/\/econfloorpolska.com\/de\/wp-json\/wp\/v2\/product\/3729","targetHints":{"allow":["GET"]}}],"collection":[{"href":"https:\/\/econfloorpolska.com\/de\/wp-json\/wp\/v2\/product"}],"about":[{"href":"https:\/\/econfloorpolska.com\/de\/wp-json\/wp\/v2\/types\/product"}],"wp:featuredmedia":[{"embeddable":true,"href":"https:\/\/econfloorpolska.com\/de\/wp-json\/wp\/v2\/media\/3735"}],"wp:attachment":[{"href":"https:\/\/econfloorpolska.com\/de\/wp-json\/wp\/v2\/media?parent=3729"}],"wp:term":[{"taxonomy":"product_brand","embeddable":true,"href":"https:\/\/econfloorpolska.com\/de\/wp-json\/wp\/v2\/product_brand?post=3729"},{"taxonomy":"product_cat","embeddable":true,"href":"https:\/\/econfloorpolska.com\/de\/wp-json\/wp\/v2\/product_cat?post=3729"},{"taxonomy":"product_tag","embeddable":true,"href":"https:\/\/econfloorpolska.com\/de\/wp-json\/wp\/v2\/product_tag?post=3729"}],"curies":[{"name":"wp","href":"https:\/\/api.w.org\/{rel}","templated":true}]}}