{"id":3718,"date":"2025-01-29T11:10:59","date_gmt":"2025-01-29T10:10:59","guid":{"rendered":"https:\/\/econfloorpolska.com\/p\/unkategorisiert\/eurocol-643-klebstoff\/"},"modified":"2025-01-29T11:10:59","modified_gmt":"2025-01-29T10:10:59","slug":"eurocol-643-klebstoff","status":"publish","type":"product","link":"https:\/\/econfloorpolska.com\/de\/p\/zubehor\/klebstoffe-zubehor\/eurocol-643-klebstoff\/","title":{"rendered":"eurocol 643 Klebstoff"},"content":{"rendered":"","protected":false},"excerpt":{"rendered":"<h4>Allgemeine Informationen<\/h4>\n<ul>\n<li>Mehrzweckkleber\/Montagekleber (EUR643)<\/li>\n<li>Beh\u00e4lter: 13 kg<\/li>\n<li>EMICODE EC1Plus<\/li>\n<\/ul>\n<h4>Artikel<\/h4>\n<ul>\n<li>1 Paket<\/li>\n<\/ul>\n<h4>Produktvorteile<\/h4>\n<ul>\n<li>Neue Formel: 10-15% weniger Klebstoffverbrauch<\/li>\n<li>Effektive Verdunstungszeit (kann nach ca. 10 Minuten verlegt werden = k\u00fcrzere Wartezeit)<\/li>\n<li>Schnelle Zunahme der St\u00e4rke = geringe Tendenz zum Aufschwimmen nach dem Legen\/Rollen = schnelleres Gehen<\/li>\n<li>Optimierte Haftung auf selbstnivellierenden Verbindungen = erh\u00f6hte Tragf\u00e4higkeit der Sitzr\u00e4der<\/li>\n<li>Optimierte Hitzebest\u00e4ndigkeit = weniger Verbindungen oder Stumpfn\u00e4hte<\/li>\n<li>Optimierte Verteilung = leichtere Arbeit<\/li>\n<li>\u00d6kologisch und umweltfreundlich dank eines geringen CO2-Fu\u00dfabdrucks<\/li>\n<\/ul>\n<h4>Bevorzugt zu kombinieren mit:<\/h4>\n<ul>\n<li>LVT (Vinylplanken und -fliesen)<\/li>\n<li>Elastomerauskleidungen in Platten und Fliesen<\/li>\n<li>Linoleum in Platten und Fliesen<\/li>\n<li>PVC in Platten und Fliesen<\/li>\n<li>Textile Teppiche<\/li>\n<\/ul>\n<p>Der neu entwickelte Multifunktionsklebstoff EUR644 f\u00fcr Vinylbodenbel\u00e4ge hat einen um 10-15% geringeren Klebstoffverbrauch und ist dank seiner hervorragenden<br \/>\nPassform f\u00fcr verwinkelte R\u00e4ume und Hanglagen einfach und unkompliziert zu verarbeiten.<br \/>\nZu den Vorteilen geh\u00f6ren eine effiziente Verdunstungszeit, eine schnelle Festigkeitssteigerung, eine optimierte Haftung auf der Spachtelmasse, eine ausgezeichnete W\u00e4rmebest\u00e4ndigkeit und eine au\u00dfergew\u00f6hnliche Streichf\u00e4higkeit.<\/p>\n<p><strong>Hinweis:<\/strong> F\u00fcr Vinylb\u00f6den mit integrierter Schalld\u00e4mmung (Unterlage) ist der Kleber nur f\u00fcr die Verlegung in R\u00e4umen bis zu 6 m\u00b2 geeignet.<\/p>\n","protected":false},"featured_media":3721,"template":"","meta":{"_acf_changed":false},"product_brand":[],"product_cat":[451,450],"product_tag":[],"class_list":{"0":"post-3718","1":"product","2":"type-product","3":"status-publish","4":"has-post-thumbnail","6":"product_cat-klebstoffe-zubehor","7":"product_cat-zubehor","9":"first","10":"instock","11":"shipping-taxable","12":"product-type-simple"},"acf":[],"yoast_head":"<!-- This site is optimized with the Yoast SEO plugin v27.4 - https:\/\/yoast.com\/product\/yoast-seo-wordpress\/ -->\n<title>eurocol 643 Klebstoff - ECONFLOOR Polska Sp. z o. o.<\/title>\n<meta name=\"robots\" content=\"index, follow, max-snippet:-1, max-image-preview:large, max-video-preview:-1\" \/>\n<link rel=\"canonical\" href=\"https:\/\/econfloorpolska.com\/de\/p\/zubehor\/klebstoffe-zubehor\/eurocol-643-klebstoff\/\" \/>\n<meta property=\"og:locale\" content=\"de_DE\" \/>\n<meta property=\"og:type\" content=\"article\" \/>\n<meta property=\"og:title\" content=\"eurocol 643 Klebstoff - ECONFLOOR Polska Sp. z o. o.\" \/>\n<meta property=\"og:description\" content=\"Allgemeine Informationen  Mehrzweckkleber\/Montagekleber (EUR643)  Beh\u00e4lter: 13 kg  EMICODE EC1Plus Artikel  1 Paket Produktvorteile  Neue Formel: 10-15% weniger Klebstoffverbrauch  Effektive Verdunstungszeit (kann nach ca. 10 Minuten verlegt werden = k\u00fcrzere Wartezeit)  Schnelle Zunahme der St\u00e4rke = geringe Tendenz zum Aufschwimmen nach dem Legen\/Rollen = schnelleres Gehen  Optimierte Haftung auf selbstnivellierenden Verbindungen = erh\u00f6hte Tragf\u00e4higkeit der Sitzr\u00e4der  Optimierte Hitzebest\u00e4ndigkeit = weniger Verbindungen oder Stumpfn\u00e4hte  Optimierte Verteilung = leichtere Arbeit  \u00d6kologisch und umweltfreundlich dank eines geringen CO2-Fu\u00dfabdrucks Bevorzugt zu kombinieren mit:  LVT (Vinylplanken und -fliesen)  Elastomerauskleidungen in Platten und Fliesen  Linoleum in Platten und Fliesen  PVC in Platten und Fliesen  Textile Teppiche Der neu entwickelte Multifunktionsklebstoff EUR644 f\u00fcr Vinylbodenbel\u00e4ge hat einen um 10-15% geringeren Klebstoffverbrauch und ist dank seiner hervorragenden Passform f\u00fcr verwinkelte R\u00e4ume und Hanglagen einfach und unkompliziert zu verarbeiten. Zu den Vorteilen geh\u00f6ren eine effiziente Verdunstungszeit, eine schnelle Festigkeitssteigerung, eine optimierte Haftung auf der Spachtelmasse, eine ausgezeichnete W\u00e4rmebest\u00e4ndigkeit und eine au\u00dfergew\u00f6hnliche Streichf\u00e4higkeit. Hinweis: F\u00fcr Vinylb\u00f6den mit integrierter Schalld\u00e4mmung (Unterlage) ist der Kleber nur f\u00fcr die Verlegung in R\u00e4umen bis zu 6 m\u00b2 geeignet.\" \/>\n<meta property=\"og:url\" content=\"https:\/\/econfloorpolska.com\/de\/p\/zubehor\/klebstoffe-zubehor\/eurocol-643-klebstoff\/\" \/>\n<meta property=\"og:site_name\" content=\"ECONFLOOR Polska Sp. z o. o.\" \/>\n<meta property=\"og:image\" content=\"https:\/\/econfloorpolska.com\/wp-content\/uploads\/2025\/01\/klej-643.png\" \/>\n\t<meta property=\"og:image:width\" content=\"539\" \/>\n\t<meta property=\"og:image:height\" content=\"404\" \/>\n\t<meta property=\"og:image:type\" content=\"image\/png\" \/>\n<meta name=\"twitter:card\" content=\"summary_large_image\" \/>\n<script type=\"application\/ld+json\" class=\"yoast-schema-graph\">{\"@context\":\"https:\\\/\\\/schema.org\",\"@graph\":[{\"@type\":\"WebPage\",\"@id\":\"https:\\\/\\\/econfloorpolska.com\\\/de\\\/p\\\/zubehor\\\/klebstoffe-zubehor\\\/eurocol-643-klebstoff\\\/\",\"url\":\"https:\\\/\\\/econfloorpolska.com\\\/de\\\/p\\\/zubehor\\\/klebstoffe-zubehor\\\/eurocol-643-klebstoff\\\/\",\"name\":\"eurocol 643 Klebstoff - ECONFLOOR Polska Sp. z o. o.\",\"isPartOf\":{\"@id\":\"https:\\\/\\\/econfloorpolska.com\\\/de\\\/#website\"},\"primaryImageOfPage\":{\"@id\":\"https:\\\/\\\/econfloorpolska.com\\\/de\\\/p\\\/zubehor\\\/klebstoffe-zubehor\\\/eurocol-643-klebstoff\\\/#primaryimage\"},\"image\":{\"@id\":\"https:\\\/\\\/econfloorpolska.com\\\/de\\\/p\\\/zubehor\\\/klebstoffe-zubehor\\\/eurocol-643-klebstoff\\\/#primaryimage\"},\"thumbnailUrl\":\"https:\\\/\\\/econfloorpolska.com\\\/wp-content\\\/uploads\\\/2025\\\/01\\\/klej-643.png\",\"datePublished\":\"2025-01-29T10:10:59+00:00\",\"breadcrumb\":{\"@id\":\"https:\\\/\\\/econfloorpolska.com\\\/de\\\/p\\\/zubehor\\\/klebstoffe-zubehor\\\/eurocol-643-klebstoff\\\/#breadcrumb\"},\"inLanguage\":\"de\",\"potentialAction\":[{\"@type\":\"ReadAction\",\"target\":[\"https:\\\/\\\/econfloorpolska.com\\\/de\\\/p\\\/zubehor\\\/klebstoffe-zubehor\\\/eurocol-643-klebstoff\\\/\"]}]},{\"@type\":\"ImageObject\",\"inLanguage\":\"de\",\"@id\":\"https:\\\/\\\/econfloorpolska.com\\\/de\\\/p\\\/zubehor\\\/klebstoffe-zubehor\\\/eurocol-643-klebstoff\\\/#primaryimage\",\"url\":\"https:\\\/\\\/econfloorpolska.com\\\/wp-content\\\/uploads\\\/2025\\\/01\\\/klej-643.png\",\"contentUrl\":\"https:\\\/\\\/econfloorpolska.com\\\/wp-content\\\/uploads\\\/2025\\\/01\\\/klej-643.png\",\"width\":539,\"height\":404},{\"@type\":\"BreadcrumbList\",\"@id\":\"https:\\\/\\\/econfloorpolska.com\\\/de\\\/p\\\/zubehor\\\/klebstoffe-zubehor\\\/eurocol-643-klebstoff\\\/#breadcrumb\",\"itemListElement\":[{\"@type\":\"ListItem\",\"position\":1,\"name\":\"EconFloor\",\"item\":\"https:\\\/\\\/econfloorpolska.com\\\/de\\\/\"},{\"@type\":\"ListItem\",\"position\":2,\"name\":\"Produkte\",\"item\":\"https:\\\/\\\/econfloorpolska.com\\\/de\\\/produkte\\\/\"},{\"@type\":\"ListItem\",\"position\":3,\"name\":\"Zubeh\u00f6r\",\"item\":\"https:\\\/\\\/econfloorpolska.com\\\/de\\\/k\\\/zubehor\\\/\"},{\"@type\":\"ListItem\",\"position\":4,\"name\":\"Klebstoffe\",\"item\":\"https:\\\/\\\/econfloorpolska.com\\\/de\\\/k\\\/zubehor\\\/klebstoffe-zubehor\\\/\"},{\"@type\":\"ListItem\",\"position\":5,\"name\":\"eurocol 643 Klebstoff\"}]},{\"@type\":\"WebSite\",\"@id\":\"https:\\\/\\\/econfloorpolska.com\\\/de\\\/#website\",\"url\":\"https:\\\/\\\/econfloorpolska.com\\\/de\\\/\",\"name\":\"EconFloor Polska\",\"description\":\"\",\"publisher\":{\"@id\":\"https:\\\/\\\/econfloorpolska.com\\\/de\\\/#organization\"},\"potentialAction\":[{\"@type\":\"SearchAction\",\"target\":{\"@type\":\"EntryPoint\",\"urlTemplate\":\"https:\\\/\\\/econfloorpolska.com\\\/de\\\/?s={search_term_string}\"},\"query-input\":{\"@type\":\"PropertyValueSpecification\",\"valueRequired\":true,\"valueName\":\"search_term_string\"}}],\"inLanguage\":\"de\"},{\"@type\":\"Organization\",\"@id\":\"https:\\\/\\\/econfloorpolska.com\\\/de\\\/#organization\",\"name\":\"EconFloor Polska\",\"url\":\"https:\\\/\\\/econfloorpolska.com\\\/de\\\/\",\"logo\":{\"@type\":\"ImageObject\",\"inLanguage\":\"de\",\"@id\":\"https:\\\/\\\/econfloorpolska.com\\\/de\\\/#\\\/schema\\\/logo\\\/image\\\/\",\"url\":\"https:\\\/\\\/econfloorpolska.com\\\/wp-content\\\/uploads\\\/2023\\\/11\\\/logo-color_03.png\",\"contentUrl\":\"https:\\\/\\\/econfloorpolska.com\\\/wp-content\\\/uploads\\\/2023\\\/11\\\/logo-color_03.png\",\"width\":254,\"height\":58,\"caption\":\"EconFloor Polska\"},\"image\":{\"@id\":\"https:\\\/\\\/econfloorpolska.com\\\/de\\\/#\\\/schema\\\/logo\\\/image\\\/\"}}]}<\/script>\n<!-- \/ Yoast SEO plugin. -->","yoast_head_json":{"title":"eurocol 643 Klebstoff - ECONFLOOR Polska Sp. z o. o.","robots":{"index":"index","follow":"follow","max-snippet":"max-snippet:-1","max-image-preview":"max-image-preview:large","max-video-preview":"max-video-preview:-1"},"canonical":"https:\/\/econfloorpolska.com\/de\/p\/zubehor\/klebstoffe-zubehor\/eurocol-643-klebstoff\/","og_locale":"de_DE","og_type":"article","og_title":"eurocol 643 Klebstoff - ECONFLOOR Polska Sp. z o. o.","og_description":"Allgemeine Informationen  Mehrzweckkleber\/Montagekleber (EUR643)  Beh\u00e4lter: 13 kg  EMICODE EC1Plus Artikel  1 Paket Produktvorteile  Neue Formel: 10-15% weniger Klebstoffverbrauch  Effektive Verdunstungszeit (kann nach ca. 10 Minuten verlegt werden = k\u00fcrzere Wartezeit)  Schnelle Zunahme der St\u00e4rke = geringe Tendenz zum Aufschwimmen nach dem Legen\/Rollen = schnelleres Gehen  Optimierte Haftung auf selbstnivellierenden Verbindungen = erh\u00f6hte Tragf\u00e4higkeit der Sitzr\u00e4der  Optimierte Hitzebest\u00e4ndigkeit = weniger Verbindungen oder Stumpfn\u00e4hte  Optimierte Verteilung = leichtere Arbeit  \u00d6kologisch und umweltfreundlich dank eines geringen CO2-Fu\u00dfabdrucks Bevorzugt zu kombinieren mit:  LVT (Vinylplanken und -fliesen)  Elastomerauskleidungen in Platten und Fliesen  Linoleum in Platten und Fliesen  PVC in Platten und Fliesen  Textile Teppiche Der neu entwickelte Multifunktionsklebstoff EUR644 f\u00fcr Vinylbodenbel\u00e4ge hat einen um 10-15% geringeren Klebstoffverbrauch und ist dank seiner hervorragenden Passform f\u00fcr verwinkelte R\u00e4ume und Hanglagen einfach und unkompliziert zu verarbeiten. Zu den Vorteilen geh\u00f6ren eine effiziente Verdunstungszeit, eine schnelle Festigkeitssteigerung, eine optimierte Haftung auf der Spachtelmasse, eine ausgezeichnete W\u00e4rmebest\u00e4ndigkeit und eine au\u00dfergew\u00f6hnliche Streichf\u00e4higkeit. Hinweis: F\u00fcr Vinylb\u00f6den mit integrierter Schalld\u00e4mmung (Unterlage) ist der Kleber nur f\u00fcr die Verlegung in R\u00e4umen bis zu 6 m\u00b2 geeignet.","og_url":"https:\/\/econfloorpolska.com\/de\/p\/zubehor\/klebstoffe-zubehor\/eurocol-643-klebstoff\/","og_site_name":"ECONFLOOR Polska Sp. z o. o.","og_image":[{"width":539,"height":404,"url":"https:\/\/econfloorpolska.com\/wp-content\/uploads\/2025\/01\/klej-643.png","type":"image\/png"}],"twitter_card":"summary_large_image","schema":{"@context":"https:\/\/schema.org","@graph":[{"@type":"WebPage","@id":"https:\/\/econfloorpolska.com\/de\/p\/zubehor\/klebstoffe-zubehor\/eurocol-643-klebstoff\/","url":"https:\/\/econfloorpolska.com\/de\/p\/zubehor\/klebstoffe-zubehor\/eurocol-643-klebstoff\/","name":"eurocol 643 Klebstoff - ECONFLOOR Polska Sp. z o. o.","isPartOf":{"@id":"https:\/\/econfloorpolska.com\/de\/#website"},"primaryImageOfPage":{"@id":"https:\/\/econfloorpolska.com\/de\/p\/zubehor\/klebstoffe-zubehor\/eurocol-643-klebstoff\/#primaryimage"},"image":{"@id":"https:\/\/econfloorpolska.com\/de\/p\/zubehor\/klebstoffe-zubehor\/eurocol-643-klebstoff\/#primaryimage"},"thumbnailUrl":"https:\/\/econfloorpolska.com\/wp-content\/uploads\/2025\/01\/klej-643.png","datePublished":"2025-01-29T10:10:59+00:00","breadcrumb":{"@id":"https:\/\/econfloorpolska.com\/de\/p\/zubehor\/klebstoffe-zubehor\/eurocol-643-klebstoff\/#breadcrumb"},"inLanguage":"de","potentialAction":[{"@type":"ReadAction","target":["https:\/\/econfloorpolska.com\/de\/p\/zubehor\/klebstoffe-zubehor\/eurocol-643-klebstoff\/"]}]},{"@type":"ImageObject","inLanguage":"de","@id":"https:\/\/econfloorpolska.com\/de\/p\/zubehor\/klebstoffe-zubehor\/eurocol-643-klebstoff\/#primaryimage","url":"https:\/\/econfloorpolska.com\/wp-content\/uploads\/2025\/01\/klej-643.png","contentUrl":"https:\/\/econfloorpolska.com\/wp-content\/uploads\/2025\/01\/klej-643.png","width":539,"height":404},{"@type":"BreadcrumbList","@id":"https:\/\/econfloorpolska.com\/de\/p\/zubehor\/klebstoffe-zubehor\/eurocol-643-klebstoff\/#breadcrumb","itemListElement":[{"@type":"ListItem","position":1,"name":"EconFloor","item":"https:\/\/econfloorpolska.com\/de\/"},{"@type":"ListItem","position":2,"name":"Produkte","item":"https:\/\/econfloorpolska.com\/de\/produkte\/"},{"@type":"ListItem","position":3,"name":"Zubeh\u00f6r","item":"https:\/\/econfloorpolska.com\/de\/k\/zubehor\/"},{"@type":"ListItem","position":4,"name":"Klebstoffe","item":"https:\/\/econfloorpolska.com\/de\/k\/zubehor\/klebstoffe-zubehor\/"},{"@type":"ListItem","position":5,"name":"eurocol 643 Klebstoff"}]},{"@type":"WebSite","@id":"https:\/\/econfloorpolska.com\/de\/#website","url":"https:\/\/econfloorpolska.com\/de\/","name":"EconFloor Polska","description":"","publisher":{"@id":"https:\/\/econfloorpolska.com\/de\/#organization"},"potentialAction":[{"@type":"SearchAction","target":{"@type":"EntryPoint","urlTemplate":"https:\/\/econfloorpolska.com\/de\/?s={search_term_string}"},"query-input":{"@type":"PropertyValueSpecification","valueRequired":true,"valueName":"search_term_string"}}],"inLanguage":"de"},{"@type":"Organization","@id":"https:\/\/econfloorpolska.com\/de\/#organization","name":"EconFloor Polska","url":"https:\/\/econfloorpolska.com\/de\/","logo":{"@type":"ImageObject","inLanguage":"de","@id":"https:\/\/econfloorpolska.com\/de\/#\/schema\/logo\/image\/","url":"https:\/\/econfloorpolska.com\/wp-content\/uploads\/2023\/11\/logo-color_03.png","contentUrl":"https:\/\/econfloorpolska.com\/wp-content\/uploads\/2023\/11\/logo-color_03.png","width":254,"height":58,"caption":"EconFloor Polska"},"image":{"@id":"https:\/\/econfloorpolska.com\/de\/#\/schema\/logo\/image\/"}}]}},"_links":{"self":[{"href":"https:\/\/econfloorpolska.com\/de\/wp-json\/wp\/v2\/product\/3718","targetHints":{"allow":["GET"]}}],"collection":[{"href":"https:\/\/econfloorpolska.com\/de\/wp-json\/wp\/v2\/product"}],"about":[{"href":"https:\/\/econfloorpolska.com\/de\/wp-json\/wp\/v2\/types\/product"}],"wp:featuredmedia":[{"embeddable":true,"href":"https:\/\/econfloorpolska.com\/de\/wp-json\/wp\/v2\/media\/3721"}],"wp:attachment":[{"href":"https:\/\/econfloorpolska.com\/de\/wp-json\/wp\/v2\/media?parent=3718"}],"wp:term":[{"taxonomy":"product_brand","embeddable":true,"href":"https:\/\/econfloorpolska.com\/de\/wp-json\/wp\/v2\/product_brand?post=3718"},{"taxonomy":"product_cat","embeddable":true,"href":"https:\/\/econfloorpolska.com\/de\/wp-json\/wp\/v2\/product_cat?post=3718"},{"taxonomy":"product_tag","embeddable":true,"href":"https:\/\/econfloorpolska.com\/de\/wp-json\/wp\/v2\/product_tag?post=3718"}],"curies":[{"name":"wp","href":"https:\/\/api.w.org\/{rel}","templated":true}]}}