{"id":3521,"date":"2024-01-10T13:58:54","date_gmt":"2024-01-10T12:58:54","guid":{"rendered":"https:\/\/econfloorpolska.com\/herunterladen\/"},"modified":"2026-04-13T19:07:39","modified_gmt":"2026-04-13T17:07:39","slug":"downloads","status":"publish","type":"page","link":"https:\/\/econfloorpolska.com\/de\/downloads\/","title":{"rendered":"Download"},"content":{"rendered":"<div class=\"wpb-content-wrapper\"><p>[vc_row][vc_column][vc_tta_accordion title_tag=&#8220;h4&#8243; style=&#8220;modern&#8220; color=&#8220;white&#8220; active_section=&#8220;&#8220; collapsible_all=&#8220;true&#8220; el_class=&#8220;c-download&#8220;][vc_tta_section title=&#8220;Vinyl-Paneele&#8220; tab_id=&#8220;1738577931785-fea86920-cb04&#8243;][vc_column_text css=&#8220;&#8220; woodmart_inline=&#8220;no&#8220; text_larger=&#8220;no&#8220;]<strong>Produkt-Karten<\/strong><\/p>\n<ul>\n<li><a href=\"https:\/\/econfloorpolska.com\/wp-content\/uploads\/2025\/09\/Karta-danych-produktu-Herringbone-55.pdf\">Produktdatenblatt Herringbone 55 DE<\/a><\/li>\n<li><a href=\"https:\/\/econfloorpolska.com\/wp-content\/uploads\/2025\/09\/Product-Data-Sheet-Herringbone-55.pdf\">Produktdatenblatt Herringbone 55<\/a><\/li>\n<li><a href=\"https:\/\/econfloorpolska.com\/wp-content\/uploads\/2025\/09\/Produktdatenblatt-Herringbone-55.pdf\">Produktdatenblatt Herringbone 55<\/a><\/li>\n<li><a href=\"https:\/\/econfloorpolska.com\/wp-content\/uploads\/2025\/09\/Karta-danych-produktu-La-Boheme-55.pdf\">Produktdatenblatt La Boheme 55<\/a><\/li>\n<li><a href=\"https:\/\/econfloorpolska.com\/wp-content\/uploads\/2025\/09\/Product-Data-Sheet-La-Boheme-55.pdf\">Produktdatenblatt La Boheme 55<\/a><\/li>\n<li><a href=\"https:\/\/econfloorpolska.com\/wp-content\/uploads\/2025\/09\/Produktdatenblatt-La-Boheme-55.pdf\">Produktdatenblatt La Boheme 55<\/a><\/li>\n<li><a href=\"https:\/\/econfloorpolska.com\/wp-content\/uploads\/2025\/09\/Karta-danych-produktu-La-Villi-65.pdf\">Produktdatenblatt La Villi 65<\/a><\/li>\n<li><a href=\"https:\/\/econfloorpolska.com\/wp-content\/uploads\/2025\/09\/Product-Data-Sheet-La-Villi-65.pdf\">Produktdatenblatt La Villi 65<\/a><\/li>\n<li><a href=\"https:\/\/econfloorpolska.com\/wp-content\/uploads\/2025\/09\/Produktdatenblatt-La-Villi-65.pdf\">Produktdatenblatt La Villi 65<\/a><\/li>\n<li><a href=\"https:\/\/econfloorpolska.com\/wp-content\/uploads\/2025\/09\/Product-Data-Sheet-Big-Size-70.pdf\">Produktdatenblatt Big Size 70<\/a><\/li>\n<li><a href=\"https:\/\/econfloorpolska.com\/wp-content\/uploads\/2025\/09\/Produktdatenblatt-Big-Size-70.pdf\">Produktdatenblatt Big Size 70<\/a><\/li>\n<li><a href=\"https:\/\/econfloorpolska.com\/wp-content\/uploads\/2025\/09\/Karta-danych-produktu-Big-Size-70.pdf\">Produktdatenblatt Big Size 70<\/a><\/li>\n<li><a href=\"https:\/\/econfloorpolska.com\/wp-content\/uploads\/2026\/01\/Technical-Data-Sheet-Middle-East-Africa.pdf\">Technische Daten Laminat Middle East, Africa Collection<\/a><\/li>\n<\/ul>\n<p><strong>Kataloge<\/strong><\/p>\n<ul>\n<li class=\"li1\"><span class=\"s1\"><a href=\"https:\/\/econfloorpolska.com\/wp-content\/uploads\/2026\/02\/Katalog-PL-2026.pdf\"><span class=\"s2\">PL KATALOG + AKCESORIA<\/span><\/a><\/span><\/li>\n<li class=\"li1\"><span class=\"s1\"><a href=\"https:\/\/econfloorpolska.com\/wp-content\/uploads\/2026\/02\/Katalog-DE-2026-1.pdf\"><span class=\"s2\">DE KATALOG + ZUBEH\u00d6R<\/span><\/a><\/span><\/li>\n<li><a href=\"https:\/\/econfloorpolska.com\/wp-content\/uploads\/2026\/02\/Katalog-CZ-2026.pdf\">CZ KATALOG + P\u0158\u00cdSLU\u0160ENSTV\u00cd<\/a><\/li>\n<li><a href=\"https:\/\/econfloorpolska.com\/wp-content\/uploads\/2026\/02\/Katalog-SK-2026.pdf\">SK KATAL\u00d3G + PR\u00cdSLU\u0160ENSTVO<\/a><\/li>\n<li class=\"li1\"><span class=\"s1\"><a href=\"https:\/\/econfloorpolska.com\/wp-content\/uploads\/2026\/01\/Katalog-EN-2026-1.pdf\"><span class=\"s2\">ENG CATALOG + ACCESSORIES<\/span><\/a><\/span><\/li>\n<li class=\"li1\"><span class=\"s1\"><a href=\"https:\/\/econfloorpolska.com\/wp-content\/uploads\/2025\/09\/FR-CatalogueACCESSOIRES-1.pdf\"><span class=\"s2\">FR CATALOGUE + ACCESSOIRES<\/span><\/a><\/span><\/li>\n<li class=\"li1\"><span class=\"s1\"><a href=\"https:\/\/econfloorpolska.com\/wp-content\/uploads\/2025\/09\/Hu-KatalogACCESSORIES-2025.pdf\"><span class=\"s2\">HU KATAL\u00d3GUS + TARTOZ\u00c9KOK<\/span><\/a><\/span><\/li>\n<li class=\"li1\"><span class=\"s1\"><a href=\"https:\/\/econfloorpolska.com\/wp-content\/uploads\/2025\/09\/RO-KatalogACCESSORIES.pdf\"><span class=\"s2\">RO CATALOG + ACCESORII<\/span><\/a><\/span><\/li>\n<li class=\"li1\"><span class=\"s1\"><a href=\"https:\/\/econfloorpolska.com\/wp-content\/uploads\/2026\/01\/Katalog-IT-2026.pdf\"><span class=\"s2\">IT CATALOGO + ACCESSORI<\/span><\/a><\/span><\/li>\n<\/ul>\n<p><strong>Anweisungen<\/strong><\/p>\n<ul>\n<li><a href=\"https:\/\/econfloorpolska.com\/wp-content\/uploads\/2025\/09\/Instrukcje-ukladania-2GUnilin-Pushdown-SPC-PANELE-WINYLOWE.pdf\">Verlegeanleitung 2GUnilin-Pushdown SPC Vinyl Panels<\/a><\/li>\n<li><a href=\"https:\/\/econfloorpolska.com\/wp-content\/uploads\/2025\/09\/Installation-Guide-Herringbone-SPC-Vinyl-Floors-ENG.pdf\">Verlegeanleitung Fischgr\u00e4t SPC Vinylb\u00f6den ENG<\/a><\/li>\n<li><a href=\"https:\/\/econfloorpolska.com\/wp-content\/uploads\/2025\/09\/Installation-Guide-2G-Unilin-Pushdown-SPC-VINYL-FLOORS-ENG.pdf\">Verlegeanleitung 2G-Unilin Pushdown SPC VINYL FLOORS ENG<\/a><\/li>\n<li><a href=\"https:\/\/econfloorpolska.com\/wp-content\/uploads\/2025\/09\/Verlegeanleitung-2G-Unilin-Pushdown-SPC-VINYL.pdf\">Verlegeanleitung 2G-Unilin Pushdown SPC VINYL<\/a><\/li>\n<li><a href=\"https:\/\/econfloorpolska.com\/wp-content\/uploads\/2025\/09\/HU-Szerelesi-utmutato-halszalka-Herringbone-SPC-Vinyl-HU.pdf\">HU&#8211;Szerel\u00e9si \u00fatmutat\u00f3 halsz\u00e1lka (Herringbone) SPC Vinyl HU<\/a><\/li>\n<li><a href=\"https:\/\/econfloorpolska.com\/wp-content\/uploads\/2025\/09\/Verlegeanleitung-Fischgrat-Herringbone-2607-H-SPC-Vinyl-DE.pdf\">Verlegeanleitung Fischgr\u00e4t (Herringbone), 2607 H SPC Vinyl DE<\/a><\/li>\n<li><a href=\"https:\/\/econfloorpolska.com\/wp-content\/uploads\/2025\/10\/Guida-allinstallazione-SPC-Standard.pdf\">Guida all&#8217;installazione SPC Standard<\/a><\/li>\n<li><a href=\"https:\/\/econfloorpolska.com\/wp-content\/uploads\/2025\/10\/Guide-dinstallation-SPC-Standard-FR.pdf\">Guide d&#8217;installation SPC Standard &#8211; FR<\/a><\/li>\n<li><a href=\"https:\/\/econfloorpolska.com\/wp-content\/uploads\/2025\/10\/Instalacna-prirucka-SPC-Standard.pdf\">In\u0161tala\u010dn\u00e1 pr\u00edru\u010dka SPC Standard<\/a><\/li>\n<li><a href=\"https:\/\/econfloorpolska.com\/wp-content\/uploads\/2025\/10\/Instalacna-prirucka-Vinylove-podlahy-Herringbone-2G-SPC-SK.pdf\">In\u0161tala\u010dn\u00e1 pr\u00edru\u010dka Vinylov\u00e9 podlahy Herringbone 2G SPC SK<\/a><\/li>\n<li><a href=\"https:\/\/econfloorpolska.com\/wp-content\/uploads\/2025\/10\/Ghid-de-instalare-SPC-Standard-RO.pdf\">Ghid de instalare SPC Standard-RO<\/a><\/li>\n<li><a href=\"https:\/\/econfloorpolska.com\/wp-content\/uploads\/2025\/10\/Guida-allinstallazione-Herringbone-IT.pdf\">Guida all&#8217;installazione Herringbone &#8211; IT<\/a><\/li>\n<li><a href=\"https:\/\/econfloorpolska.com\/wp-content\/uploads\/2025\/10\/Guide-dinstallation-Herringbone-FR.pdf\">Guide d&#8217;installation Herringbone FR<\/a><\/li>\n<li><a href=\"https:\/\/econfloorpolska.com\/wp-content\/uploads\/2025\/10\/Instalacna-prirucka-Herringbone-SK.pdf\">In\u0161tala\u010dn\u00e1 pr\u00edru\u010dka Herringbone &#8211; SK<\/a><\/li>\n<li><a href=\"https:\/\/econfloorpolska.com\/wp-content\/uploads\/2025\/10\/Ghid-de-instalare-Herringbone-RO.pdf\">Ghid de instalare Herringbone &#8211; RO<\/a><\/li>\n<\/ul>\n<p><strong>Zertifikate<\/strong><\/p>\n<ul>\n<li><a href=\"https:\/\/econfloorpolska.com\/wp-content\/uploads\/2025\/02\/CE_Certificate_SPC08012020.pdf\">CE_Certificate_SPC08012020<\/a><\/li>\n<li><a href=\"https:\/\/econfloorpolska.com\/wp-content\/uploads\/2025\/02\/Warranty_Certificate_econfloor-polska-Sp.z.o.o.pdf\">Garantie_Zertifikat_econfloor polska Sp.z.o.o<\/a><\/li>\n<\/ul>\n<p><strong>Garantiekarten<\/strong><\/p>\n<ul>\n<li><a href=\"https:\/\/econfloorpolska.com\/wp-content\/uploads\/2025\/02\/econfloorPolska_guaranteeCard.pdf\">econfloorPoland_Garantiekarte<\/a><\/li>\n<\/ul>\n<p>[\/vc_column_text][\/vc_tta_section][vc_tta_section title=&#8220;Bodenplatten&#8220; tab_id=&#8220;1738577931799-6209f281-075f&#8220;][vc_column_text css=&#8220;&#8220; woodmart_inline=&#8220;no&#8220; text_larger=&#8220;no&#8220;]<\/p>\n<ul>\n<li style=\"list-style-type: none\">\n<ul>\n<li><a href=\"https:\/\/econfloorpolska.com\/wp-content\/uploads\/2026\/01\/Laminatfusboden-DE-1.pdf\">Laminatfu\u00dfb\u00f6den DE<\/a><\/li>\n<li><a href=\"https:\/\/econfloorpolska.com\/wp-content\/uploads\/2026\/01\/Panele-laminowane-Compressed-1.pdf-1.pdf\">Panele laminowane PL<\/a><\/li>\n<li><a href=\"https:\/\/econfloorpolska.com\/wp-content\/uploads\/2026\/01\/Laminated-flooring-EN-1.pdf-1.pdf\">Laminated flooring ENG<\/a><\/li>\n<li><a href=\"https:\/\/econfloorpolska.com\/wp-content\/uploads\/2026\/01\/Catalog-Middle-East_Africa.pdf-1.pdf\">Middle East Laminate Collection ENG<\/a><\/li>\n<li><a href=\"\/wp-content\/uploads\/2025\/02\/Fold_Down_Verlegung_GB_Flooring_Collection_2023-ENG.pdf\">Fold_Down_Verlegung_GB_Flooring<\/a><\/li>\n<li><a href=\"\/wp-content\/uploads\/2025\/02\/Produktdatenblatt-econfloor-Laminate-flooring-Standard.pdf\">Produktdatenblatt econfloor Laminatfu\u00dfboden Standard<\/a><\/li>\n<li><a href=\"\/wp-content\/uploads\/2025\/02\/Angle_Angle_Verlegung_DE_Flooring_Collection_2023-DE.pdf\">Winkel_Winkel_Verlegung_DE_Fu\u00dfboden_Kollektion_2023 DE<\/a><\/li>\n<li><a href=\"\/wp-content\/uploads\/2025\/02\/Angle_Angle_Verlegung_GB_Flooring_Collection_2023-ENG.pdf\">Winkel_Winkel_Verlegung_GB_Flooring_Collection_2023 ENG<\/a><\/li>\n<li><a href=\"\/wp-content\/uploads\/2025\/02\/Fold_Down_Verlegung_DE_Flooring_Collection_2023-DE.pdf\">Foldown_Verlegung_DE_Flooring_Collection_2023 DE<\/a><\/li>\n<li><a href=\"\/wp-content\/uploads\/2025\/02\/Product-Data-Sheet-econfloor-polska-Laminate-flooring-Standard-ENG.pdf\">Produktdatenblatt econfloor polska Laminatb\u00f6den Standard ENG<\/a><\/li>\n<li><a href=\"\/wp-content\/uploads\/2025\/02\/Fold_Down_Verlegung_GB_Flooring_Collection_2023-ENG.pdf\">_Kollektion_2023 ENG<\/a><\/li>\n<li><a href=\"\/wp-content\/uploads\/2025\/02\/Product-Data-Sheet-econfloor-polska-Laminate-flooring-7.0-STANDARD-ENG.pdf\">Produktdatenblatt econfloor polska Laminatb\u00f6den 7.0 STANDARD ENG<\/a><\/li>\n<li><a href=\"\/wp-content\/uploads\/2025\/02\/Product-Data-Sheet-econfloor-polska-Laminate-flooring-8.0-V-GROOVE-ENG.pdf\">Produktdatenblatt econfloor polska Laminatboden 8.0 V-GROOVE ENG<\/a><\/li>\n<li><a href=\"\/wp-content\/uploads\/2025\/02\/Product-Data-Sheet-econfloor-polska-Laminate-flooring-8.0-V-GROOVE-HERRINGEBONE-DE.pdf\">Produktdatenblatt econfloor polska Laminatboden 8.0 V-GROOVE HERRINGEBONE DE<\/a><\/li>\n<li><a href=\"\/wp-content\/uploads\/2025\/02\/Product-Data-Sheet-econfloor-polska-Laminate-flooring-8.0-V-GROOVE-HERRINGEBONE-ENG.pdf\">Produktdatenblatt econfloor polska Laminatboden 8.0 V-GROOVE HERRINGEBONE ENG<\/a><\/li>\n<li><a href=\"\/wp-content\/uploads\/2025\/11\/Product-Data-Sheet-econfloor-polska-Laminate-flooring-10.0-V-GROOVE-ENG.pdf\">Produktdatenblatt econfloor polska Laminatboden 10.0 V-GROOVE ENG<\/a><\/li>\n<li><a href=\"https:\/\/econfloorpolska.com\/wp-content\/uploads\/2026\/01\/Technical-Data-Sheet-Middle-East-Africa.pdf\">Product Data Sheet Laminate Middle East, Africa Collection<\/a><\/li>\n<\/ul>\n<\/li>\n<\/ul>\n<p>[\/vc_column_text][\/vc_tta_section][vc_tta_section title=&#8220;Nat\u00fcrliche Paneele&#8220; tab_id=&#8220;1738666873561-39856c96-a7e5&#8243;][vc_column_text css=&#8220;&#8220; woodmart_inline=&#8220;no&#8220; text_larger=&#8220;no&#8220;]<strong>Produkt-Karten<\/strong><\/p>\n<ul>\n<li><a href=\"https:\/\/econfloorpolska.com\/wp-content\/uploads\/2026\/04\/ENGINEERED-FLOORING-Catalog-EN.pdf\">Engineered flooring catalog, EN<\/a><\/li>\n<li><a href=\"https:\/\/econfloorpolska.com\/wp-content\/uploads\/2026\/04\/Technical-data-sheets-parquet-flooring-EN.pdf\">Engineered flooring 1 Strip Parquet, Technical data sheets, EN<\/a><\/li>\n<\/ul>\n<ul>\n<li><a href=\"https:\/\/econfloorpolska.com\/wp-content\/uploads\/2025\/02\/Elena-DE.pdf\">Elena DE<\/a><\/li>\n<li><a href=\"https:\/\/econfloorpolska.com\/wp-content\/uploads\/2025\/02\/Elena-ENG.pdf\">Elena ENG<\/a><\/li>\n<li><a href=\"https:\/\/econfloorpolska.com\/wp-content\/uploads\/2026\/04\/ECON-OAK-3-STRIPS-ELISA.pdf\">Elisa ENG<\/a><\/li>\n<li><a href=\"https:\/\/econfloorpolska.com\/wp-content\/uploads\/2025\/02\/Flipper-DE.pdf\">Flipper DE<\/a><\/li>\n<li><a href=\"https:\/\/econfloorpolska.com\/wp-content\/uploads\/2025\/02\/Flipper-ENG.pdf\">Flipper ENG<\/a><\/li>\n<li><a href=\"https:\/\/econfloorpolska.com\/wp-content\/uploads\/2025\/02\/Iris-DE.pdf\">Iris DE<\/a><\/li>\n<li><a href=\"https:\/\/econfloorpolska.com\/wp-content\/uploads\/2025\/02\/Iris-ENG.pdf\">Iris ENG<\/a><\/li>\n<li><a href=\"https:\/\/econfloorpolska.com\/wp-content\/uploads\/2025\/02\/Marlene-DE.pdf\">Marlene DE<\/a><\/li>\n<li><a href=\"https:\/\/econfloorpolska.com\/wp-content\/uploads\/2025\/02\/Marlene-ENG.pdf\">Marlene ENG<\/a><\/li>\n<li><a href=\"https:\/\/econfloorpolska.com\/wp-content\/uploads\/2025\/02\/Meg-DE.pdf\">Meg DE<\/a><\/li>\n<li><a href=\"https:\/\/econfloorpolska.com\/wp-content\/uploads\/2025\/02\/Meg-ENG.pdf\">Meg ENG<\/a><\/li>\n<li><a href=\"https:\/\/econfloorpolska.com\/wp-content\/uploads\/2025\/02\/Mia-DE.pdf\">Mia DE<\/a><\/li>\n<li><a href=\"https:\/\/econfloorpolska.com\/wp-content\/uploads\/2025\/02\/Mia-ENG.pdf\">Mia ENG<\/a><\/li>\n<li><a href=\"https:\/\/econfloorpolska.com\/wp-content\/uploads\/2025\/02\/Nemo-DE.pdf\">Nemo DE<\/a><\/li>\n<li><a href=\"https:\/\/econfloorpolska.com\/wp-content\/uploads\/2025\/02\/Nemo-ENG.pdf\">Nemo ENG<\/a><\/li>\n<li><a href=\"https:\/\/econfloorpolska.com\/wp-content\/uploads\/2025\/02\/Stella-DE.pdf\">Stella DE<\/a><\/li>\n<li><a href=\"https:\/\/econfloorpolska.com\/wp-content\/uploads\/2025\/02\/Stella-ENG.pdf\">Stella ENG<\/a><\/li>\n<li><a href=\"https:\/\/econfloorpolska.com\/wp-content\/uploads\/2025\/02\/Wanda-DE.pdf\">Wanda DE<\/a><\/li>\n<li><a href=\"https:\/\/econfloorpolska.com\/wp-content\/uploads\/2025\/02\/Wanda-ENG.pdf\">Wanda ENG<\/a><\/li>\n<li><a href=\"https:\/\/econfloorpolska.com\/wp-content\/uploads\/2025\/02\/White-Shark-DE.pdf\">Wei\u00dfer Hai DE<\/a><\/li>\n<li><a href=\"https:\/\/econfloorpolska.com\/wp-content\/uploads\/2025\/02\/White-Shark-ENG.pdf\">Wei\u00dfer Hai ENG<\/a><\/li>\n<li><a href=\"https:\/\/econfloorpolska.com\/wp-content\/uploads\/2025\/02\/Willy-DE.pdf\">Willy DE<\/a><\/li>\n<li><a href=\"https:\/\/econfloorpolska.com\/wp-content\/uploads\/2025\/02\/Willy-ENG.pdf\">Willy ENG<\/a><\/li>\n<\/ul>\n<p><strong>Anweisungen<\/strong><\/p>\n<ul>\n<li><a href=\"https:\/\/econfloorpolska.com\/wp-content\/uploads\/2025\/02\/DECLARATION-FSC-1-ENG-AND-PL-SIGNED.pdf\">ERKL\u00c4RUNG FSC 1 ENG UND EN UNTERZEICHNET<\/a><\/li>\n<li><a href=\"https:\/\/econfloorpolska.com\/wp-content\/uploads\/2025\/02\/DOP-Engineered-Florring-ENG-SIGNED.pdf\">DOP Engineered Florring ENG SIGNED<\/a><\/li>\n<li><a href=\"https:\/\/econfloorpolska.com\/wp-content\/uploads\/2025\/02\/DOP-FERTIGPARKETT-DEUTSCH-SIGNED.pdf\">DOP FERTIGPARKETT DEUTSCH SIGNIERT<\/a><\/li>\n<li><a href=\"https:\/\/econfloorpolska.com\/wp-content\/uploads\/2025\/02\/Why-econfloor-polska-Sp.z.o.o-ENG.pdf\">Warum econfloor polska Sp.z.o.o ENG<\/a><\/li>\n<li><a href=\"https:\/\/econfloorpolska.com\/wp-content\/uploads\/2025\/02\/Installation-Guide-Engineered-Flooring-econfloor-Polska-Sp.z.o.o.pdf\">Verlegeanleitung Parkett econfloor Polska Sp.z.o.o<\/a><\/li>\n<li><a href=\"https:\/\/econfloorpolska.com\/wp-content\/uploads\/2025\/02\/Installation-Guide-Engineered-Flooring-econfloor-Polska-Sp.z.o.o-EconfloorPL.pdf\">Verlegeanleitung Parkett econfloor Polska Sp.z.o.o-EconfloorPL<\/a><\/li>\n<li><a href=\"https:\/\/econfloorpolska.com\/wp-content\/uploads\/2025\/02\/Landhausdiele-Sortierungsubersicht-Econfloor.pdf\">Landhausdiele Sortierungs\u00fcbersicht Econfloor<\/a><\/li>\n<li><a href=\"https:\/\/econfloorpolska.com\/wp-content\/uploads\/2025\/02\/Econfloor-1-Strip-Sortierungsubersicht.pdf\">Econfloor 1 Strip Sortierungs\u00fcbersicht<\/a><\/li>\n<li><a href=\"https:\/\/econfloorpolska.com\/wp-content\/uploads\/2025\/02\/Econfloor-3-Strip-Sortierungsubersicht.pdf\">Econfloor 3 Strip Sortierungs\u00fcbersicht<\/a><\/li>\n<\/ul>\n<p>[\/vc_column_text][\/vc_tta_section][\/vc_tta_accordion][\/vc_column][\/vc_row]<\/p>\n<\/div>","protected":false},"excerpt":{"rendered":"<p>[vc_row][vc_column][vc_tta_accordion title_tag=&#8220;h4&#8243; style=&#8220;modern&#8220; color=&#8220;white&#8220; active_section=&#8220;&#8220; collapsible_all=&#8220;true&#8220; el_class=&#8220;c-download&#8220;][vc_tta_section title=&#8220;Vinyl-Paneele&#8220; tab_id=&#8220;1738577931785-fea86920-cb04&#8243;][vc_column_text css=&#8220;&#8220; woodmart_inline=&#8220;no&#8220; text_larger=&#8220;no&#8220;]Produkt-Karten Produktdatenblatt Herringbone 55 DE Produktdatenblatt Herringbone 55 Produktdatenblatt<\/p>\n","protected":false},"author":1,"featured_media":0,"parent":0,"menu_order":0,"comment_status":"closed","ping_status":"closed","template":"","meta":{"_acf_changed":false,"footnotes":""},"class_list":["post-3521","page","type-page","status-publish","hentry"],"acf":[],"yoast_head":"<!-- This site is optimized with the Yoast SEO plugin v27.4 - https:\/\/yoast.com\/product\/yoast-seo-wordpress\/ -->\n<title>Download - ECONFLOOR Polska Sp. z o. o.<\/title>\n<meta name=\"robots\" content=\"index, follow, max-snippet:-1, max-image-preview:large, max-video-preview:-1\" \/>\n<link rel=\"canonical\" href=\"https:\/\/econfloorpolska.com\/de\/downloads\/\" \/>\n<meta property=\"og:locale\" content=\"de_DE\" \/>\n<meta property=\"og:type\" content=\"article\" \/>\n<meta property=\"og:title\" content=\"Download - ECONFLOOR Polska Sp. z o. o.\" \/>\n<meta property=\"og:description\" content=\"[vc_row][vc_column][vc_tta_accordion title_tag=&#8220;h4&#8243; style=&#8220;modern&#8220; color=&#8220;white&#8220; active_section=&#8220;&#8220; collapsible_all=&#8220;true&#8220; el_class=&#8220;c-download&#8220;][vc_tta_section title=&#8220;Vinyl-Paneele&#8220; tab_id=&#8220;1738577931785-fea86920-cb04&#8243;][vc_column_text css=&#8220;&#8220; woodmart_inline=&#8220;no&#8220; text_larger=&#8220;no&#8220;]Produkt-Karten Produktdatenblatt Herringbone 55 DE Produktdatenblatt Herringbone 55 Produktdatenblatt\" \/>\n<meta property=\"og:url\" content=\"https:\/\/econfloorpolska.com\/de\/downloads\/\" \/>\n<meta property=\"og:site_name\" content=\"ECONFLOOR Polska Sp. z o. o.\" \/>\n<meta property=\"article:modified_time\" content=\"2026-04-13T17:07:39+00:00\" \/>\n<meta name=\"twitter:card\" content=\"summary_large_image\" \/>\n<meta name=\"twitter:label1\" content=\"Gesch\u00e4tzte Lesezeit\" \/>\n\t<meta name=\"twitter:data1\" content=\"3\u00a0Minuten\" \/>\n<script type=\"application\/ld+json\" class=\"yoast-schema-graph\">{\"@context\":\"https:\\\/\\\/schema.org\",\"@graph\":[{\"@type\":\"WebPage\",\"@id\":\"https:\\\/\\\/econfloorpolska.com\\\/de\\\/downloads\\\/\",\"url\":\"https:\\\/\\\/econfloorpolska.com\\\/de\\\/downloads\\\/\",\"name\":\"Download - ECONFLOOR Polska Sp. z o. o.\",\"isPartOf\":{\"@id\":\"https:\\\/\\\/econfloorpolska.com\\\/de\\\/#website\"},\"datePublished\":\"2024-01-10T12:58:54+00:00\",\"dateModified\":\"2026-04-13T17:07:39+00:00\",\"breadcrumb\":{\"@id\":\"https:\\\/\\\/econfloorpolska.com\\\/de\\\/downloads\\\/#breadcrumb\"},\"inLanguage\":\"de\",\"potentialAction\":[{\"@type\":\"ReadAction\",\"target\":[\"https:\\\/\\\/econfloorpolska.com\\\/de\\\/downloads\\\/\"]}]},{\"@type\":\"BreadcrumbList\",\"@id\":\"https:\\\/\\\/econfloorpolska.com\\\/de\\\/downloads\\\/#breadcrumb\",\"itemListElement\":[{\"@type\":\"ListItem\",\"position\":1,\"name\":\"EconFloor\",\"item\":\"https:\\\/\\\/econfloorpolska.com\\\/de\\\/\"},{\"@type\":\"ListItem\",\"position\":2,\"name\":\"Download\"}]},{\"@type\":\"WebSite\",\"@id\":\"https:\\\/\\\/econfloorpolska.com\\\/de\\\/#website\",\"url\":\"https:\\\/\\\/econfloorpolska.com\\\/de\\\/\",\"name\":\"EconFloor Polska\",\"description\":\"\",\"publisher\":{\"@id\":\"https:\\\/\\\/econfloorpolska.com\\\/de\\\/#organization\"},\"potentialAction\":[{\"@type\":\"SearchAction\",\"target\":{\"@type\":\"EntryPoint\",\"urlTemplate\":\"https:\\\/\\\/econfloorpolska.com\\\/de\\\/?s={search_term_string}\"},\"query-input\":{\"@type\":\"PropertyValueSpecification\",\"valueRequired\":true,\"valueName\":\"search_term_string\"}}],\"inLanguage\":\"de\"},{\"@type\":\"Organization\",\"@id\":\"https:\\\/\\\/econfloorpolska.com\\\/de\\\/#organization\",\"name\":\"EconFloor Polska\",\"url\":\"https:\\\/\\\/econfloorpolska.com\\\/de\\\/\",\"logo\":{\"@type\":\"ImageObject\",\"inLanguage\":\"de\",\"@id\":\"https:\\\/\\\/econfloorpolska.com\\\/de\\\/#\\\/schema\\\/logo\\\/image\\\/\",\"url\":\"https:\\\/\\\/econfloorpolska.com\\\/wp-content\\\/uploads\\\/2023\\\/11\\\/logo-color_03.png\",\"contentUrl\":\"https:\\\/\\\/econfloorpolska.com\\\/wp-content\\\/uploads\\\/2023\\\/11\\\/logo-color_03.png\",\"width\":254,\"height\":58,\"caption\":\"EconFloor Polska\"},\"image\":{\"@id\":\"https:\\\/\\\/econfloorpolska.com\\\/de\\\/#\\\/schema\\\/logo\\\/image\\\/\"}}]}<\/script>\n<!-- \/ Yoast SEO plugin. -->","yoast_head_json":{"title":"Download - ECONFLOOR Polska Sp. z o. o.","robots":{"index":"index","follow":"follow","max-snippet":"max-snippet:-1","max-image-preview":"max-image-preview:large","max-video-preview":"max-video-preview:-1"},"canonical":"https:\/\/econfloorpolska.com\/de\/downloads\/","og_locale":"de_DE","og_type":"article","og_title":"Download - ECONFLOOR Polska Sp. z o. o.","og_description":"[vc_row][vc_column][vc_tta_accordion title_tag=&#8220;h4&#8243; style=&#8220;modern&#8220; color=&#8220;white&#8220; active_section=&#8220;&#8220; collapsible_all=&#8220;true&#8220; el_class=&#8220;c-download&#8220;][vc_tta_section title=&#8220;Vinyl-Paneele&#8220; tab_id=&#8220;1738577931785-fea86920-cb04&#8243;][vc_column_text css=&#8220;&#8220; woodmart_inline=&#8220;no&#8220; text_larger=&#8220;no&#8220;]Produkt-Karten Produktdatenblatt Herringbone 55 DE Produktdatenblatt Herringbone 55 Produktdatenblatt","og_url":"https:\/\/econfloorpolska.com\/de\/downloads\/","og_site_name":"ECONFLOOR Polska Sp. z o. o.","article_modified_time":"2026-04-13T17:07:39+00:00","twitter_card":"summary_large_image","twitter_misc":{"Gesch\u00e4tzte Lesezeit":"3\u00a0Minuten"},"schema":{"@context":"https:\/\/schema.org","@graph":[{"@type":"WebPage","@id":"https:\/\/econfloorpolska.com\/de\/downloads\/","url":"https:\/\/econfloorpolska.com\/de\/downloads\/","name":"Download - ECONFLOOR Polska Sp. z o. o.","isPartOf":{"@id":"https:\/\/econfloorpolska.com\/de\/#website"},"datePublished":"2024-01-10T12:58:54+00:00","dateModified":"2026-04-13T17:07:39+00:00","breadcrumb":{"@id":"https:\/\/econfloorpolska.com\/de\/downloads\/#breadcrumb"},"inLanguage":"de","potentialAction":[{"@type":"ReadAction","target":["https:\/\/econfloorpolska.com\/de\/downloads\/"]}]},{"@type":"BreadcrumbList","@id":"https:\/\/econfloorpolska.com\/de\/downloads\/#breadcrumb","itemListElement":[{"@type":"ListItem","position":1,"name":"EconFloor","item":"https:\/\/econfloorpolska.com\/de\/"},{"@type":"ListItem","position":2,"name":"Download"}]},{"@type":"WebSite","@id":"https:\/\/econfloorpolska.com\/de\/#website","url":"https:\/\/econfloorpolska.com\/de\/","name":"EconFloor Polska","description":"","publisher":{"@id":"https:\/\/econfloorpolska.com\/de\/#organization"},"potentialAction":[{"@type":"SearchAction","target":{"@type":"EntryPoint","urlTemplate":"https:\/\/econfloorpolska.com\/de\/?s={search_term_string}"},"query-input":{"@type":"PropertyValueSpecification","valueRequired":true,"valueName":"search_term_string"}}],"inLanguage":"de"},{"@type":"Organization","@id":"https:\/\/econfloorpolska.com\/de\/#organization","name":"EconFloor Polska","url":"https:\/\/econfloorpolska.com\/de\/","logo":{"@type":"ImageObject","inLanguage":"de","@id":"https:\/\/econfloorpolska.com\/de\/#\/schema\/logo\/image\/","url":"https:\/\/econfloorpolska.com\/wp-content\/uploads\/2023\/11\/logo-color_03.png","contentUrl":"https:\/\/econfloorpolska.com\/wp-content\/uploads\/2023\/11\/logo-color_03.png","width":254,"height":58,"caption":"EconFloor Polska"},"image":{"@id":"https:\/\/econfloorpolska.com\/de\/#\/schema\/logo\/image\/"}}]}},"_links":{"self":[{"href":"https:\/\/econfloorpolska.com\/de\/wp-json\/wp\/v2\/pages\/3521","targetHints":{"allow":["GET"]}}],"collection":[{"href":"https:\/\/econfloorpolska.com\/de\/wp-json\/wp\/v2\/pages"}],"about":[{"href":"https:\/\/econfloorpolska.com\/de\/wp-json\/wp\/v2\/types\/page"}],"author":[{"embeddable":true,"href":"https:\/\/econfloorpolska.com\/de\/wp-json\/wp\/v2\/users\/1"}],"replies":[{"embeddable":true,"href":"https:\/\/econfloorpolska.com\/de\/wp-json\/wp\/v2\/comments?post=3521"}],"version-history":[{"count":28,"href":"https:\/\/econfloorpolska.com\/de\/wp-json\/wp\/v2\/pages\/3521\/revisions"}],"predecessor-version":[{"id":56794,"href":"https:\/\/econfloorpolska.com\/de\/wp-json\/wp\/v2\/pages\/3521\/revisions\/56794"}],"wp:attachment":[{"href":"https:\/\/econfloorpolska.com\/de\/wp-json\/wp\/v2\/media?parent=3521"}],"curies":[{"name":"wp","href":"https:\/\/api.w.org\/{rel}","templated":true}]}}