{"id":3364,"date":"2023-11-18T14:00:10","date_gmt":"2023-11-18T13:00:10","guid":{"rendered":"https:\/\/econfloorpolska.com\/cookies-politik\/"},"modified":"2023-11-18T14:00:10","modified_gmt":"2023-11-18T13:00:10","slug":"cookies-politik","status":"publish","type":"page","link":"https:\/\/econfloorpolska.com\/de\/cookies-politik\/","title":{"rendered":"Cookies Politik"},"content":{"rendered":"<ol>\n<li>Die Website <strong>econfloorpolska.com<\/strong> verwendet Cookies, d.h. Textdateien, die auf dem Computer des Benutzers gespeichert werden und die den Benutzer in einer Weise identifizieren, die notwendig ist, um bestimmte Vorg\u00e4nge zu erm\u00f6glichen. Cookies werden unter anderem verwendet, um sich an Daten zu erinnern, die f\u00fcr das Einloggen des Benutzers notwendig sind. Voraussetzung f\u00fcr die Funktion von Cookies ist, dass sie vom Browser akzeptiert und nicht von der Festplatte gel\u00f6scht werden.  <\/li>\n<li>Die Website verwendet &#8222;Sitzungs&#8220;-Cookies (die gespeichert werden, bis Sie die Website verlassen und Ihren Browser schlie\u00dfen) und &#8222;permanente&#8220; Cookies (die f\u00fcr einen bestimmten Zeitraum auf Ihrem Computer gespeichert werden).<\/li>\n<li>Website-Benutzer k\u00f6nnen ihre diesbez\u00fcglichen Einstellungen \u00e4ndern. Ihr Internet-Browser erm\u00f6glicht es Ihnen, Dateien zu l\u00f6schen und zu blockieren. Einzelheiten entnehmen Sie bitte der Hilfe oder Dokumentation des von Ihnen verwendeten Webbrowsers.  <\/li>\n<li>Die Deaktivierung von Cookies f\u00fchrt in den meisten F\u00e4llen dazu, dass bestimmte Funktionen der Website eingeschr\u00e4nkt oder blockiert werden.<\/li>\n<li>Die Website <strong>econfloorpolska.com<\/strong><strong> <\/strong>verwendet Cookies von einem Drittanbieter &#8211; Google Analytics &#8211; f\u00fcr weitere Informationen besuchen Sie bitte: <u><a href=\"http:\/\/www.google.com\/analytics\/learn\/privacy.html\">google.com\/analytics\/learn\/privacy.html<\/a><\/u><\/li>\n<li>Die auf der Website <strong>econfloorpolska.com <\/strong>verwendeten Cookies speichern keine pers\u00f6nlichen Daten.<\/li>\n<\/ol>\n","protected":false},"excerpt":{"rendered":"<p>Die Website econfloorpolska.com verwendet Cookies, d.h. Textdateien, die auf dem Computer des Benutzers gespeichert werden und die den Benutzer in<\/p>\n","protected":false},"author":1,"featured_media":0,"parent":0,"menu_order":0,"comment_status":"closed","ping_status":"closed","template":"","meta":{"_acf_changed":false,"footnotes":""},"class_list":["post-3364","page","type-page","status-publish","hentry"],"acf":[],"yoast_head":"<!-- This site is optimized with the Yoast SEO plugin v27.4 - https:\/\/yoast.com\/product\/yoast-seo-wordpress\/ -->\n<title>Cookies Politik - ECONFLOOR Polska Sp. z o. o.<\/title>\n<meta name=\"robots\" content=\"index, follow, max-snippet:-1, max-image-preview:large, max-video-preview:-1\" \/>\n<link rel=\"canonical\" href=\"https:\/\/econfloorpolska.com\/de\/cookies-politik\/\" \/>\n<meta property=\"og:locale\" content=\"de_DE\" \/>\n<meta property=\"og:type\" content=\"article\" \/>\n<meta property=\"og:title\" content=\"Cookies Politik - ECONFLOOR Polska Sp. z o. o.\" \/>\n<meta property=\"og:description\" content=\"Die Website econfloorpolska.com verwendet Cookies, d.h. Textdateien, die auf dem Computer des Benutzers gespeichert werden und die den Benutzer in\" \/>\n<meta property=\"og:url\" content=\"https:\/\/econfloorpolska.com\/de\/cookies-politik\/\" \/>\n<meta property=\"og:site_name\" content=\"ECONFLOOR Polska Sp. z o. o.\" \/>\n<meta name=\"twitter:card\" content=\"summary_large_image\" \/>\n<meta name=\"twitter:label1\" content=\"Gesch\u00e4tzte Lesezeit\" \/>\n\t<meta name=\"twitter:data1\" content=\"1\u00a0Minute\" \/>\n<script type=\"application\/ld+json\" class=\"yoast-schema-graph\">{\"@context\":\"https:\\\/\\\/schema.org\",\"@graph\":[{\"@type\":\"WebPage\",\"@id\":\"https:\\\/\\\/econfloorpolska.com\\\/de\\\/cookies-politik\\\/\",\"url\":\"https:\\\/\\\/econfloorpolska.com\\\/de\\\/cookies-politik\\\/\",\"name\":\"Cookies Politik - ECONFLOOR Polska Sp. z o. o.\",\"isPartOf\":{\"@id\":\"https:\\\/\\\/econfloorpolska.com\\\/de\\\/#website\"},\"datePublished\":\"2023-11-18T13:00:10+00:00\",\"breadcrumb\":{\"@id\":\"https:\\\/\\\/econfloorpolska.com\\\/de\\\/cookies-politik\\\/#breadcrumb\"},\"inLanguage\":\"de\",\"potentialAction\":[{\"@type\":\"ReadAction\",\"target\":[\"https:\\\/\\\/econfloorpolska.com\\\/de\\\/cookies-politik\\\/\"]}]},{\"@type\":\"BreadcrumbList\",\"@id\":\"https:\\\/\\\/econfloorpolska.com\\\/de\\\/cookies-politik\\\/#breadcrumb\",\"itemListElement\":[{\"@type\":\"ListItem\",\"position\":1,\"name\":\"EconFloor\",\"item\":\"https:\\\/\\\/econfloorpolska.com\\\/de\\\/\"},{\"@type\":\"ListItem\",\"position\":2,\"name\":\"Cookies Politik\"}]},{\"@type\":\"WebSite\",\"@id\":\"https:\\\/\\\/econfloorpolska.com\\\/de\\\/#website\",\"url\":\"https:\\\/\\\/econfloorpolska.com\\\/de\\\/\",\"name\":\"EconFloor Polska\",\"description\":\"\",\"publisher\":{\"@id\":\"https:\\\/\\\/econfloorpolska.com\\\/de\\\/#organization\"},\"potentialAction\":[{\"@type\":\"SearchAction\",\"target\":{\"@type\":\"EntryPoint\",\"urlTemplate\":\"https:\\\/\\\/econfloorpolska.com\\\/de\\\/?s={search_term_string}\"},\"query-input\":{\"@type\":\"PropertyValueSpecification\",\"valueRequired\":true,\"valueName\":\"search_term_string\"}}],\"inLanguage\":\"de\"},{\"@type\":\"Organization\",\"@id\":\"https:\\\/\\\/econfloorpolska.com\\\/de\\\/#organization\",\"name\":\"EconFloor Polska\",\"url\":\"https:\\\/\\\/econfloorpolska.com\\\/de\\\/\",\"logo\":{\"@type\":\"ImageObject\",\"inLanguage\":\"de\",\"@id\":\"https:\\\/\\\/econfloorpolska.com\\\/de\\\/#\\\/schema\\\/logo\\\/image\\\/\",\"url\":\"https:\\\/\\\/econfloorpolska.com\\\/wp-content\\\/uploads\\\/2023\\\/11\\\/logo-color_03.png\",\"contentUrl\":\"https:\\\/\\\/econfloorpolska.com\\\/wp-content\\\/uploads\\\/2023\\\/11\\\/logo-color_03.png\",\"width\":254,\"height\":58,\"caption\":\"EconFloor Polska\"},\"image\":{\"@id\":\"https:\\\/\\\/econfloorpolska.com\\\/de\\\/#\\\/schema\\\/logo\\\/image\\\/\"}}]}<\/script>\n<!-- \/ Yoast SEO plugin. -->","yoast_head_json":{"title":"Cookies Politik - ECONFLOOR Polska Sp. z o. o.","robots":{"index":"index","follow":"follow","max-snippet":"max-snippet:-1","max-image-preview":"max-image-preview:large","max-video-preview":"max-video-preview:-1"},"canonical":"https:\/\/econfloorpolska.com\/de\/cookies-politik\/","og_locale":"de_DE","og_type":"article","og_title":"Cookies Politik - ECONFLOOR Polska Sp. z o. o.","og_description":"Die Website econfloorpolska.com verwendet Cookies, d.h. Textdateien, die auf dem Computer des Benutzers gespeichert werden und die den Benutzer in","og_url":"https:\/\/econfloorpolska.com\/de\/cookies-politik\/","og_site_name":"ECONFLOOR Polska Sp. z o. o.","twitter_card":"summary_large_image","twitter_misc":{"Gesch\u00e4tzte Lesezeit":"1\u00a0Minute"},"schema":{"@context":"https:\/\/schema.org","@graph":[{"@type":"WebPage","@id":"https:\/\/econfloorpolska.com\/de\/cookies-politik\/","url":"https:\/\/econfloorpolska.com\/de\/cookies-politik\/","name":"Cookies Politik - ECONFLOOR Polska Sp. z o. o.","isPartOf":{"@id":"https:\/\/econfloorpolska.com\/de\/#website"},"datePublished":"2023-11-18T13:00:10+00:00","breadcrumb":{"@id":"https:\/\/econfloorpolska.com\/de\/cookies-politik\/#breadcrumb"},"inLanguage":"de","potentialAction":[{"@type":"ReadAction","target":["https:\/\/econfloorpolska.com\/de\/cookies-politik\/"]}]},{"@type":"BreadcrumbList","@id":"https:\/\/econfloorpolska.com\/de\/cookies-politik\/#breadcrumb","itemListElement":[{"@type":"ListItem","position":1,"name":"EconFloor","item":"https:\/\/econfloorpolska.com\/de\/"},{"@type":"ListItem","position":2,"name":"Cookies Politik"}]},{"@type":"WebSite","@id":"https:\/\/econfloorpolska.com\/de\/#website","url":"https:\/\/econfloorpolska.com\/de\/","name":"EconFloor Polska","description":"","publisher":{"@id":"https:\/\/econfloorpolska.com\/de\/#organization"},"potentialAction":[{"@type":"SearchAction","target":{"@type":"EntryPoint","urlTemplate":"https:\/\/econfloorpolska.com\/de\/?s={search_term_string}"},"query-input":{"@type":"PropertyValueSpecification","valueRequired":true,"valueName":"search_term_string"}}],"inLanguage":"de"},{"@type":"Organization","@id":"https:\/\/econfloorpolska.com\/de\/#organization","name":"EconFloor Polska","url":"https:\/\/econfloorpolska.com\/de\/","logo":{"@type":"ImageObject","inLanguage":"de","@id":"https:\/\/econfloorpolska.com\/de\/#\/schema\/logo\/image\/","url":"https:\/\/econfloorpolska.com\/wp-content\/uploads\/2023\/11\/logo-color_03.png","contentUrl":"https:\/\/econfloorpolska.com\/wp-content\/uploads\/2023\/11\/logo-color_03.png","width":254,"height":58,"caption":"EconFloor Polska"},"image":{"@id":"https:\/\/econfloorpolska.com\/de\/#\/schema\/logo\/image\/"}}]}},"_links":{"self":[{"href":"https:\/\/econfloorpolska.com\/de\/wp-json\/wp\/v2\/pages\/3364","targetHints":{"allow":["GET"]}}],"collection":[{"href":"https:\/\/econfloorpolska.com\/de\/wp-json\/wp\/v2\/pages"}],"about":[{"href":"https:\/\/econfloorpolska.com\/de\/wp-json\/wp\/v2\/types\/page"}],"author":[{"embeddable":true,"href":"https:\/\/econfloorpolska.com\/de\/wp-json\/wp\/v2\/users\/1"}],"replies":[{"embeddable":true,"href":"https:\/\/econfloorpolska.com\/de\/wp-json\/wp\/v2\/comments?post=3364"}],"version-history":[{"count":0,"href":"https:\/\/econfloorpolska.com\/de\/wp-json\/wp\/v2\/pages\/3364\/revisions"}],"wp:attachment":[{"href":"https:\/\/econfloorpolska.com\/de\/wp-json\/wp\/v2\/media?parent=3364"}],"curies":[{"name":"wp","href":"https:\/\/api.w.org\/{rel}","templated":true}]}}