{"id":3363,"date":"2023-11-18T13:54:55","date_gmt":"2023-11-18T12:54:55","guid":{"rendered":"https:\/\/econfloorpolska.com\/datenschutzbestimmungen\/"},"modified":"2023-11-18T13:54:55","modified_gmt":"2023-11-18T12:54:55","slug":"datenschutzbestimmungen","status":"publish","type":"page","link":"https:\/\/econfloorpolska.com\/de\/datenschutzbestimmungen\/","title":{"rendered":"Datenschutzbestimmungen"},"content":{"rendered":"<h4 class=\"fusion-responsive-typography-calculated\" style=\"text-align: center;\" data-fontsize=\"24\" data-lineheight=\"28.8px\"><strong>Allgemeine Informationen.<\/strong><\/h4>\n<ol>\n<li>Der Betreiber der Website <strong>econfloorpolska.com<\/strong> ist  <strong>Econfloor Polska Sp\u00f3\u0142ka Z Ograniczon\u0105 Odpowiedzialno\u015bci\u0105, ul. Krzywa 12A, 34-400 Nowy Targ, EN 7343403735 <\/strong><\/li>\n<li>Der Dienst f\u00fchrt Funktionen aus, um Informationen \u00fcber die Benutzer und ihr Verhalten auf folgende Weise zu erhalten:\n<ol>\n<li>Durch die freiwillige Eingabe von Informationen in die Formulare.<\/li>\n<li>Durch die Speicherung von Cookies (sogenannten &#8222;Cookies&#8220;) auf den Endger\u00e4ten.<\/li>\n<li>Durch die Sammlung von Webserver-Protokollen durch den Hosting-Betreiber lh.pl, der unter der Adresse lh.pl<\/li>\n<\/ol>\n<\/li>\n<\/ol>\n<h4 class=\"fusion-responsive-typography-calculated\" style=\"text-align: center;\" data-fontsize=\"24\" data-lineheight=\"28.8px\"><strong>Informationen in den Formularen.<\/strong><\/h4>\n<ol>\n<li>Der Dienst sammelt Informationen, die der Benutzer freiwillig zur Verf\u00fcgung stellt.<\/li>\n<li>Dar\u00fcber hinaus kann der Dienst Informationen \u00fcber die Verbindungsparameter (Zeitstempel, IP-Adresse) speichern<\/li>\n<li>Die Daten im Formular werden nur mit Zustimmung des Benutzers an Dritte weitergegeben.<\/li>\n<li>Die im Formular angegebenen Daten k\u00f6nnen eine Reihe von potenziellen Kunden darstellen, die vom Betreiber der Website in dem vom Generalinspektor f\u00fcr den Schutz personenbezogener Daten gef\u00fchrten Register registriert werden.<\/li>\n<li>Die im Formular angegebenen Daten werden f\u00fcr den Zweck verarbeitet, der sich aus der Funktion des jeweiligen Formulars ergibt, z.B. um eine Serviceanfrage zu bearbeiten oder einen Verkaufskontakt herzustellen.<\/li>\n<li>Die in den Formularen angegebenen Daten k\u00f6nnen an Einrichtungen weitergeleitet werden, die bestimmte technische Dienstleistungen erbringen &#8211; dies betrifft insbesondere die Weitergabe von Informationen \u00fcber den Inhaber der registrierten Domain an Einrichtungen, die Betreiber von Internet-Domains sind (vor allem das Wissenschaftliche und Akademische Computernetzwerk von j.b.r &#8211; NASK), Dienste, die Zahlungen abwickeln oder andere Einrichtungen, mit denen der Betreiber der Website in dieser Hinsicht zusammenarbeitet.<\/li>\n<li>Informationen \u00fcber Cookies.<\/li>\n<\/ol>\n<h4 class=\"fusion-responsive-typography-calculated\" style=\"text-align: center;\" data-fontsize=\"24\" data-lineheight=\"28.8px\"><strong>Die Website verwendet Cookies.<\/strong><\/h4>\n<ol>\n<li>Cookies (so genannte &#8222;Cookies&#8220;) sind IT-Daten, insbesondere Textdateien, die im Endger\u00e4t des Service-Nutzers gespeichert werden und f\u00fcr die Nutzung der Website bestimmt sind. Cookies enthalten in der Regel den Namen der Website, von der sie stammen, die Zeit, in der sie auf dem Endger\u00e4t gespeichert werden, und eine eindeutige Nummer. <\/li>\n<li>Die Instanz, die Cookies auf dem Endger\u00e4t des Service-Nutzers platziert und auf sie zugreift, ist der Service-Betreiber.<\/li>\n<li>Cookies werden f\u00fcr die folgenden Zwecke verwendet:\n<ol>\n<li>die Erstellung von Statistiken, die uns helfen zu verstehen, wie die Besucher der Website die Websites nutzen, wodurch wir deren Struktur und Inhalt verbessern k\u00f6nnen;<\/li>\n<li>Aufrechterhaltung einer Sitzung des Service-Benutzers (nach dem Einloggen), dank derer der Benutzer sein Login und sein Passwort nicht auf jeder Unterseite des Service erneut eingeben muss;<\/li>\n<li>um Ihr Profil zu definieren, damit Ihnen in Werbenetzwerken, insbesondere im Google-Netzwerk, ma\u00dfgeschneidertes Material angezeigt werden kann.<\/li>\n<\/ol>\n<\/li>\n<li>Die Website verwendet zwei Haupttypen von Cookies: &#8222;Session&#8220; (Sitzungscookies) und &#8222;permanente&#8220; (dauerhafte Cookies). &#8222;Session&#8220;-Cookies sind tempor\u00e4re Dateien, die auf dem Endger\u00e4t des Benutzers gespeichert werden, bis er sich abmeldet, die Website verl\u00e4sst oder die Software (Webbrowser) ausschaltet. &#8222;Permanente&#8220; Cookies werden auf dem Endger\u00e4t des Nutzers f\u00fcr die in den Cookie-Parametern angegebene Dauer gespeichert oder bis sie vom Nutzer gel\u00f6scht werden.  <\/li>\n<li>Die Webbrowser-Software (Webbrowser) erlaubt in der Regel standardm\u00e4\u00dfig die Speicherung von Cookies auf dem Endger\u00e4t des Nutzers. Die Nutzer der Website k\u00f6nnen ihre diesbez\u00fcglichen Einstellungen \u00e4ndern. Der Internetbrowser erm\u00f6glicht es, Cookies zu l\u00f6schen. Es ist auch m\u00f6glich, Cookies automatisch zu blockieren. Einzelheiten entnehmen Sie bitte der Hilfe oder Dokumentation Ihres Internet-Browsers.   <\/li>\n<li>Einschr\u00e4nkungen bei der Verwendung von Cookies k\u00f6nnen einige der auf der Website verf\u00fcgbaren Funktionen beeintr\u00e4chtigen.<\/li>\n<li>Cookies werden auf dem Endger\u00e4t des Service-Nutzers platziert und k\u00f6nnen auch von Werbetreibenden und Partnern, die mit dem Service-Betreiber zusammenarbeiten, verwendet werden.<\/li>\n<li>Wir empfehlen Ihnen, die Datenschutzrichtlinien dieser Unternehmen zu lesen, um die Verwendung von Cookies in Statistiken zu verstehen: <u><a href=\"http:\/\/www.google.pl\/intl\/pl\/analytics\/privacyoverview.html\">Google Analytics Datenschutzrichtlinie<\/a><\/u><\/li>\n<li>Cookies k\u00f6nnen von Werbenetzwerken, insbesondere dem Google-Netzwerk, verwendet werden, um Werbung anzuzeigen, die auf die Art und Weise, wie der Nutzer die Website nutzt, zugeschnitten ist. Zu diesem Zweck k\u00f6nnen sie Informationen \u00fcber den Navigationspfad des Nutzers oder die auf einer bestimmten Seite verbrachte Zeit aufbewahren. <\/li>\n<li>Was die vom Google-Werbenetzwerk gesammelten Informationen \u00fcber die Nutzerpr\u00e4ferenzen betrifft, so kann der Nutzer die aus den Cookies resultierenden Informationen mithilfe eines Tools einsehen und bearbeiten: <u><a href=\"https:\/\/www.google.com\/ads\/preferences\/\">https:\/\/www.google.com\/ads\/preferences\/<\/a><\/u><\/li>\n<\/ol>\n<h4 class=\"fusion-responsive-typography-calculated\" style=\"text-align: center;\" data-fontsize=\"24\" data-lineheight=\"28.8px\"><strong>Server-Protokolle.<\/strong><\/h4>\n<ol>\n<li>Informationen \u00fcber ein bestimmtes Benutzerverhalten werden auf der Serverebene protokolliert. Diese Daten werden ausschlie\u00dflich f\u00fcr die Verwaltung der Website verwendet und um sicherzustellen, dass die angebotenen Hosting-Dienste so effizient wie m\u00f6glich sind.<\/li>\n<li>Die angezeigten Ressourcen werden durch URLs identifiziert. Dar\u00fcber hinaus kann die Aufzeichnung Gegenstand von:\n<ol>\n<li>den Zeitpunkt der Untersuchung,<\/li>\n<li>zum Zeitpunkt der Absendung der Antwort,<\/li>\n<li>der Name der Client-Station &#8211; Identifizierung \u00fcber das HTTP-Protokoll,<\/li>\n<li>Informationen \u00fcber Fehler, die w\u00e4hrend der Ausf\u00fchrung der HTTP-Transaktion aufgetreten sind,<\/li>\n<li>die URL einer Seite, die der Benutzer zuvor besucht hat (Referer-Link), falls es sich um einen Link zur Website handelt,<\/li>\n<li>Informationen \u00fcber den Browser des Benutzers,<\/li>\n<li>Informationen zur IP-Adresse.<\/li>\n<\/ol>\n<\/li>\n<li>Die oben genannten Daten sind nicht mit bestimmten Besuchern verbunden.<\/li>\n<li>Die oben genannten Daten werden nur f\u00fcr die Serververwaltung verwendet.<\/li>\n<\/ol>\n<h4 class=\"fusion-responsive-typography-calculated\" style=\"text-align: center;\" data-fontsize=\"24\" data-lineheight=\"28.8px\"><strong>Gemeinsame Nutzung von Daten.<\/strong><\/h4>\n<ol>\n<li>Die Weitergabe von Daten an externe Parteien erfolgt nur im Rahmen der gesetzlichen Bestimmungen.<\/li>\n<li>Pers\u00f6nlich identifizierbare Informationen einer Person werden nur mit der Zustimmung dieser Person weitergegeben.<\/li>\n<li>Der Betreiber kann verpflichtet sein, die durch den Dienst gesammelten Informationen auf der Grundlage rechtm\u00e4\u00dfiger Anfragen im Umfang der Anfrage an autorisierte Beh\u00f6rden weiterzugeben.<\/li>\n<\/ol>\n<h4 class=\"fusion-responsive-typography-calculated\" style=\"text-align: center;\" data-fontsize=\"24\" data-lineheight=\"28.8px\"><strong>Umgang mit Cookies &#8211; wie kann man die Zustimmung in der Praxis erteilen und widerrufen?<\/strong><\/h4>\n<ol>\n<li>Wenn Sie keine Cookies erhalten m\u00f6chten, k\u00f6nnen Sie Ihre Browsereinstellungen \u00e4ndern. Bitte beachten Sie, dass die Deaktivierung von Cookies, die f\u00fcr Authentifizierungsprozesse, die Sicherheit und die Beibehaltung von Benutzereinstellungen unerl\u00e4sslich sind, die Nutzung der Websites erschweren und in extremen F\u00e4llen unm\u00f6glich machen kann.<\/li>\n<li>Um Ihre Cookie-Einstellungen zu verwalten, w\u00e4hlen Sie Ihren Browser\/das System aus der folgenden Liste aus und folgen Sie den Anweisungen:\n<ol>\n<li><a href=\"http:\/\/support.microsoft.com\/kb\/196955\">Internet Explorer<\/a><\/li>\n<li><a href=\"http:\/\/support.google.com\/chrome\/bin\/answer.py?hl=pl&amp;answer=95647\">Chrom<\/a><\/li>\n<li><a href=\"http:\/\/support.apple.com\/kb\/PH5042\">Safari<\/a><\/li>\n<li><a href=\"http:\/\/support.mozilla.org\/pl\/kb\/W%C5%82%C4%85czanie%20i%20wy%C5%82%C4%85czanie%20obs%C5%82ugi%20ciasteczek\">Firefox<\/a><\/li>\n<li><a href=\"http:\/\/help.opera.com\/Windows\/12.10\/pl\/cookies.html\">Oper<\/a><\/li>\n<li><a href=\"http:\/\/support.google.com\/chrome\/bin\/answer.py?hl=pl&amp;answer=95647\">Android<\/a><\/li>\n<li><a href=\"http:\/\/support.apple.com\/kb\/HT1677?viewlocale=pl_PL\">Safari (iOS)<\/a><\/li>\n<li><a href=\"http:\/\/www.windowsphone.com\/pl-pl\/how-to\/wp7\/web\/changing-privacy-and-other-browser-settings\">Windows Phone<\/a><\/li>\n<li><a href=\"http:\/\/docs.blackberry.com\/en\/smartphone_users\/deliverables\/32004\/Turn_off_cookies_in_the_browser_60_1072866_11.jsp\">Blackberry<\/a><\/li>\n<\/ol>\n<\/li>\n<\/ol>\n","protected":false},"excerpt":{"rendered":"<p>Allgemeine Informationen. Der Betreiber der Website econfloorpolska.com ist Econfloor Polska Sp\u00f3\u0142ka Z Ograniczon\u0105 Odpowiedzialno\u015bci\u0105, ul. Krzywa 12A, 34-400 Nowy Targ,<\/p>\n","protected":false},"author":1,"featured_media":0,"parent":0,"menu_order":0,"comment_status":"closed","ping_status":"open","template":"","meta":{"_acf_changed":false,"footnotes":""},"class_list":["post-3363","page","type-page","status-publish","hentry"],"acf":[],"yoast_head":"<!-- This site is optimized with the Yoast SEO plugin v27.4 - https:\/\/yoast.com\/product\/yoast-seo-wordpress\/ -->\n<title>Datenschutzbestimmungen - ECONFLOOR Polska Sp. z o. o.<\/title>\n<meta name=\"robots\" content=\"index, follow, max-snippet:-1, max-image-preview:large, max-video-preview:-1\" \/>\n<link rel=\"canonical\" href=\"https:\/\/econfloorpolska.com\/de\/datenschutzbestimmungen\/\" \/>\n<meta property=\"og:locale\" content=\"de_DE\" \/>\n<meta property=\"og:type\" content=\"article\" \/>\n<meta property=\"og:title\" content=\"Datenschutzbestimmungen - ECONFLOOR Polska Sp. z o. o.\" \/>\n<meta property=\"og:description\" content=\"Allgemeine Informationen. Der Betreiber der Website econfloorpolska.com ist Econfloor Polska Sp\u00f3\u0142ka Z Ograniczon\u0105 Odpowiedzialno\u015bci\u0105, ul. Krzywa 12A, 34-400 Nowy Targ,\" \/>\n<meta property=\"og:url\" content=\"https:\/\/econfloorpolska.com\/de\/datenschutzbestimmungen\/\" \/>\n<meta property=\"og:site_name\" content=\"ECONFLOOR Polska Sp. z o. o.\" \/>\n<meta name=\"twitter:card\" content=\"summary_large_image\" \/>\n<meta name=\"twitter:label1\" content=\"Gesch\u00e4tzte Lesezeit\" \/>\n\t<meta name=\"twitter:data1\" content=\"5\u00a0Minuten\" \/>\n<script type=\"application\/ld+json\" class=\"yoast-schema-graph\">{\"@context\":\"https:\\\/\\\/schema.org\",\"@graph\":[{\"@type\":\"WebPage\",\"@id\":\"https:\\\/\\\/econfloorpolska.com\\\/de\\\/datenschutzbestimmungen\\\/\",\"url\":\"https:\\\/\\\/econfloorpolska.com\\\/de\\\/datenschutzbestimmungen\\\/\",\"name\":\"Datenschutzbestimmungen - ECONFLOOR Polska Sp. z o. o.\",\"isPartOf\":{\"@id\":\"https:\\\/\\\/econfloorpolska.com\\\/de\\\/#website\"},\"datePublished\":\"2023-11-18T12:54:55+00:00\",\"breadcrumb\":{\"@id\":\"https:\\\/\\\/econfloorpolska.com\\\/de\\\/datenschutzbestimmungen\\\/#breadcrumb\"},\"inLanguage\":\"de\",\"potentialAction\":[{\"@type\":\"ReadAction\",\"target\":[\"https:\\\/\\\/econfloorpolska.com\\\/de\\\/datenschutzbestimmungen\\\/\"]}]},{\"@type\":\"BreadcrumbList\",\"@id\":\"https:\\\/\\\/econfloorpolska.com\\\/de\\\/datenschutzbestimmungen\\\/#breadcrumb\",\"itemListElement\":[{\"@type\":\"ListItem\",\"position\":1,\"name\":\"EconFloor\",\"item\":\"https:\\\/\\\/econfloorpolska.com\\\/de\\\/\"},{\"@type\":\"ListItem\",\"position\":2,\"name\":\"Datenschutzbestimmungen\"}]},{\"@type\":\"WebSite\",\"@id\":\"https:\\\/\\\/econfloorpolska.com\\\/de\\\/#website\",\"url\":\"https:\\\/\\\/econfloorpolska.com\\\/de\\\/\",\"name\":\"EconFloor Polska\",\"description\":\"\",\"publisher\":{\"@id\":\"https:\\\/\\\/econfloorpolska.com\\\/de\\\/#organization\"},\"potentialAction\":[{\"@type\":\"SearchAction\",\"target\":{\"@type\":\"EntryPoint\",\"urlTemplate\":\"https:\\\/\\\/econfloorpolska.com\\\/de\\\/?s={search_term_string}\"},\"query-input\":{\"@type\":\"PropertyValueSpecification\",\"valueRequired\":true,\"valueName\":\"search_term_string\"}}],\"inLanguage\":\"de\"},{\"@type\":\"Organization\",\"@id\":\"https:\\\/\\\/econfloorpolska.com\\\/de\\\/#organization\",\"name\":\"EconFloor Polska\",\"url\":\"https:\\\/\\\/econfloorpolska.com\\\/de\\\/\",\"logo\":{\"@type\":\"ImageObject\",\"inLanguage\":\"de\",\"@id\":\"https:\\\/\\\/econfloorpolska.com\\\/de\\\/#\\\/schema\\\/logo\\\/image\\\/\",\"url\":\"https:\\\/\\\/econfloorpolska.com\\\/wp-content\\\/uploads\\\/2023\\\/11\\\/logo-color_03.png\",\"contentUrl\":\"https:\\\/\\\/econfloorpolska.com\\\/wp-content\\\/uploads\\\/2023\\\/11\\\/logo-color_03.png\",\"width\":254,\"height\":58,\"caption\":\"EconFloor Polska\"},\"image\":{\"@id\":\"https:\\\/\\\/econfloorpolska.com\\\/de\\\/#\\\/schema\\\/logo\\\/image\\\/\"}}]}<\/script>\n<!-- \/ Yoast SEO plugin. -->","yoast_head_json":{"title":"Datenschutzbestimmungen - ECONFLOOR Polska Sp. z o. o.","robots":{"index":"index","follow":"follow","max-snippet":"max-snippet:-1","max-image-preview":"max-image-preview:large","max-video-preview":"max-video-preview:-1"},"canonical":"https:\/\/econfloorpolska.com\/de\/datenschutzbestimmungen\/","og_locale":"de_DE","og_type":"article","og_title":"Datenschutzbestimmungen - ECONFLOOR Polska Sp. z o. o.","og_description":"Allgemeine Informationen. Der Betreiber der Website econfloorpolska.com ist Econfloor Polska Sp\u00f3\u0142ka Z Ograniczon\u0105 Odpowiedzialno\u015bci\u0105, ul. Krzywa 12A, 34-400 Nowy Targ,","og_url":"https:\/\/econfloorpolska.com\/de\/datenschutzbestimmungen\/","og_site_name":"ECONFLOOR Polska Sp. z o. o.","twitter_card":"summary_large_image","twitter_misc":{"Gesch\u00e4tzte Lesezeit":"5\u00a0Minuten"},"schema":{"@context":"https:\/\/schema.org","@graph":[{"@type":"WebPage","@id":"https:\/\/econfloorpolska.com\/de\/datenschutzbestimmungen\/","url":"https:\/\/econfloorpolska.com\/de\/datenschutzbestimmungen\/","name":"Datenschutzbestimmungen - ECONFLOOR Polska Sp. z o. o.","isPartOf":{"@id":"https:\/\/econfloorpolska.com\/de\/#website"},"datePublished":"2023-11-18T12:54:55+00:00","breadcrumb":{"@id":"https:\/\/econfloorpolska.com\/de\/datenschutzbestimmungen\/#breadcrumb"},"inLanguage":"de","potentialAction":[{"@type":"ReadAction","target":["https:\/\/econfloorpolska.com\/de\/datenschutzbestimmungen\/"]}]},{"@type":"BreadcrumbList","@id":"https:\/\/econfloorpolska.com\/de\/datenschutzbestimmungen\/#breadcrumb","itemListElement":[{"@type":"ListItem","position":1,"name":"EconFloor","item":"https:\/\/econfloorpolska.com\/de\/"},{"@type":"ListItem","position":2,"name":"Datenschutzbestimmungen"}]},{"@type":"WebSite","@id":"https:\/\/econfloorpolska.com\/de\/#website","url":"https:\/\/econfloorpolska.com\/de\/","name":"EconFloor Polska","description":"","publisher":{"@id":"https:\/\/econfloorpolska.com\/de\/#organization"},"potentialAction":[{"@type":"SearchAction","target":{"@type":"EntryPoint","urlTemplate":"https:\/\/econfloorpolska.com\/de\/?s={search_term_string}"},"query-input":{"@type":"PropertyValueSpecification","valueRequired":true,"valueName":"search_term_string"}}],"inLanguage":"de"},{"@type":"Organization","@id":"https:\/\/econfloorpolska.com\/de\/#organization","name":"EconFloor Polska","url":"https:\/\/econfloorpolska.com\/de\/","logo":{"@type":"ImageObject","inLanguage":"de","@id":"https:\/\/econfloorpolska.com\/de\/#\/schema\/logo\/image\/","url":"https:\/\/econfloorpolska.com\/wp-content\/uploads\/2023\/11\/logo-color_03.png","contentUrl":"https:\/\/econfloorpolska.com\/wp-content\/uploads\/2023\/11\/logo-color_03.png","width":254,"height":58,"caption":"EconFloor Polska"},"image":{"@id":"https:\/\/econfloorpolska.com\/de\/#\/schema\/logo\/image\/"}}]}},"_links":{"self":[{"href":"https:\/\/econfloorpolska.com\/de\/wp-json\/wp\/v2\/pages\/3363","targetHints":{"allow":["GET"]}}],"collection":[{"href":"https:\/\/econfloorpolska.com\/de\/wp-json\/wp\/v2\/pages"}],"about":[{"href":"https:\/\/econfloorpolska.com\/de\/wp-json\/wp\/v2\/types\/page"}],"author":[{"embeddable":true,"href":"https:\/\/econfloorpolska.com\/de\/wp-json\/wp\/v2\/users\/1"}],"replies":[{"embeddable":true,"href":"https:\/\/econfloorpolska.com\/de\/wp-json\/wp\/v2\/comments?post=3363"}],"version-history":[{"count":0,"href":"https:\/\/econfloorpolska.com\/de\/wp-json\/wp\/v2\/pages\/3363\/revisions"}],"wp:attachment":[{"href":"https:\/\/econfloorpolska.com\/de\/wp-json\/wp\/v2\/media?parent=3363"}],"curies":[{"name":"wp","href":"https:\/\/api.w.org\/{rel}","templated":true}]}}