{"id":3358,"date":"2023-11-18T13:59:46","date_gmt":"2023-11-18T12:59:46","guid":{"rendered":"https:\/\/econfloorpolska.com\/ueber-uns\/"},"modified":"2025-08-20T12:26:26","modified_gmt":"2025-08-20T10:26:26","slug":"ueber-uns","status":"publish","type":"page","link":"https:\/\/econfloorpolska.com\/de\/ueber-uns\/","title":{"rendered":"\u00dcber uns"},"content":{"rendered":"<div class=\"wpb-content-wrapper\"><p>[vc_row el_class=&#8220;r-about p-about&#8220; woodmart_css_id=&#8220;6765505c546a8&#8243; responsive_spacing=&#8220;eyJwYXJhbV90eXBlIjoid29vZG1hcnRfcmVzcG9uc2l2ZV9zcGFjaW5nIiwic2VsZWN0b3JfaWQiOiI2NzY1NTA1YzU0NmE4Iiwic2hvcnRjb2RlIjoidmNfcm93IiwiZGF0YSI6eyJ0YWJsZXQiOnt9LCJtb2JpbGUiOnt9fX0=&#8220; mobile_bg_img_hidden=&#8220;no&#8220; tablet_bg_img_hidden=&#8220;no&#8220; woodmart_parallax=&#8220;0&#8243; woodmart_gradient_switch=&#8220;no&#8220; woodmart_box_shadow=&#8220;no&#8220; wd_z_index=&#8220;no&#8220; woodmart_disable_overflow=&#8220;0&#8243; row_reverse_mobile=&#8220;0&#8243; row_reverse_tablet=&#8220;0&#8243;][vc_column width=&#8220;1\/2&#8243;][vc_column_text css=&#8220;&#8220; el_class=&#8220;c-text&#8220; woodmart_inline=&#8220;no&#8220; text_larger=&#8220;no&#8220;]Wir sind ein \u00f6sterreichisch-polnisches Unternehmen, das 1997 unter dem Namen Elpewi Group gegr\u00fcndet wurde. Econfloor ist ein Hersteller von SPC-Vinylbodenbel\u00e4gen und ein Gro\u00dfh\u00e4ndler f\u00fcr Laminat- und Holzb\u00f6den mit 27 Jahren Erfahrung. <\/p>\n<p>Vor vielen Jahren schien es so, als w\u00fcrde der Bodenbelag in der Hierarchie der Bodenbel\u00e4ge nur eine untergeordnete Rolle spielen, aber unsere Erfahrung zeigt, dass sich alle Trends im Bodenbelag ge\u00e4ndert haben. Die Hersteller haben ihr Spiel mit Technologien verbessert, die fast jeden Wunsch erf\u00fcllen und die Abnutzungsbest\u00e4ndigkeit verbessern k\u00f6nnen. Die Branchenkenntnis von econfloor, das Engagement f\u00fcr einen au\u00dfergew\u00f6hnlichen Kundenservice, Qualit\u00e4tsprodukte und wettbewerbsf\u00e4hige Preise haben econfloor zu einem f\u00fchrenden Unternehmen im Vertrieb von SPC-Vinyl-, Laminat- und Holzfu\u00dfb\u00f6den gemacht.[\/vc_column_text]\t\t\t<div id=\"\" class=\" wd-rs-67544b59e9038 wd-social-icons  wd-style-bordered wd-size-large social-follow wd-shape-circle c-social color-scheme-dark text-left\">\n\t\t\t\t\n\t\t\t\t\n\t\t\t\t\t\t\t\t\t<a rel=\"noopener noreferrer nofollow\" href=\"https:\/\/www.facebook.com\/econfloorpolska\" target=\"_blank\" class=\" wd-social-icon social-facebook\" aria-label=\"Facebook social link\">\n\t\t\t\t\t\t<span class=\"wd-icon\"><\/span>\n\t\t\t\t\t\t\t\t\t\t\t<\/a>\n\t\t\t\t\n\t\t\t\t\n\t\t\t\t\n\t\t\t\t\t\t\t\t\t<a rel=\"noopener noreferrer nofollow\" href=\"https:\/\/www.instagram.com\/econfloorpolska\/\" target=\"_blank\" class=\" wd-social-icon social-instagram\" aria-label=\"Instagram social link\">\n\t\t\t\t\t\t<span class=\"wd-icon\"><\/span>\n\t\t\t\t\t\t\t\t\t\t\t<\/a>\n\t\t\t\t\n\t\t\t\t\n\t\t\t\t\n\t\t\t\t\n\t\t\t\t\n\t\t\t\t\n\t\t\t\t\n\t\t\t\t\n\t\t\t\t\n\t\t\t\t\n\t\t\t\t\n\t\t\t\t\n\t\t\t\t\n\t\t\t\t\n\t\t\t\t\n\t\t\t\t\n\t\t\t\t\n\t\t\t\t\n\t\t\t\t\n\t\t\t\t\n\t\t\t\t\n\t\t\t\t\n\t\t\t<\/div>\n\n\t\t[\/vc_column][vc_column width=&#8220;1\/2&#8243;]\t\t<div class=\"wd-el-video wd-wpb wd-rs-67a075b60b27c wd-action-overlay wd-video-hosted wd-with-aspect-ratio\">\n\t\t\t\t\t\t\t<video data-lazy-load=\"https:\/\/econfloorpolska.com\/wp-content\/uploads\/2025\/02\/Video_30.01.25-1.mp4\" playsinline muted controls><\/video>\t\t\t\n\t\t\t\n\t\t\t\n\t\t\t\t\t\t\t<div class=\"wd-el-video-overlay wd-fill\">\n\t\t\t\t\t<img decoding=\"async\" width=\"582\" height=\"357\" src=\"https:\/\/econfloorpolska.com\/wp-content\/uploads\/2024\/12\/wideo-cover-1.jpg\" class=\"attachment- size-\" alt=\"\" srcset=\"https:\/\/econfloorpolska.com\/wp-content\/uploads\/2024\/12\/wideo-cover-1.jpg 582w, https:\/\/econfloorpolska.com\/wp-content\/uploads\/2024\/12\/wideo-cover-1-350x215.jpg 350w, https:\/\/econfloorpolska.com\/wp-content\/uploads\/2024\/12\/wideo-cover-1-300x184.jpg 300w\" sizes=\"(max-width: 582px) 100vw, 582px\" \/>\t\t\t\t<\/div>\n\t\t\t\t<div class=\"wd-el-video-control color-scheme-light wd-fill\">\n\t\t\t\t\t<span class=\"wd-el-video-play-btn\"><\/span>\n\t\t\t\t\t\t\t\t\t<\/div>\n\n\t\t\t\t<a class=\"wd-el-video-link wd-el-video-btn-overlay wd-fill wd-el-video-hosted\" href=\"#69e894a2605cd\"><\/a>\n\t\t\t\t\t<\/div>\n\t\t[vc_single_image image=&#8220;1661&#8243; img_size=&#8220;full&#8220; css=&#8220;&#8220; el_class=&#8220;c-image&#8220; parallax_scroll=&#8220;no&#8220; woodmart_inline=&#8220;no&#8220;][\/vc_column][\/vc_row][vc_row el_class=&#8220;p-default&#8220; woodmart_css_id=&#8220;676550637f60f&#8220; responsive_spacing=&#8220;eyJwYXJhbV90eXBlIjoid29vZG1hcnRfcmVzcG9uc2l2ZV9zcGFjaW5nIiwic2VsZWN0b3JfaWQiOiI2NzY1NTA2MzdmNjBmIiwic2hvcnRjb2RlIjoidmNfcm93IiwiZGF0YSI6eyJ0YWJsZXQiOnt9LCJtb2JpbGUiOnt9fX0=&#8220; mobile_bg_img_hidden=&#8220;no&#8220; tablet_bg_img_hidden=&#8220;no&#8220; woodmart_parallax=&#8220;0&#8243; woodmart_gradient_switch=&#8220;no&#8220; woodmart_box_shadow=&#8220;no&#8220; wd_z_index=&#8220;no&#8220; woodmart_disable_overflow=&#8220;0&#8243; row_reverse_mobile=&#8220;0&#8243; row_reverse_tablet=&#8220;0&#8243;][vc_column][vc_column_text el_class=&#8220;c-text&#8220; woodmart_inline=&#8220;no&#8220; text_larger=&#8220;no&#8220;]<\/p>\n<h2><strong><b>VOM BODEN AUS STARTEN<\/b><\/strong><\/h2>\n<p>Unserer Meinung nach ist ein guter und solider Fu\u00dfboden die Grundlage f\u00fcr jedes Projekt, mit dem sich Pl\u00e4ne und Tr\u00e4ume Schritt f\u00fcr Schritt verwirklichen lassen. Was unter den F\u00fc\u00dfen liegt, hat Einfluss auf die weiteren M\u00f6glichkeiten, eine Wohnung, ein B\u00fcro oder einen Verkaufsraum einzurichten. Aus diesem Grund <strong><b>Econfloor<\/b><\/strong> <strong>Polen<\/strong> der ideale Ort, um Ihre Visionen Wirklichkeit werden zu lassen.  <\/p>\n<h2><strong><b><img decoding=\"async\" class=\"alignright wp-image-189 \" src=\"https:\/\/econfloorpolska.com\/wp-content\/uploads\/2023\/11\/2572R-1024x768.jpg\" alt=\"\" width=\"548\" height=\"411\" srcset=\"https:\/\/econfloorpolska.com\/wp-content\/uploads\/2023\/11\/2572R-1024x768.jpg 1024w, https:\/\/econfloorpolska.com\/wp-content\/uploads\/2023\/11\/2572R-scaled-350x263.jpg 350w, https:\/\/econfloorpolska.com\/wp-content\/uploads\/2023\/11\/2572R-scaled-1000x750.jpg 1000w, https:\/\/econfloorpolska.com\/wp-content\/uploads\/2023\/11\/2572R-300x225.jpg 300w, https:\/\/econfloorpolska.com\/wp-content\/uploads\/2023\/11\/2572R-768x576.jpg 768w, https:\/\/econfloorpolska.com\/wp-content\/uploads\/2023\/11\/2572R-1536x1152.jpg 1536w, https:\/\/econfloorpolska.com\/wp-content\/uploads\/2023\/11\/2572R-2048x1536.jpg 2048w, https:\/\/econfloorpolska.com\/wp-content\/uploads\/2023\/11\/2572R-600x450.jpg 600w, https:\/\/econfloorpolska.com\/wp-content\/uploads\/2023\/11\/2572R-150x113.jpg 150w\" sizes=\"(max-width: 548px) 100vw, 548px\" \/><\/b><\/strong><\/h2>\n<h3><strong><b>ANGEBOT<\/b><\/strong><\/h3>\n<p>Es gibt Panels, die auf Sie warten:<\/p>\n<ul>\n<li>natural &#8211; ein von Holz inspirierter Klassiker,<\/li>\n<li>Vinyl &#8211; ein Synonym f\u00fcr langlebige und widerstandsf\u00e4hige Bodenbel\u00e4ge,<\/li>\n<li>Boden &#8211; Mehrzweck.<\/li>\n<\/ul>\n<h3><strong><b>VALUES<\/b><\/strong><\/h3>\n<p>W\u00e4hrend andere den schnell wechselnden Moden folgen, bestehen wir auf zeitlosen Werten, die f\u00fcr Sie immer wichtig sein werden. Wir beziehen uns vor allem auf: <\/p>\n<ul>\n<li>eine gro\u00dfe Auswahl an Produkten,<\/li>\n<li>innovative Ideen,<\/li>\n<li>bew\u00e4hrte und langlebige Produkte,<\/li>\n<li>professionelle Leistung,<\/li>\n<li>die Zufriedenheit unserer Kunden<\/li>\n<\/ul>\n<h3><strong><b>PROFESSIONALIT\u00c4T<\/b><\/strong><\/h3>\n<p>Wir sind bereits seit \u00fcber einem Vierteljahrhundert auf dem Markt. Da wir uns mit der Herstellung von Massivholzb\u00f6den bestens auskennen, k\u00f6nnen wir Ihnen ein Produkt anbieten, das alle Ihre Erwartungen erf\u00fcllt. Dank der im Laufe der Jahre gesammelten Erfahrung wissen wir, dass Sie hochwertige Materialien, Auswahl und Unterst\u00fctzung erwarten. Das werden Sie bei uns finden.   <\/p>\n<p><strong><b>Econfloor Polen<\/b><\/strong> &#8211; wir lassen Tr\u00e4ume wahr werden[\/vc_column_text][\/vc_column][\/vc_row]<\/p>\n<\/div>","protected":false},"excerpt":{"rendered":"<p>[vc_row el_class=&#8220;r-about p-about&#8220; woodmart_css_id=&#8220;6765505c546a8&#8243; responsive_spacing=&#8220;eyJwYXJhbV90eXBlIjoid29vZG1hcnRfcmVzcG9uc2l2ZV9zcGFjaW5nIiwic2VsZWN0b3JfaWQiOiI2NzY1NTA1YzU0NmE4Iiwic2hvcnRjb2RlIjoidmNfcm93IiwiZGF0YSI6eyJ0YWJsZXQiOnt9LCJtb2JpbGUiOnt9fX0=&#8220; mobile_bg_img_hidden=&#8220;no&#8220; tablet_bg_img_hidden=&#8220;no&#8220; woodmart_parallax=&#8220;0&#8243; woodmart_gradient_switch=&#8220;no&#8220; woodmart_box_shadow=&#8220;no&#8220; wd_z_index=&#8220;no&#8220; woodmart_disable_overflow=&#8220;0&#8243; row_reverse_mobile=&#8220;0&#8243; row_reverse_tablet=&#8220;0&#8243;][vc_column width=&#8220;1\/2&#8243;][vc_column_text css=&#8220;&#8220; el_class=&#8220;c-text&#8220; woodmart_inline=&#8220;no&#8220; text_larger=&#8220;no&#8220;]Wir sind<\/p>\n","protected":false},"author":1,"featured_media":0,"parent":0,"menu_order":0,"comment_status":"closed","ping_status":"closed","template":"","meta":{"_acf_changed":false,"footnotes":""},"class_list":["post-3358","page","type-page","status-publish","hentry"],"acf":[],"yoast_head":"<!-- This site is optimized with the Yoast SEO plugin v27.4 - https:\/\/yoast.com\/product\/yoast-seo-wordpress\/ -->\n<title>\u00dcber uns - ECONFLOOR Polska Sp. z o. o.<\/title>\n<meta name=\"robots\" content=\"index, follow, max-snippet:-1, max-image-preview:large, max-video-preview:-1\" \/>\n<link rel=\"canonical\" href=\"https:\/\/econfloorpolska.com\/de\/ueber-uns\/\" \/>\n<meta property=\"og:locale\" content=\"de_DE\" \/>\n<meta property=\"og:type\" content=\"article\" \/>\n<meta property=\"og:title\" content=\"\u00dcber uns - ECONFLOOR Polska Sp. z o. o.\" \/>\n<meta property=\"og:description\" content=\"[vc_row el_class=&#8220;r-about p-about&#8220; woodmart_css_id=&#8220;6765505c546a8&#8243; responsive_spacing=&#8220;eyJwYXJhbV90eXBlIjoid29vZG1hcnRfcmVzcG9uc2l2ZV9zcGFjaW5nIiwic2VsZWN0b3JfaWQiOiI2NzY1NTA1YzU0NmE4Iiwic2hvcnRjb2RlIjoidmNfcm93IiwiZGF0YSI6eyJ0YWJsZXQiOnt9LCJtb2JpbGUiOnt9fX0=&#8220; mobile_bg_img_hidden=&#8220;no&#8220; tablet_bg_img_hidden=&#8220;no&#8220; woodmart_parallax=&#8220;0&#8243; woodmart_gradient_switch=&#8220;no&#8220; woodmart_box_shadow=&#8220;no&#8220; wd_z_index=&#8220;no&#8220; woodmart_disable_overflow=&#8220;0&#8243; row_reverse_mobile=&#8220;0&#8243; row_reverse_tablet=&#8220;0&#8243;][vc_column width=&#8220;1\/2&#8243;][vc_column_text css=&#8220;&#8220; el_class=&#8220;c-text&#8220; woodmart_inline=&#8220;no&#8220; text_larger=&#8220;no&#8220;]Wir sind\" \/>\n<meta property=\"og:url\" content=\"https:\/\/econfloorpolska.com\/de\/ueber-uns\/\" \/>\n<meta property=\"og:site_name\" content=\"ECONFLOOR Polska Sp. z o. o.\" \/>\n<meta property=\"article:modified_time\" content=\"2025-08-20T10:26:26+00:00\" \/>\n<meta property=\"og:image\" content=\"https:\/\/econfloorpolska.com\/wp-content\/uploads\/2023\/11\/2572R-1024x768.jpg\" \/>\n<meta name=\"twitter:card\" content=\"summary_large_image\" \/>\n<meta name=\"twitter:label1\" content=\"Gesch\u00e4tzte Lesezeit\" \/>\n\t<meta name=\"twitter:data1\" content=\"3\u00a0Minuten\" \/>\n<script type=\"application\/ld+json\" class=\"yoast-schema-graph\">{\"@context\":\"https:\\\/\\\/schema.org\",\"@graph\":[{\"@type\":\"WebPage\",\"@id\":\"https:\\\/\\\/econfloorpolska.com\\\/de\\\/ueber-uns\\\/\",\"url\":\"https:\\\/\\\/econfloorpolska.com\\\/de\\\/ueber-uns\\\/\",\"name\":\"\u00dcber uns - ECONFLOOR Polska Sp. z o. o.\",\"isPartOf\":{\"@id\":\"https:\\\/\\\/econfloorpolska.com\\\/de\\\/#website\"},\"primaryImageOfPage\":{\"@id\":\"https:\\\/\\\/econfloorpolska.com\\\/de\\\/ueber-uns\\\/#primaryimage\"},\"image\":{\"@id\":\"https:\\\/\\\/econfloorpolska.com\\\/de\\\/ueber-uns\\\/#primaryimage\"},\"thumbnailUrl\":\"https:\\\/\\\/econfloorpolska.com\\\/wp-content\\\/uploads\\\/2023\\\/11\\\/2572R-1024x768.jpg\",\"datePublished\":\"2023-11-18T12:59:46+00:00\",\"dateModified\":\"2025-08-20T10:26:26+00:00\",\"breadcrumb\":{\"@id\":\"https:\\\/\\\/econfloorpolska.com\\\/de\\\/ueber-uns\\\/#breadcrumb\"},\"inLanguage\":\"de\",\"potentialAction\":[{\"@type\":\"ReadAction\",\"target\":[\"https:\\\/\\\/econfloorpolska.com\\\/de\\\/ueber-uns\\\/\"]}]},{\"@type\":\"ImageObject\",\"inLanguage\":\"de\",\"@id\":\"https:\\\/\\\/econfloorpolska.com\\\/de\\\/ueber-uns\\\/#primaryimage\",\"url\":\"https:\\\/\\\/econfloorpolska.com\\\/wp-content\\\/uploads\\\/2023\\\/11\\\/2572R-1024x768.jpg\",\"contentUrl\":\"https:\\\/\\\/econfloorpolska.com\\\/wp-content\\\/uploads\\\/2023\\\/11\\\/2572R-1024x768.jpg\"},{\"@type\":\"BreadcrumbList\",\"@id\":\"https:\\\/\\\/econfloorpolska.com\\\/de\\\/ueber-uns\\\/#breadcrumb\",\"itemListElement\":[{\"@type\":\"ListItem\",\"position\":1,\"name\":\"EconFloor\",\"item\":\"https:\\\/\\\/econfloorpolska.com\\\/de\\\/\"},{\"@type\":\"ListItem\",\"position\":2,\"name\":\"\u00dcber uns\"}]},{\"@type\":\"WebSite\",\"@id\":\"https:\\\/\\\/econfloorpolska.com\\\/de\\\/#website\",\"url\":\"https:\\\/\\\/econfloorpolska.com\\\/de\\\/\",\"name\":\"EconFloor Polska\",\"description\":\"\",\"publisher\":{\"@id\":\"https:\\\/\\\/econfloorpolska.com\\\/de\\\/#organization\"},\"potentialAction\":[{\"@type\":\"SearchAction\",\"target\":{\"@type\":\"EntryPoint\",\"urlTemplate\":\"https:\\\/\\\/econfloorpolska.com\\\/de\\\/?s={search_term_string}\"},\"query-input\":{\"@type\":\"PropertyValueSpecification\",\"valueRequired\":true,\"valueName\":\"search_term_string\"}}],\"inLanguage\":\"de\"},{\"@type\":\"Organization\",\"@id\":\"https:\\\/\\\/econfloorpolska.com\\\/de\\\/#organization\",\"name\":\"EconFloor Polska\",\"url\":\"https:\\\/\\\/econfloorpolska.com\\\/de\\\/\",\"logo\":{\"@type\":\"ImageObject\",\"inLanguage\":\"de\",\"@id\":\"https:\\\/\\\/econfloorpolska.com\\\/de\\\/#\\\/schema\\\/logo\\\/image\\\/\",\"url\":\"https:\\\/\\\/econfloorpolska.com\\\/wp-content\\\/uploads\\\/2023\\\/11\\\/logo-color_03.png\",\"contentUrl\":\"https:\\\/\\\/econfloorpolska.com\\\/wp-content\\\/uploads\\\/2023\\\/11\\\/logo-color_03.png\",\"width\":254,\"height\":58,\"caption\":\"EconFloor Polska\"},\"image\":{\"@id\":\"https:\\\/\\\/econfloorpolska.com\\\/de\\\/#\\\/schema\\\/logo\\\/image\\\/\"}}]}<\/script>\n<!-- \/ Yoast SEO plugin. -->","yoast_head_json":{"title":"\u00dcber uns - ECONFLOOR Polska Sp. z o. o.","robots":{"index":"index","follow":"follow","max-snippet":"max-snippet:-1","max-image-preview":"max-image-preview:large","max-video-preview":"max-video-preview:-1"},"canonical":"https:\/\/econfloorpolska.com\/de\/ueber-uns\/","og_locale":"de_DE","og_type":"article","og_title":"\u00dcber uns - ECONFLOOR Polska Sp. z o. o.","og_description":"[vc_row el_class=&#8220;r-about p-about&#8220; woodmart_css_id=&#8220;6765505c546a8&#8243; responsive_spacing=&#8220;eyJwYXJhbV90eXBlIjoid29vZG1hcnRfcmVzcG9uc2l2ZV9zcGFjaW5nIiwic2VsZWN0b3JfaWQiOiI2NzY1NTA1YzU0NmE4Iiwic2hvcnRjb2RlIjoidmNfcm93IiwiZGF0YSI6eyJ0YWJsZXQiOnt9LCJtb2JpbGUiOnt9fX0=&#8220; mobile_bg_img_hidden=&#8220;no&#8220; tablet_bg_img_hidden=&#8220;no&#8220; woodmart_parallax=&#8220;0&#8243; woodmart_gradient_switch=&#8220;no&#8220; woodmart_box_shadow=&#8220;no&#8220; wd_z_index=&#8220;no&#8220; woodmart_disable_overflow=&#8220;0&#8243; row_reverse_mobile=&#8220;0&#8243; row_reverse_tablet=&#8220;0&#8243;][vc_column width=&#8220;1\/2&#8243;][vc_column_text css=&#8220;&#8220; el_class=&#8220;c-text&#8220; woodmart_inline=&#8220;no&#8220; text_larger=&#8220;no&#8220;]Wir sind","og_url":"https:\/\/econfloorpolska.com\/de\/ueber-uns\/","og_site_name":"ECONFLOOR Polska Sp. z o. o.","article_modified_time":"2025-08-20T10:26:26+00:00","og_image":[{"url":"https:\/\/econfloorpolska.com\/wp-content\/uploads\/2023\/11\/2572R-1024x768.jpg","type":"","width":"","height":""}],"twitter_card":"summary_large_image","twitter_misc":{"Gesch\u00e4tzte Lesezeit":"3\u00a0Minuten"},"schema":{"@context":"https:\/\/schema.org","@graph":[{"@type":"WebPage","@id":"https:\/\/econfloorpolska.com\/de\/ueber-uns\/","url":"https:\/\/econfloorpolska.com\/de\/ueber-uns\/","name":"\u00dcber uns - ECONFLOOR Polska Sp. z o. o.","isPartOf":{"@id":"https:\/\/econfloorpolska.com\/de\/#website"},"primaryImageOfPage":{"@id":"https:\/\/econfloorpolska.com\/de\/ueber-uns\/#primaryimage"},"image":{"@id":"https:\/\/econfloorpolska.com\/de\/ueber-uns\/#primaryimage"},"thumbnailUrl":"https:\/\/econfloorpolska.com\/wp-content\/uploads\/2023\/11\/2572R-1024x768.jpg","datePublished":"2023-11-18T12:59:46+00:00","dateModified":"2025-08-20T10:26:26+00:00","breadcrumb":{"@id":"https:\/\/econfloorpolska.com\/de\/ueber-uns\/#breadcrumb"},"inLanguage":"de","potentialAction":[{"@type":"ReadAction","target":["https:\/\/econfloorpolska.com\/de\/ueber-uns\/"]}]},{"@type":"ImageObject","inLanguage":"de","@id":"https:\/\/econfloorpolska.com\/de\/ueber-uns\/#primaryimage","url":"https:\/\/econfloorpolska.com\/wp-content\/uploads\/2023\/11\/2572R-1024x768.jpg","contentUrl":"https:\/\/econfloorpolska.com\/wp-content\/uploads\/2023\/11\/2572R-1024x768.jpg"},{"@type":"BreadcrumbList","@id":"https:\/\/econfloorpolska.com\/de\/ueber-uns\/#breadcrumb","itemListElement":[{"@type":"ListItem","position":1,"name":"EconFloor","item":"https:\/\/econfloorpolska.com\/de\/"},{"@type":"ListItem","position":2,"name":"\u00dcber uns"}]},{"@type":"WebSite","@id":"https:\/\/econfloorpolska.com\/de\/#website","url":"https:\/\/econfloorpolska.com\/de\/","name":"EconFloor Polska","description":"","publisher":{"@id":"https:\/\/econfloorpolska.com\/de\/#organization"},"potentialAction":[{"@type":"SearchAction","target":{"@type":"EntryPoint","urlTemplate":"https:\/\/econfloorpolska.com\/de\/?s={search_term_string}"},"query-input":{"@type":"PropertyValueSpecification","valueRequired":true,"valueName":"search_term_string"}}],"inLanguage":"de"},{"@type":"Organization","@id":"https:\/\/econfloorpolska.com\/de\/#organization","name":"EconFloor Polska","url":"https:\/\/econfloorpolska.com\/de\/","logo":{"@type":"ImageObject","inLanguage":"de","@id":"https:\/\/econfloorpolska.com\/de\/#\/schema\/logo\/image\/","url":"https:\/\/econfloorpolska.com\/wp-content\/uploads\/2023\/11\/logo-color_03.png","contentUrl":"https:\/\/econfloorpolska.com\/wp-content\/uploads\/2023\/11\/logo-color_03.png","width":254,"height":58,"caption":"EconFloor Polska"},"image":{"@id":"https:\/\/econfloorpolska.com\/de\/#\/schema\/logo\/image\/"}}]}},"_links":{"self":[{"href":"https:\/\/econfloorpolska.com\/de\/wp-json\/wp\/v2\/pages\/3358","targetHints":{"allow":["GET"]}}],"collection":[{"href":"https:\/\/econfloorpolska.com\/de\/wp-json\/wp\/v2\/pages"}],"about":[{"href":"https:\/\/econfloorpolska.com\/de\/wp-json\/wp\/v2\/types\/page"}],"author":[{"embeddable":true,"href":"https:\/\/econfloorpolska.com\/de\/wp-json\/wp\/v2\/users\/1"}],"replies":[{"embeddable":true,"href":"https:\/\/econfloorpolska.com\/de\/wp-json\/wp\/v2\/comments?post=3358"}],"version-history":[{"count":8,"href":"https:\/\/econfloorpolska.com\/de\/wp-json\/wp\/v2\/pages\/3358\/revisions"}],"predecessor-version":[{"id":3429,"href":"https:\/\/econfloorpolska.com\/de\/wp-json\/wp\/v2\/pages\/3358\/revisions\/3429"}],"wp:attachment":[{"href":"https:\/\/econfloorpolska.com\/de\/wp-json\/wp\/v2\/media?parent=3358"}],"curies":[{"name":"wp","href":"https:\/\/api.w.org\/{rel}","templated":true}]}}