{"id":23350,"date":"2025-12-17T16:31:58","date_gmt":"2025-12-17T15:31:58","guid":{"rendered":"https:\/\/econfloorpolska.com\/technologia-lotus-protect-dla-podlog-spc-rigid-vinyl\/"},"modified":"2025-12-17T18:20:06","modified_gmt":"2025-12-17T17:20:06","slug":"lotus-protect-keramik-vinylboden-2","status":"publish","type":"page","link":"https:\/\/econfloorpolska.com\/de\/lotus-protect-keramik-vinylboden-2\/","title":{"rendered":"LOTUS PROTECT TECHNOLOGIE F\u00dcR SPC RIGID VINYLB\u00d6DEN"},"content":{"rendered":"<p><a href=\"https:\/\/econfloorpolska.com\/de\/k\/vinylboeden\/\"><img decoding=\"async\" class=\"wp-image-23355 aligncenter\" src=\"https:\/\/econfloorpolska.com\/wp-content\/uploads\/2025\/12\/DE-2-300x212.png\" alt=\"SPC Rigid Vinylboden mit keramikoberfl\u00e4che Lotus Protect und UV\" width=\"997\" height=\"705\" srcset=\"https:\/\/econfloorpolska.com\/wp-content\/uploads\/2025\/12\/DE-2-300x212.png 300w, https:\/\/econfloorpolska.com\/wp-content\/uploads\/2025\/12\/DE-2-1024x724.png 1024w, https:\/\/econfloorpolska.com\/wp-content\/uploads\/2025\/12\/DE-2-768x543.png 768w, https:\/\/econfloorpolska.com\/wp-content\/uploads\/2025\/12\/DE-2-1536x1086.png 1536w, https:\/\/econfloorpolska.com\/wp-content\/uploads\/2025\/12\/DE-2-2048x1448.png 2048w, https:\/\/econfloorpolska.com\/wp-content\/uploads\/2025\/12\/DE-2-1000x707.png 1000w, https:\/\/econfloorpolska.com\/wp-content\/uploads\/2025\/12\/DE-2-350x247.png 350w\" sizes=\"(max-width: 997px) 100vw, 997px\" \/><\/a><\/p>\n<p>&nbsp;<\/p>\n<h2 data-start=\"1102\" data-end=\"1169\">Inspiriert von der Lotusbl\u00fcte. Entwickelt f\u00fcr h\u00f6chste Anspr\u00fcche.<\/h2>\n<p data-start=\"1171\" data-end=\"1514\">Die UV-geh\u00e4rtete Keramikoberfl\u00e4che von\u00a0<strong>LOTUS PROTECT\u2122\u00a0<a href=\"https:\/\/econfloorpolska.com\/de\/k\/vinylboeden\/\">Vinylb\u00f6den<\/a><\/strong>\u00a0verbindet nat\u00fcrliche Vorbilder mit moderner Materialtechnologie. Jede Diele erh\u00e4lt eine ultrad\u00fcnne, keramikverst\u00e4rkte Schutzschicht, die unter UV-Licht geh\u00e4rtet wird.<br data-start=\"1391\" data-end=\"1394\" \/>So entsteht eine extrem robuste, geschlossene Oberfl\u00e4che, auf der Fl\u00fcssigkeiten, Schmutz und Flecken kaum haften k\u00f6nnen.<\/p>\n<p data-start=\"1516\" data-end=\"1530\"><strong data-start=\"1516\" data-end=\"1530\">Ideal f\u00fcr:<\/strong><\/p>\n<ul data-start=\"1531\" data-end=\"1627\">\n<li data-start=\"1531\" data-end=\"1555\">\n<p data-start=\"1533\" data-end=\"1555\">Familien &amp; Haustiere<\/p>\n<\/li>\n<li data-start=\"1556\" data-end=\"1584\">\n<p data-start=\"1558\" data-end=\"1584\">stark genutzte Wohnr\u00e4ume<\/p>\n<\/li>\n<li data-start=\"1585\" data-end=\"1627\">\n<p data-start=\"1587\" data-end=\"1627\">Objektbereiche mit hoher Beanspruchung<\/p>\n<\/li>\n<\/ul>\n<hr data-start=\"3466\" data-end=\"3469\" \/>\n<h2 data-start=\"1634\" data-end=\"1660\">Was ist LOTUS PROTECT\u2122?<\/h2>\n<p data-start=\"1662\" data-end=\"1870\">LOTUS PROTECT\u2122 ist Europas einzige UV-keramikgeh\u00e4rtete Vinyloberfl\u00e4che.<br data-start=\"1733\" data-end=\"1736\" \/>Die Technologie wurde entwickelt, um maximale Widerstandsf\u00e4higkeit, Hygiene und Pflegeleichtigkeit zu bieten \u2013 dauerhaft und sichtbar.<\/p>\n<p data-start=\"1872\" data-end=\"1892\">Die Kombination aus:<\/p>\n<ul data-start=\"1893\" data-end=\"1964\">\n<li data-start=\"1893\" data-end=\"1917\">\n<p data-start=\"1895\" data-end=\"1917\"><strong data-start=\"1895\" data-end=\"1917\">Keramikverst\u00e4rkung<\/strong><\/p>\n<\/li>\n<li data-start=\"1918\" data-end=\"1934\">\n<p data-start=\"1920\" data-end=\"1934\"><strong data-start=\"1920\" data-end=\"1934\">UV-H\u00e4rtung<\/strong><\/p>\n<\/li>\n<li data-start=\"1935\" data-end=\"1964\">\n<p data-start=\"1937\" data-end=\"1964\"><strong data-start=\"1937\" data-end=\"1964\">Hard-System-Technologie<\/strong><\/p>\n<\/li>\n<\/ul>\n<p data-start=\"1966\" data-end=\"2092\">sorgt f\u00fcr eine Oberfl\u00e4che, die deutlich widerstandsf\u00e4higer ist als herk\u00f6mmliche Vinylb\u00f6den und ihre Optik langfristig bewahrt.<\/p>\n<hr data-start=\"3466\" data-end=\"3469\" \/>\n<h2 data-start=\"2099\" data-end=\"2145\">Ein Boden, der so strahlt wie am ersten Tag<\/h2>\n<p data-start=\"2147\" data-end=\"2266\">Dank der geschlossenen, keramikgeh\u00e4rteten Oberfl\u00e4che bleibt LOTUS PROTECT\u2122 auch bei intensiver Nutzung dauerhaft sch\u00f6n.<\/p>\n<p data-start=\"2268\" data-end=\"2415\"><strong data-start=\"2268\" data-end=\"2283\">Der Effekt:<\/strong><br \/>\n\u2714 keine Abnutzungsspuren<br data-start=\"2308\" data-end=\"2311\" \/>\u2714 kein Eintr\u00fcben der Oberfl\u00e4che<br data-start=\"2342\" data-end=\"2345\" \/>\u2714 keine dauerhaft haftenden Flecken<br data-start=\"2380\" data-end=\"2383\" \/>\u2714 hohe Farb- und UV-Stabilit\u00e4t<\/p>\n<h2 data-start=\"2422\" data-end=\"2470\">Der Marker-Test: sichtbar bessere Performance<\/h2>\n<p data-start=\"2472\" data-end=\"2672\">Ein besonderes Merkmal von LOTUS PROTECT\u2122 ist die au\u00dfergew\u00f6hnliche Schmutzabweisung.<br data-start=\"2556\" data-end=\"2559\" \/>Selbst Textmarker lassen sich m\u00fchelos entfernen \u2013 dort, wo herk\u00f6mmliche Vinylb\u00f6den sichtbare R\u00fcckst\u00e4nde behalten.<\/p>\n<p data-start=\"2674\" data-end=\"2799\">Der Marker-Test macht die Technologie sichtbar und zeigt eindrucksvoll:<br \/>\nLOTUS PROTECT\u2122 sch\u00fctzt nicht nur \u2013 man sieht es auch.<\/p>\n<hr data-start=\"3466\" data-end=\"3469\" \/>\n<h2 data-start=\"2806\" data-end=\"2851\">Die exklusiven Vorteile von LOTUS PROTECT\u2122<\/h2>\n<h3 data-start=\"2853\" data-end=\"2894\">1. Extrem kratz- und verschlei\u00dffest<\/h3>\n<p data-start=\"2895\" data-end=\"3010\">Die keramikverst\u00e4rkte Hard-System-Technologie sch\u00fctzt zuverl\u00e4ssig vor Kratzern, Abrieb und t\u00e4glicher Beanspruchung.<\/p>\n<h3 data-start=\"3012\" data-end=\"3049\">2. Wasser- und schmutzabweisend<\/h3>\n<p data-start=\"3050\" data-end=\"3128\">Wasser, \u00d6l, Farbe, Flecken und Marker perlen ab und hinterlassen keine Spuren.<\/p>\n<h3 data-start=\"3130\" data-end=\"3165\">3. Antibakterielle Oberfl\u00e4che<\/h3>\n<p data-start=\"3166\" data-end=\"3247\">Keime k\u00f6nnen sich kaum anhaften \u2013 f\u00fcr mehr Hygiene und weniger Reinigungsaufwand.<\/p>\n<h3 data-start=\"3249\" data-end=\"3288\">4. Pflegeleicht &amp; alltagstauglich<\/h3>\n<p data-start=\"3289\" data-end=\"3351\">Einfaches Wischen gen\u00fcgt. Keine speziellen Reiniger notwendig.<\/p>\n<h3 data-start=\"3353\" data-end=\"3387\">5. Wasserfest &amp; schimmelfest<\/h3>\n<p data-start=\"3388\" data-end=\"3445\">Ideal f\u00fcr K\u00fcche, Bad, Eingangsbereiche und Objektfl\u00e4chen.<\/p>\n<h3 data-start=\"3447\" data-end=\"3471\">6. Sicher &amp; gesund<\/h3>\n<p data-start=\"3472\" data-end=\"3559\">\u2714 schwer entflammbar<br data-start=\"3492\" data-end=\"3495\" \/>\u2714 formaldehydfrei<br data-start=\"3512\" data-end=\"3515\" \/>\u2714 VOC-arm<br data-start=\"3524\" data-end=\"3527\" \/>\u2714 geeignet f\u00fcr gesundes Wohnen<\/p>\n<hr data-start=\"3466\" data-end=\"3469\" \/>\n<h2 data-start=\"3566\" data-end=\"3615\">Warum LOTUS PROTECT\u2122 einzigartig in Europa ist<\/h2>\n<p data-start=\"3617\" data-end=\"3789\">W\u00e4hrend vergleichbare Beschichtungen \u00fcberwiegend aus Asien stammen, ist LOTUS PROTECT\u2122 die\u00a0<strong data-start=\"3708\" data-end=\"3788\">einzige vollst\u00e4ndig in Europa verf\u00fcgbare UV-keramikgeh\u00e4rtete Vinyloberfl\u00e4che<\/strong>.<\/p>\n<p data-start=\"3791\" data-end=\"3883\">Im Angebot von\u00a0<strong data-start=\"3806\" data-end=\"3826\">econfloor Polska<\/strong>, erf\u00fcllt LOTUS PROTECT\u2122 besonders hohe Anforderungen an:<\/p>\n<ul data-start=\"3884\" data-end=\"3956\">\n<li data-start=\"3884\" data-end=\"3896\">\n<p data-start=\"3886\" data-end=\"3896\">Qualit\u00e4t<\/p>\n<\/li>\n<li data-start=\"3897\" data-end=\"3916\">\n<p data-start=\"3899\" data-end=\"3916\">Umweltstandards<\/p>\n<\/li>\n<li data-start=\"3917\" data-end=\"3934\">\n<p data-start=\"3919\" data-end=\"3934\">Langlebigkeit<\/p>\n<\/li>\n<li data-start=\"3935\" data-end=\"3956\">\n<p data-start=\"3937\" data-end=\"3956\">Produktsicherheit<\/p>\n<\/li>\n<\/ul>\n<p data-start=\"3958\" data-end=\"4070\">Das Ergebnis ist ein Vinylboden, der nicht nur technisch \u00fcberzeugt, sondern auch langfristig zuverl\u00e4ssig bleibt.<\/p>\n<hr data-start=\"3466\" data-end=\"3469\" \/>\n<h2 data-start=\"4077\" data-end=\"4132\">Entdecken Sie Europas fortschrittlichsten Vinylboden<\/h2>\n<p data-start=\"4134\" data-end=\"4212\">Erleben Sie, wie moderne Keramiktechnologie Ihren Boden sch\u00fctzt \u2013 Tag f\u00fcr Tag.<\/p>\n<p data-start=\"4214\" data-end=\"4258\"><strong>\u27a1\u00a0<a href=\"https:\/\/econfloorpolska.com\/de\/k\/vinylboeden\/\">Zu den Kollektionen mit LOTUS PROTECT\u2122<\/a><\/strong><\/p>\n<p data-start=\"3424\" data-end=\"3464\">\n","protected":false},"excerpt":{"rendered":"<p>&nbsp; Inspiriert von der Lotusbl\u00fcte. Entwickelt f\u00fcr h\u00f6chste Anspr\u00fcche. Die UV-geh\u00e4rtete Keramikoberfl\u00e4che von\u00a0LOTUS PROTECT\u2122\u00a0Vinylb\u00f6den\u00a0verbindet nat\u00fcrliche Vorbilder mit moderner Materialtechnologie. Jede<\/p>\n","protected":false},"author":3,"featured_media":0,"parent":0,"menu_order":0,"comment_status":"closed","ping_status":"closed","template":"","meta":{"_acf_changed":false,"footnotes":""},"class_list":["post-23350","page","type-page","status-publish","hentry"],"acf":[],"yoast_head":"<!-- This site is optimized with the Yoast SEO plugin v27.4 - https:\/\/yoast.com\/product\/yoast-seo-wordpress\/ -->\n<title>Lotus Protect f\u00fcr SPC Rigid Vinylboden - Starke Keramikoberfl\u00e4che<\/title>\n<meta name=\"description\" content=\"LOTUS PROTECT \u2013 europ\u00e4ischer SPC-Vinylboden mit UV-keramischer Beschichtung, kratzfest, wasser- und schmutzabweisend.\" \/>\n<meta name=\"robots\" content=\"index, follow, max-snippet:-1, max-image-preview:large, max-video-preview:-1\" \/>\n<link rel=\"canonical\" href=\"https:\/\/econfloorpolska.com\/de\/lotus-protect-keramik-vinylboden-2\/\" \/>\n<meta property=\"og:locale\" content=\"de_DE\" \/>\n<meta property=\"og:type\" content=\"article\" \/>\n<meta property=\"og:title\" content=\"Lotus Protect f\u00fcr SPC Rigid Vinylboden - Starke Keramikoberfl\u00e4che\" \/>\n<meta property=\"og:description\" content=\"LOTUS PROTECT \u2013 europ\u00e4ischer SPC-Vinylboden mit UV-keramischer Beschichtung, kratzfest, wasser- und schmutzabweisend.\" \/>\n<meta property=\"og:url\" content=\"https:\/\/econfloorpolska.com\/de\/lotus-protect-keramik-vinylboden-2\/\" \/>\n<meta property=\"og:site_name\" content=\"ECONFLOOR Polska Sp. z o. o.\" \/>\n<meta property=\"article:modified_time\" content=\"2025-12-17T17:20:06+00:00\" \/>\n<meta property=\"og:image\" content=\"https:\/\/econfloorpolska.com\/wp-content\/uploads\/2025\/12\/DE-2-1024x724.png\" \/>\n\t<meta property=\"og:image:width\" content=\"1024\" \/>\n\t<meta property=\"og:image:height\" content=\"724\" \/>\n\t<meta property=\"og:image:type\" content=\"image\/png\" \/>\n<meta name=\"twitter:card\" content=\"summary_large_image\" \/>\n<meta name=\"twitter:label1\" content=\"Gesch\u00e4tzte Lesezeit\" \/>\n\t<meta name=\"twitter:data1\" content=\"2\u00a0Minuten\" \/>\n<script type=\"application\/ld+json\" class=\"yoast-schema-graph\">{\"@context\":\"https:\\\/\\\/schema.org\",\"@graph\":[{\"@type\":\"WebPage\",\"@id\":\"https:\\\/\\\/econfloorpolska.com\\\/de\\\/lotus-protect-keramik-vinylboden-2\\\/\",\"url\":\"https:\\\/\\\/econfloorpolska.com\\\/de\\\/lotus-protect-keramik-vinylboden-2\\\/\",\"name\":\"Lotus Protect f\u00fcr SPC Rigid Vinylboden - Starke Keramikoberfl\u00e4che\",\"isPartOf\":{\"@id\":\"https:\\\/\\\/econfloorpolska.com\\\/de\\\/#website\"},\"primaryImageOfPage\":{\"@id\":\"https:\\\/\\\/econfloorpolska.com\\\/de\\\/lotus-protect-keramik-vinylboden-2\\\/#primaryimage\"},\"image\":{\"@id\":\"https:\\\/\\\/econfloorpolska.com\\\/de\\\/lotus-protect-keramik-vinylboden-2\\\/#primaryimage\"},\"thumbnailUrl\":\"https:\\\/\\\/econfloorpolska.com\\\/wp-content\\\/uploads\\\/2025\\\/12\\\/DE-2-300x212.png\",\"datePublished\":\"2025-12-17T15:31:58+00:00\",\"dateModified\":\"2025-12-17T17:20:06+00:00\",\"description\":\"LOTUS PROTECT \u2013 europ\u00e4ischer SPC-Vinylboden mit UV-keramischer Beschichtung, kratzfest, wasser- und schmutzabweisend.\",\"breadcrumb\":{\"@id\":\"https:\\\/\\\/econfloorpolska.com\\\/de\\\/lotus-protect-keramik-vinylboden-2\\\/#breadcrumb\"},\"inLanguage\":\"de\",\"potentialAction\":[{\"@type\":\"ReadAction\",\"target\":[\"https:\\\/\\\/econfloorpolska.com\\\/de\\\/lotus-protect-keramik-vinylboden-2\\\/\"]}]},{\"@type\":\"ImageObject\",\"inLanguage\":\"de\",\"@id\":\"https:\\\/\\\/econfloorpolska.com\\\/de\\\/lotus-protect-keramik-vinylboden-2\\\/#primaryimage\",\"url\":\"https:\\\/\\\/econfloorpolska.com\\\/wp-content\\\/uploads\\\/2025\\\/12\\\/DE-2-300x212.png\",\"contentUrl\":\"https:\\\/\\\/econfloorpolska.com\\\/wp-content\\\/uploads\\\/2025\\\/12\\\/DE-2-300x212.png\"},{\"@type\":\"BreadcrumbList\",\"@id\":\"https:\\\/\\\/econfloorpolska.com\\\/de\\\/lotus-protect-keramik-vinylboden-2\\\/#breadcrumb\",\"itemListElement\":[{\"@type\":\"ListItem\",\"position\":1,\"name\":\"EconFloor\",\"item\":\"https:\\\/\\\/econfloorpolska.com\\\/de\\\/\"},{\"@type\":\"ListItem\",\"position\":2,\"name\":\"LOTUS PROTECT TECHNOLOGIE F\u00dcR SPC RIGID VINYLB\u00d6DEN\"}]},{\"@type\":\"WebSite\",\"@id\":\"https:\\\/\\\/econfloorpolska.com\\\/de\\\/#website\",\"url\":\"https:\\\/\\\/econfloorpolska.com\\\/de\\\/\",\"name\":\"EconFloor Polska\",\"description\":\"\",\"publisher\":{\"@id\":\"https:\\\/\\\/econfloorpolska.com\\\/de\\\/#organization\"},\"potentialAction\":[{\"@type\":\"SearchAction\",\"target\":{\"@type\":\"EntryPoint\",\"urlTemplate\":\"https:\\\/\\\/econfloorpolska.com\\\/de\\\/?s={search_term_string}\"},\"query-input\":{\"@type\":\"PropertyValueSpecification\",\"valueRequired\":true,\"valueName\":\"search_term_string\"}}],\"inLanguage\":\"de\"},{\"@type\":\"Organization\",\"@id\":\"https:\\\/\\\/econfloorpolska.com\\\/de\\\/#organization\",\"name\":\"EconFloor Polska\",\"url\":\"https:\\\/\\\/econfloorpolska.com\\\/de\\\/\",\"logo\":{\"@type\":\"ImageObject\",\"inLanguage\":\"de\",\"@id\":\"https:\\\/\\\/econfloorpolska.com\\\/de\\\/#\\\/schema\\\/logo\\\/image\\\/\",\"url\":\"https:\\\/\\\/econfloorpolska.com\\\/wp-content\\\/uploads\\\/2023\\\/11\\\/logo-color_03.png\",\"contentUrl\":\"https:\\\/\\\/econfloorpolska.com\\\/wp-content\\\/uploads\\\/2023\\\/11\\\/logo-color_03.png\",\"width\":254,\"height\":58,\"caption\":\"EconFloor Polska\"},\"image\":{\"@id\":\"https:\\\/\\\/econfloorpolska.com\\\/de\\\/#\\\/schema\\\/logo\\\/image\\\/\"}}]}<\/script>\n<!-- \/ Yoast SEO plugin. -->","yoast_head_json":{"title":"Lotus Protect f\u00fcr SPC Rigid Vinylboden - Starke Keramikoberfl\u00e4che","description":"LOTUS PROTECT \u2013 europ\u00e4ischer SPC-Vinylboden mit UV-keramischer Beschichtung, kratzfest, wasser- und schmutzabweisend.","robots":{"index":"index","follow":"follow","max-snippet":"max-snippet:-1","max-image-preview":"max-image-preview:large","max-video-preview":"max-video-preview:-1"},"canonical":"https:\/\/econfloorpolska.com\/de\/lotus-protect-keramik-vinylboden-2\/","og_locale":"de_DE","og_type":"article","og_title":"Lotus Protect f\u00fcr SPC Rigid Vinylboden - Starke Keramikoberfl\u00e4che","og_description":"LOTUS PROTECT \u2013 europ\u00e4ischer SPC-Vinylboden mit UV-keramischer Beschichtung, kratzfest, wasser- und schmutzabweisend.","og_url":"https:\/\/econfloorpolska.com\/de\/lotus-protect-keramik-vinylboden-2\/","og_site_name":"ECONFLOOR Polska Sp. z o. o.","article_modified_time":"2025-12-17T17:20:06+00:00","og_image":[{"width":1024,"height":724,"url":"https:\/\/econfloorpolska.com\/wp-content\/uploads\/2025\/12\/DE-2-1024x724.png","type":"image\/png"}],"twitter_card":"summary_large_image","twitter_misc":{"Gesch\u00e4tzte Lesezeit":"2\u00a0Minuten"},"schema":{"@context":"https:\/\/schema.org","@graph":[{"@type":"WebPage","@id":"https:\/\/econfloorpolska.com\/de\/lotus-protect-keramik-vinylboden-2\/","url":"https:\/\/econfloorpolska.com\/de\/lotus-protect-keramik-vinylboden-2\/","name":"Lotus Protect f\u00fcr SPC Rigid Vinylboden - Starke Keramikoberfl\u00e4che","isPartOf":{"@id":"https:\/\/econfloorpolska.com\/de\/#website"},"primaryImageOfPage":{"@id":"https:\/\/econfloorpolska.com\/de\/lotus-protect-keramik-vinylboden-2\/#primaryimage"},"image":{"@id":"https:\/\/econfloorpolska.com\/de\/lotus-protect-keramik-vinylboden-2\/#primaryimage"},"thumbnailUrl":"https:\/\/econfloorpolska.com\/wp-content\/uploads\/2025\/12\/DE-2-300x212.png","datePublished":"2025-12-17T15:31:58+00:00","dateModified":"2025-12-17T17:20:06+00:00","description":"LOTUS PROTECT \u2013 europ\u00e4ischer SPC-Vinylboden mit UV-keramischer Beschichtung, kratzfest, wasser- und schmutzabweisend.","breadcrumb":{"@id":"https:\/\/econfloorpolska.com\/de\/lotus-protect-keramik-vinylboden-2\/#breadcrumb"},"inLanguage":"de","potentialAction":[{"@type":"ReadAction","target":["https:\/\/econfloorpolska.com\/de\/lotus-protect-keramik-vinylboden-2\/"]}]},{"@type":"ImageObject","inLanguage":"de","@id":"https:\/\/econfloorpolska.com\/de\/lotus-protect-keramik-vinylboden-2\/#primaryimage","url":"https:\/\/econfloorpolska.com\/wp-content\/uploads\/2025\/12\/DE-2-300x212.png","contentUrl":"https:\/\/econfloorpolska.com\/wp-content\/uploads\/2025\/12\/DE-2-300x212.png"},{"@type":"BreadcrumbList","@id":"https:\/\/econfloorpolska.com\/de\/lotus-protect-keramik-vinylboden-2\/#breadcrumb","itemListElement":[{"@type":"ListItem","position":1,"name":"EconFloor","item":"https:\/\/econfloorpolska.com\/de\/"},{"@type":"ListItem","position":2,"name":"LOTUS PROTECT TECHNOLOGIE F\u00dcR SPC RIGID VINYLB\u00d6DEN"}]},{"@type":"WebSite","@id":"https:\/\/econfloorpolska.com\/de\/#website","url":"https:\/\/econfloorpolska.com\/de\/","name":"EconFloor Polska","description":"","publisher":{"@id":"https:\/\/econfloorpolska.com\/de\/#organization"},"potentialAction":[{"@type":"SearchAction","target":{"@type":"EntryPoint","urlTemplate":"https:\/\/econfloorpolska.com\/de\/?s={search_term_string}"},"query-input":{"@type":"PropertyValueSpecification","valueRequired":true,"valueName":"search_term_string"}}],"inLanguage":"de"},{"@type":"Organization","@id":"https:\/\/econfloorpolska.com\/de\/#organization","name":"EconFloor Polska","url":"https:\/\/econfloorpolska.com\/de\/","logo":{"@type":"ImageObject","inLanguage":"de","@id":"https:\/\/econfloorpolska.com\/de\/#\/schema\/logo\/image\/","url":"https:\/\/econfloorpolska.com\/wp-content\/uploads\/2023\/11\/logo-color_03.png","contentUrl":"https:\/\/econfloorpolska.com\/wp-content\/uploads\/2023\/11\/logo-color_03.png","width":254,"height":58,"caption":"EconFloor Polska"},"image":{"@id":"https:\/\/econfloorpolska.com\/de\/#\/schema\/logo\/image\/"}}]}},"_links":{"self":[{"href":"https:\/\/econfloorpolska.com\/de\/wp-json\/wp\/v2\/pages\/23350","targetHints":{"allow":["GET"]}}],"collection":[{"href":"https:\/\/econfloorpolska.com\/de\/wp-json\/wp\/v2\/pages"}],"about":[{"href":"https:\/\/econfloorpolska.com\/de\/wp-json\/wp\/v2\/types\/page"}],"author":[{"embeddable":true,"href":"https:\/\/econfloorpolska.com\/de\/wp-json\/wp\/v2\/users\/3"}],"replies":[{"embeddable":true,"href":"https:\/\/econfloorpolska.com\/de\/wp-json\/wp\/v2\/comments?post=23350"}],"version-history":[{"count":3,"href":"https:\/\/econfloorpolska.com\/de\/wp-json\/wp\/v2\/pages\/23350\/revisions"}],"predecessor-version":[{"id":23374,"href":"https:\/\/econfloorpolska.com\/de\/wp-json\/wp\/v2\/pages\/23350\/revisions\/23374"}],"wp:attachment":[{"href":"https:\/\/econfloorpolska.com\/de\/wp-json\/wp\/v2\/media?parent=23350"}],"curies":[{"name":"wp","href":"https:\/\/api.w.org\/{rel}","templated":true}]}}